{"id":39701,"date":"2025-12-18T20:08:20","date_gmt":"2025-12-18T19:08:20","guid":{"rendered":"https:\/\/karwork.eu\/?post_type=product&#038;p=39701"},"modified":"2025-12-18T20:20:49","modified_gmt":"2025-12-18T19:20:49","slug":"buckets-prisma-x-in4mation-tsp-nrg-innovations","status":"publish","type":"product","link":"https:\/\/karwork.eu\/pt\/product\/buckets-prisma-x-in4mation-tsp-nrg-innovations\/","title":{"rendered":"Buckets Prisma x IN4MATION TSP &#8211; NRG Innovations"},"content":{"rendered":"","protected":false},"excerpt":{"rendered":"<p>Buckets Prisma x IN4MATION TSP &#8211;\u00a0Sakura Tiger Print Edition con respaldo perlado en material vegano, bolsillos delanteros y soportes laterales. (Grande).<\/p>\n<p style=\"font-weight: 400;\">El asiento de competici\u00f3n In4mation x NRG Innovations ofrece un estilo, comodidad e innovaci\u00f3n inigualables. Las especificaciones incluyen compatibilidad con arn\u00e9s de 5 puntos, doble capa de FRP y respaldo personalizado de escamas de color mezclado. Envuelta en un acabado satinado vegano y aislada con espuma de densidad mixta seleccionada a mano, con dos bolsillos de almacenamiento situados en los cojines delanteros. Disponible bajo pedido.<\/p>\n<ul style=\"font-weight: 400;\">\n<li><b><strong>Soporte central universal incluido<\/strong><\/b><\/li>\n<li><b><strong>In4mation Sakura Tiger Print<\/strong><\/b><\/li>\n<li data-mce-fragm=\"\"><b><strong>Acabado vegano de microfibra<\/strong><\/b><\/li>\n<li><b><strong>Mezcla de FRP Pintura con brillo<\/strong><\/b><\/li>\n<li><b><strong>Coj\u00edn de bolsillo para el m\u00f3vil<\/strong><\/b><\/li>\n<\/ul>\n<p>&nbsp;<\/p>\n<p><strong>Os produtos NRG Innovations destinam-se apenas ao uso fora da rua.<\/strong><\/p>","protected":false},"featured_media":39704,"comment_status":"open","ping_status":"closed","template":"","meta":{"_acf_changed":false,"rank_math_lock_modified_date":false},"pwb-brand":[611],"product_cat":[3242,3517],"product_tag":[683,3732,623],"class_list":{"0":"post-39701","1":"product","2":"type-product","3":"status-publish","4":"has-post-thumbnail","6":"pwb-brand-nrg-innovations","7":"product_cat-estampado","8":"product_cat-novedades","9":"product_tag-buckets","10":"product_tag-buckets-prisma-wave-nrg-innovations","11":"product_tag-nrg-innovations","12":"product_shipping_class-pesados","14":"first","15":"outofstock","16":"taxable","17":"shipping-taxable","18":"purchasable","19":"product-type-simple"},"acf":[],"brands":[{"id":611,"name":"NRG Innovations","slug":"nrg-innovations"}],"_links":{"self":[{"href":"https:\/\/karwork.eu\/pt\/wp-json\/wp\/v2\/product\/39701","targetHints":{"allow":["GET"]}}],"collection":[{"href":"https:\/\/karwork.eu\/pt\/wp-json\/wp\/v2\/product"}],"about":[{"href":"https:\/\/karwork.eu\/pt\/wp-json\/wp\/v2\/types\/product"}],"replies":[{"embeddable":true,"href":"https:\/\/karwork.eu\/pt\/wp-json\/wp\/v2\/comments?post=39701"}],"wp:featuredmedia":[{"embeddable":true,"href":"https:\/\/karwork.eu\/pt\/wp-json\/wp\/v2\/media\/39704"}],"wp:attachment":[{"href":"https:\/\/karwork.eu\/pt\/wp-json\/wp\/v2\/media?parent=39701"}],"wp:term":[{"taxonomy":"pwb-brand","embeddable":true,"href":"https:\/\/karwork.eu\/pt\/wp-json\/wp\/v2\/pwb-brand?post=39701"},{"taxonomy":"product_cat","embeddable":true,"href":"https:\/\/karwork.eu\/pt\/wp-json\/wp\/v2\/product_cat?post=39701"},{"taxonomy":"product_tag","embeddable":true,"href":"https:\/\/karwork.eu\/pt\/wp-json\/wp\/v2\/product_tag?post=39701"}],"curies":[{"name":"wp","href":"https:\/\/api.w.org\/{rel}","templated":true}]}}