{"id":39639,"date":"2025-12-15T12:56:41","date_gmt":"2025-12-15T11:56:41","guid":{"rendered":"https:\/\/karwork.eu\/?post_type=product&#038;p=39639"},"modified":"2026-02-17T20:12:35","modified_gmt":"2026-02-17T19:12:35","slug":"driftkit-d-010-59o-north-wheels-3","status":"publish","type":"product","link":"https:\/\/karwork.eu\/pt\/product\/driftkit-d-010-59o-north-wheels-3\/","title":{"rendered":"DRIFTKIT D-010 &#8211; 59\u00ba North Wheels"},"content":{"rendered":"","protected":false},"excerpt":{"rendered":"<p>El set DRIFTKIT D-010 compuesto por 2 llantas delanteras y 8 traseras, est\u00e1 pensado para pilotos de drift puedan ir preparados al circuito sin la necesidad de tener que preocuparse de cambios de neum\u00e1ticos.\u00a0 Con la compra de este set, a su vez, los pilotos podr\u00e1n gozar de un precio m\u00e1s econ\u00f3mico, al alcance de todos los bolsillos.<\/p>","protected":false},"featured_media":28394,"comment_status":"open","ping_status":"closed","template":"","meta":{"_acf_changed":false,"rank_math_lock_modified_date":false},"pwb-brand":[222],"product_cat":[524],"product_tag":[3516,1122,1127,2254,1123,3515,1124,885,2255,1126],"class_list":{"0":"post-39639","1":"product","2":"type-product","3":"status-publish","4":"has-post-thumbnail","6":"pwb-brand-59-north-wheels","7":"product_cat-driftkit","8":"product_tag-3516","9":"product_tag-59northwheels","10":"product_tag-59nw","11":"product_tag-59o-north-wheels","12":"product_tag-59onorthwheels","13":"product_tag-d-010","14":"product_tag-driftkit","15":"product_tag-llantas","16":"product_tag-northwheels","17":"product_tag-wheels","19":"first","20":"instock","21":"taxable","22":"shipping-taxable","23":"purchasable","24":"product-type-simple"},"acf":[],"brands":[{"id":222,"name":"59\u00ba North Wheels","slug":"59-north-wheels"}],"_links":{"self":[{"href":"https:\/\/karwork.eu\/pt\/wp-json\/wp\/v2\/product\/39639","targetHints":{"allow":["GET"]}}],"collection":[{"href":"https:\/\/karwork.eu\/pt\/wp-json\/wp\/v2\/product"}],"about":[{"href":"https:\/\/karwork.eu\/pt\/wp-json\/wp\/v2\/types\/product"}],"replies":[{"embeddable":true,"href":"https:\/\/karwork.eu\/pt\/wp-json\/wp\/v2\/comments?post=39639"}],"wp:featuredmedia":[{"embeddable":true,"href":"https:\/\/karwork.eu\/pt\/wp-json\/wp\/v2\/media\/28394"}],"wp:attachment":[{"href":"https:\/\/karwork.eu\/pt\/wp-json\/wp\/v2\/media?parent=39639"}],"wp:term":[{"taxonomy":"pwb-brand","embeddable":true,"href":"https:\/\/karwork.eu\/pt\/wp-json\/wp\/v2\/pwb-brand?post=39639"},{"taxonomy":"product_cat","embeddable":true,"href":"https:\/\/karwork.eu\/pt\/wp-json\/wp\/v2\/product_cat?post=39639"},{"taxonomy":"product_tag","embeddable":true,"href":"https:\/\/karwork.eu\/pt\/wp-json\/wp\/v2\/product_tag?post=39639"}],"curies":[{"name":"wp","href":"https:\/\/api.w.org\/{rel}","templated":true}]}}