{"id":39585,"date":"2025-12-14T16:30:50","date_gmt":"2025-12-14T15:30:50","guid":{"rendered":"https:\/\/karwork.eu\/?post_type=product&#038;p=39585"},"modified":"2025-12-14T16:55:55","modified_gmt":"2025-12-14T15:55:55","slug":"buckets-mamba-prisma-racing-seat-nrg-innovations","status":"publish","type":"product","link":"https:\/\/karwork.eu\/pt\/product\/buckets-mamba-prisma-racing-seat-nrg-innovations\/","title":{"rendered":"Mamba Prisma Racing Seat &#8211; NRG Innovations"},"content":{"rendered":"<p>&nbsp;<\/p>\n<p>&nbsp;<\/p>","protected":false},"excerpt":{"rendered":"<p>Mamba Prisma Racing Seat &#8211; NRG Innovations<\/p>\n<p>Inspirados en la naturaleza intuitiva e inteligente del A\u00f1o de la Serpiente, hemos lanzado un asiento de carreras pionero en su tipo. Envuelta en lujosa Alc\u00e1ntara y aislada con espuma de densidad mixta seleccionada a mano, tambi\u00e9n incluye dos bolsillos delanteros para el asiento de almacenamiento, ofreciendo un equilibrio entre utilidad y soporte como ning\u00fan otro asiento de competici\u00f3n.<\/p>\n<p>Con su logo de serpiente bordado a medida en el frontal, a\u00f1adimos un patr\u00f3n sint\u00e9tico de serpiente en el lateral y en los bastidores. Remata con el patr\u00f3n dorado de piel de serpiente con purpurina en la parte trasera de fibra de vidrio, dando a los conductores un toque donde el instinto se encuentra con el rendimiento.<\/p>\n<ul>\n<li><strong>Soporte central universal incluido<\/strong><\/li>\n<li data-mce-fragm=\"\"><strong>Reforzado con acabado vegano de microfibra \/ Patr\u00f3n sint\u00e9tico de serpiente<\/strong><\/li>\n<li><strong>Parte trasera de FRP con patr\u00f3n dorado de serpiente brillante<\/strong><\/li>\n<li><strong>Coj\u00edn de bolsillo para el m\u00f3vil<\/strong><\/li>\n<\/ul>\n<p><strong>Os produtos NRG Innovations destinam-se apenas ao uso fora da rua.<\/strong><\/p>","protected":false},"featured_media":39594,"comment_status":"open","ping_status":"closed","template":"","meta":{"_acf_changed":false,"rank_math_lock_modified_date":false},"pwb-brand":[611],"product_cat":[2230,3517],"product_tag":[3248,4120,623],"class_list":{"0":"post-39585","1":"product","2":"type-product","3":"status-publish","4":"has-post-thumbnail","6":"pwb-brand-nrg-innovations","7":"product_cat-alcantara-asientos","8":"product_cat-novedades","9":"product_tag-buckets-prisma-ultra","10":"product_tag-mamba-prisma-racing-seat","11":"product_tag-nrg-innovations","12":"product_shipping_class-pesados","14":"first","15":"instock","16":"taxable","17":"shipping-taxable","18":"purchasable","19":"product-type-variable"},"acf":[],"brands":[{"id":611,"name":"NRG Innovations","slug":"nrg-innovations"}],"_links":{"self":[{"href":"https:\/\/karwork.eu\/pt\/wp-json\/wp\/v2\/product\/39585","targetHints":{"allow":["GET"]}}],"collection":[{"href":"https:\/\/karwork.eu\/pt\/wp-json\/wp\/v2\/product"}],"about":[{"href":"https:\/\/karwork.eu\/pt\/wp-json\/wp\/v2\/types\/product"}],"replies":[{"embeddable":true,"href":"https:\/\/karwork.eu\/pt\/wp-json\/wp\/v2\/comments?post=39585"}],"wp:featuredmedia":[{"embeddable":true,"href":"https:\/\/karwork.eu\/pt\/wp-json\/wp\/v2\/media\/39594"}],"wp:attachment":[{"href":"https:\/\/karwork.eu\/pt\/wp-json\/wp\/v2\/media?parent=39585"}],"wp:term":[{"taxonomy":"pwb-brand","embeddable":true,"href":"https:\/\/karwork.eu\/pt\/wp-json\/wp\/v2\/pwb-brand?post=39585"},{"taxonomy":"product_cat","embeddable":true,"href":"https:\/\/karwork.eu\/pt\/wp-json\/wp\/v2\/product_cat?post=39585"},{"taxonomy":"product_tag","embeddable":true,"href":"https:\/\/karwork.eu\/pt\/wp-json\/wp\/v2\/product_tag?post=39585"}],"curies":[{"name":"wp","href":"https:\/\/api.w.org\/{rel}","templated":true}]}}