{"id":39558,"date":"2025-12-14T14:04:42","date_gmt":"2025-12-14T13:04:42","guid":{"rendered":"https:\/\/karwork.eu\/?post_type=product&#038;p=39558"},"modified":"2025-12-14T16:54:22","modified_gmt":"2025-12-14T15:54:22","slug":"prisma-st-moonlight-legends-nrg-innovations-3","status":"publish","type":"product","link":"https:\/\/karwork.eu\/pt\/product\/prisma-st-moonlight-legends-nrg-innovations-3\/","title":{"rendered":"Prima ST Moonlight Legends &#8211; NRG Innovations"},"content":{"rendered":"","protected":false},"excerpt":{"rendered":"<p>Prima ST Moonlight Legends<\/p>\n<p>Con alma de Old School. Con el confort del New School.<\/p>\n<p class=\"\" data-start=\"144\" data-end=\"389\">Conoce la ST Line, el \u00faltimo drop creado para quienes la mantienen la est\u00e9tica original. Con un chasis m\u00e1s ancho y sin reposacabezas, este asiento fue dise\u00f1ado para coches que dominaron las calles desde los a\u00f1os 60 hasta los 80. Los cojines en los hombros, los recortes para los cinturones de cintur\u00f3n y los ojales de aluminio negro aportan ese aire retro.<\/p>\n<ul>\n<li data-start=\"144\" data-end=\"389\"><strong>Fibra de vidrio<\/strong><\/li>\n<li data-start=\"144\" data-end=\"389\"><strong>Opci\u00f3n de cintur\u00f3n de 2 puntos<\/strong><\/li>\n<li data-start=\"144\" data-end=\"389\"><strong>ojales negros para un aspecto retro<\/strong><\/li>\n<li data-start=\"144\" data-end=\"389\"><strong>12 kgs<\/strong><\/li>\n<li data-start=\"144\" data-end=\"389\"><strong>Bases lateral o inferior<\/strong><\/li>\n<\/ul>\n<p><strong>Os produtos NRG Innovations destinam-se apenas ao uso fora da rua.<\/strong><\/p>","protected":false},"featured_media":39569,"comment_status":"open","ping_status":"closed","template":"","meta":{"_acf_changed":false,"rank_math_lock_modified_date":false},"pwb-brand":[611],"product_cat":[2792,3517],"product_tag":[623,4117,4121,4115,4114],"class_list":{"0":"post-39558","1":"product","2":"type-product","3":"status-publish","4":"has-post-thumbnail","6":"pwb-brand-nrg-innovations","7":"product_cat-retro","8":"product_cat-novedades","9":"product_tag-nrg-innovations","10":"product_tag-pri-100gybk-st","11":"product_tag-prima-st-moonlight-legends","12":"product_tag-prisma","13":"product_tag-prisma-st-moonlight-legends","15":"first","16":"instock","17":"taxable","18":"shipping-taxable","19":"purchasable","20":"product-type-simple"},"acf":[],"brands":[{"id":611,"name":"NRG Innovations","slug":"nrg-innovations"}],"_links":{"self":[{"href":"https:\/\/karwork.eu\/pt\/wp-json\/wp\/v2\/product\/39558","targetHints":{"allow":["GET"]}}],"collection":[{"href":"https:\/\/karwork.eu\/pt\/wp-json\/wp\/v2\/product"}],"about":[{"href":"https:\/\/karwork.eu\/pt\/wp-json\/wp\/v2\/types\/product"}],"replies":[{"embeddable":true,"href":"https:\/\/karwork.eu\/pt\/wp-json\/wp\/v2\/comments?post=39558"}],"wp:featuredmedia":[{"embeddable":true,"href":"https:\/\/karwork.eu\/pt\/wp-json\/wp\/v2\/media\/39569"}],"wp:attachment":[{"href":"https:\/\/karwork.eu\/pt\/wp-json\/wp\/v2\/media?parent=39558"}],"wp:term":[{"taxonomy":"pwb-brand","embeddable":true,"href":"https:\/\/karwork.eu\/pt\/wp-json\/wp\/v2\/pwb-brand?post=39558"},{"taxonomy":"product_cat","embeddable":true,"href":"https:\/\/karwork.eu\/pt\/wp-json\/wp\/v2\/product_cat?post=39558"},{"taxonomy":"product_tag","embeddable":true,"href":"https:\/\/karwork.eu\/pt\/wp-json\/wp\/v2\/product_tag?post=39558"}],"curies":[{"name":"wp","href":"https:\/\/api.w.org\/{rel}","templated":true}]}}