{"id":32690,"date":"2025-06-07T15:28:35","date_gmt":"2025-06-07T14:28:35","guid":{"rendered":"https:\/\/karwork.eu\/product\/astro-k15w-kansei-wheels\/"},"modified":"2025-08-22T18:19:15","modified_gmt":"2025-08-22T17:19:15","slug":"astro-k15w-kansei-wheels","status":"publish","type":"product","link":"https:\/\/karwork.eu\/pt\/product\/astro-k15w-kansei-wheels\/","title":{"rendered":"ASTRO K15W &#8211; KANSEI WHEELS"},"content":{"rendered":"","protected":false},"excerpt":{"rendered":"<p>ASTRO K15W &#8211; KANSEI WHEELS<\/p>\n<p>\u00a1\u00daltima adici\u00f3n a nuestra popular serie ultra c\u00f3ncava! El ASTRO ha aterrizado y ofrece un gran dise\u00f1o de 5 radios divididos con bordes masivamente suaves y caracter\u00edsticas profundas en el \u00e1rea de las orejetas<\/p>","protected":false},"featured_media":32563,"comment_status":"closed","ping_status":"closed","template":"","meta":{"_acf_changed":false,"rank_math_lock_modified_date":false},"pwb-brand":[3741],"product_cat":[2258],"product_tag":[3742,3743],"class_list":{"0":"post-32690","1":"product","2":"type-product","3":"status-publish","4":"has-post-thumbnail","6":"pwb-brand-kansei","7":"product_cat-llantas-coche","8":"product_tag-kansei-wheels","9":"product_tag-llantas-kansei","11":"first","12":"instock","13":"taxable","14":"shipping-taxable","15":"purchasable","16":"product-type-variable"},"acf":[],"brands":[{"id":3741,"name":"Kansei","slug":"kansei"}],"_links":{"self":[{"href":"https:\/\/karwork.eu\/pt\/wp-json\/wp\/v2\/product\/32690","targetHints":{"allow":["GET"]}}],"collection":[{"href":"https:\/\/karwork.eu\/pt\/wp-json\/wp\/v2\/product"}],"about":[{"href":"https:\/\/karwork.eu\/pt\/wp-json\/wp\/v2\/types\/product"}],"replies":[{"embeddable":true,"href":"https:\/\/karwork.eu\/pt\/wp-json\/wp\/v2\/comments?post=32690"}],"wp:featuredmedia":[{"embeddable":true,"href":"https:\/\/karwork.eu\/pt\/wp-json\/wp\/v2\/media\/32563"}],"wp:attachment":[{"href":"https:\/\/karwork.eu\/pt\/wp-json\/wp\/v2\/media?parent=32690"}],"wp:term":[{"taxonomy":"pwb-brand","embeddable":true,"href":"https:\/\/karwork.eu\/pt\/wp-json\/wp\/v2\/pwb-brand?post=32690"},{"taxonomy":"product_cat","embeddable":true,"href":"https:\/\/karwork.eu\/pt\/wp-json\/wp\/v2\/product_cat?post=32690"},{"taxonomy":"product_tag","embeddable":true,"href":"https:\/\/karwork.eu\/pt\/wp-json\/wp\/v2\/product_tag?post=32690"}],"curies":[{"name":"wp","href":"https:\/\/api.w.org\/{rel}","templated":true}]}}