{"id":32282,"date":"2024-09-09T17:29:48","date_gmt":"2024-09-09T17:29:48","guid":{"rendered":"https:\/\/karwork.eu\/?post_type=product&#038;p=32282"},"modified":"2025-04-13T17:29:17","modified_gmt":"2025-04-13T16:29:17","slug":"buckets-chromatic-mauve-nrg-innovations","status":"publish","type":"product","link":"https:\/\/karwork.eu\/pt\/product\/buckets-chromatic-mauve-nrg-innovations\/","title":{"rendered":"Buckets Chromatic Mauve &#8211; NRG Innovations"},"content":{"rendered":"","protected":false},"excerpt":{"rendered":"<p>Buckets Chromatic Mauve &#8211; Nuevo modelo de buckets en colores pastel, mauve, y ribetes en gamuza perforada, el respaldo del asiento en FRP se transforma en un colorido cromado camale\u00f3n. Esta l\u00ednea crom\u00e1tica a\u00f1ade car\u00e1cter, haciendo que subirse al coche sea \u00fanico y personal<strong>. <\/strong>Dise\u00f1ado para arneses de hasta 6 puntos y bolsillos para smarthphone. Disponible bajo pedido.<\/p>\n<p><strong>Os produtos NRG Innovations destinam-se apenas ao uso fora da rua.<\/strong><\/p>\n<h6>*Productos originales NRG Innovations.<\/h6>","protected":false},"featured_media":32250,"comment_status":"open","ping_status":"closed","template":"","meta":{"_acf_changed":false,"rank_math_lock_modified_date":false},"pwb-brand":[611],"product_cat":[2230],"product_tag":[683,3711,3712,3713,623],"class_list":{"0":"post-32282","1":"product","2":"type-product","3":"status-publish","4":"has-post-thumbnail","6":"pwb-brand-nrg-innovations","7":"product_cat-alcantara-asientos","8":"product_tag-buckets","9":"product_tag-buckets-chromatic-mauve","10":"product_tag-frp-302muv-chrmtc","11":"product_tag-frp-303muv-chrmtc","12":"product_tag-nrg-innovations","13":"product_shipping_class-pesados","15":"first","16":"instock","17":"taxable","18":"shipping-taxable","19":"purchasable","20":"product-type-variable"},"acf":[],"brands":[{"id":611,"name":"NRG Innovations","slug":"nrg-innovations"}],"_links":{"self":[{"href":"https:\/\/karwork.eu\/pt\/wp-json\/wp\/v2\/product\/32282","targetHints":{"allow":["GET"]}}],"collection":[{"href":"https:\/\/karwork.eu\/pt\/wp-json\/wp\/v2\/product"}],"about":[{"href":"https:\/\/karwork.eu\/pt\/wp-json\/wp\/v2\/types\/product"}],"replies":[{"embeddable":true,"href":"https:\/\/karwork.eu\/pt\/wp-json\/wp\/v2\/comments?post=32282"}],"wp:featuredmedia":[{"embeddable":true,"href":"https:\/\/karwork.eu\/pt\/wp-json\/wp\/v2\/media\/32250"}],"wp:attachment":[{"href":"https:\/\/karwork.eu\/pt\/wp-json\/wp\/v2\/media?parent=32282"}],"wp:term":[{"taxonomy":"pwb-brand","embeddable":true,"href":"https:\/\/karwork.eu\/pt\/wp-json\/wp\/v2\/pwb-brand?post=32282"},{"taxonomy":"product_cat","embeddable":true,"href":"https:\/\/karwork.eu\/pt\/wp-json\/wp\/v2\/product_cat?post=32282"},{"taxonomy":"product_tag","embeddable":true,"href":"https:\/\/karwork.eu\/pt\/wp-json\/wp\/v2\/product_tag?post=32282"}],"curies":[{"name":"wp","href":"https:\/\/api.w.org\/{rel}","templated":true}]}}