{"id":32276,"date":"2024-09-09T16:47:31","date_gmt":"2024-09-09T16:47:31","guid":{"rendered":"https:\/\/karwork.eu\/?post_type=product&#038;p=32276"},"modified":"2024-10-15T17:44:22","modified_gmt":"2024-10-15T17:44:22","slug":"buckets-chromatic-royal-blue-nrg-innovations","status":"publish","type":"product","link":"https:\/\/karwork.eu\/pt\/product\/buckets-chromatic-royal-blue-nrg-innovations\/","title":{"rendered":"Buckets Chromatic Royal Blue &#8211; NRG Innovations"},"content":{"rendered":"","protected":false},"excerpt":{"rendered":"<p>Buckets Chromatic Royal Blue &#8211; Nuevo modelo de buckets en colores pastel, royal blue, y ribetes en gamuza perforada, el respaldo del asiento en FRP se transforma en un colorido cromado camale\u00f3n. Esta l\u00ednea crom\u00e1tica a\u00f1ade car\u00e1cter, haciendo que subirse al coche sea \u00fanico y personal<strong>. <\/strong>Dise\u00f1ado para arneses de hasta 6 puntos y bolsillos para smarthphone. Disponible bajo pedido.<\/p>\n<p><strong>Os produtos NRG Innovations destinam-se apenas ao uso fora da rua.<\/strong><\/p>\n<h6>*Productos originales NRG Innovations.<\/h6>","protected":false},"featured_media":32273,"comment_status":"open","ping_status":"closed","template":"","meta":{"_acf_changed":false,"rank_math_lock_modified_date":false},"pwb-brand":[611],"product_cat":[2230,3517],"product_tag":[683,3707,3705,3706,623],"class_list":{"0":"post-32276","1":"product","2":"type-product","3":"status-publish","4":"has-post-thumbnail","6":"pwb-brand-nrg-innovations","7":"product_cat-alcantara-asientos","8":"product_cat-novedades","9":"product_tag-buckets","10":"product_tag-buckets-chromatic-royal-blue","11":"product_tag-frp-302rbl-chrmtc","12":"product_tag-frp-303rbl-chrmtc","13":"product_tag-nrg-innovations","14":"product_shipping_class-pesados","16":"first","17":"instock","18":"taxable","19":"shipping-taxable","20":"purchasable","21":"product-type-variable"},"acf":[],"brands":[{"id":611,"name":"NRG Innovations","slug":"nrg-innovations"}],"_links":{"self":[{"href":"https:\/\/karwork.eu\/pt\/wp-json\/wp\/v2\/product\/32276","targetHints":{"allow":["GET"]}}],"collection":[{"href":"https:\/\/karwork.eu\/pt\/wp-json\/wp\/v2\/product"}],"about":[{"href":"https:\/\/karwork.eu\/pt\/wp-json\/wp\/v2\/types\/product"}],"replies":[{"embeddable":true,"href":"https:\/\/karwork.eu\/pt\/wp-json\/wp\/v2\/comments?post=32276"}],"wp:featuredmedia":[{"embeddable":true,"href":"https:\/\/karwork.eu\/pt\/wp-json\/wp\/v2\/media\/32273"}],"wp:attachment":[{"href":"https:\/\/karwork.eu\/pt\/wp-json\/wp\/v2\/media?parent=32276"}],"wp:term":[{"taxonomy":"pwb-brand","embeddable":true,"href":"https:\/\/karwork.eu\/pt\/wp-json\/wp\/v2\/pwb-brand?post=32276"},{"taxonomy":"product_cat","embeddable":true,"href":"https:\/\/karwork.eu\/pt\/wp-json\/wp\/v2\/product_cat?post=32276"},{"taxonomy":"product_tag","embeddable":true,"href":"https:\/\/karwork.eu\/pt\/wp-json\/wp\/v2\/product_tag?post=32276"}],"curies":[{"name":"wp","href":"https:\/\/api.w.org\/{rel}","templated":true}]}}