{"id":28544,"date":"2024-04-21T09:23:17","date_gmt":"2024-04-21T09:23:17","guid":{"rendered":"https:\/\/karwork.eu\/?post_type=product&#038;p=28544"},"modified":"2025-04-13T17:31:30","modified_gmt":"2025-04-13T16:31:30","slug":"pina-adaptador-thrustmaster-tmx-t150","status":"publish","type":"product","link":"https:\/\/karwork.eu\/pt\/product\/pina-adaptador-thrustmaster-tmx-t150\/","title":{"rendered":"Pi\u00f1a: adaptador THRUSTMASTER TMX \/ T150 &#8211; NRG Innovations"},"content":{"rendered":"","protected":false},"excerpt":{"rendered":"<p>Pi\u00f1a: adaptador THRUSTMASTER TMX \/ T150\u00a0 &#8211; Mejora tu experiencia Sim Racing con esta pi\u00f1a de volante. Esta pi\u00f1a fue dise\u00f1ado teniendo en cuenta nuestro Quick Release &#8211; extra\u00edble r\u00e1pido, con la superficie de montaje m\u00e1s corta posible y conservando la capacidad de usar el claxon y las se\u00f1ales de giro aproximadamente el 99% del tiempo. Compuesto de aluminio anodizado 6061, compatible con Thrustmaster TMX, T150 y tornillos incluidos. De 6&#215;70 mm, disponible en varios colores.<\/p>\n<p>&nbsp;<\/p>\n<p>&nbsp;<\/p>","protected":false},"featured_media":28564,"comment_status":"open","ping_status":"closed","template":"","meta":{"_acf_changed":false,"rank_math_lock_modified_date":false},"pwb-brand":[611],"product_cat":[3616],"product_tag":[2773,623,2737,2304,2774],"class_list":{"0":"post-28544","1":"product","2":"type-product","3":"status-publish","4":"has-post-thumbnail","6":"pwb-brand-nrg-innovations","7":"product_cat-adaptadores","8":"product_tag-gaming","9":"product_tag-nrg-innovations","10":"product_tag-pina","11":"product_tag-sim-racing","12":"product_tag-videojuego","14":"first","15":"instock","16":"taxable","17":"shipping-taxable","18":"purchasable","19":"product-type-variable"},"acf":[],"brands":[{"id":611,"name":"NRG Innovations","slug":"nrg-innovations"}],"_links":{"self":[{"href":"https:\/\/karwork.eu\/pt\/wp-json\/wp\/v2\/product\/28544","targetHints":{"allow":["GET"]}}],"collection":[{"href":"https:\/\/karwork.eu\/pt\/wp-json\/wp\/v2\/product"}],"about":[{"href":"https:\/\/karwork.eu\/pt\/wp-json\/wp\/v2\/types\/product"}],"replies":[{"embeddable":true,"href":"https:\/\/karwork.eu\/pt\/wp-json\/wp\/v2\/comments?post=28544"}],"wp:featuredmedia":[{"embeddable":true,"href":"https:\/\/karwork.eu\/pt\/wp-json\/wp\/v2\/media\/28564"}],"wp:attachment":[{"href":"https:\/\/karwork.eu\/pt\/wp-json\/wp\/v2\/media?parent=28544"}],"wp:term":[{"taxonomy":"pwb-brand","embeddable":true,"href":"https:\/\/karwork.eu\/pt\/wp-json\/wp\/v2\/pwb-brand?post=28544"},{"taxonomy":"product_cat","embeddable":true,"href":"https:\/\/karwork.eu\/pt\/wp-json\/wp\/v2\/product_cat?post=28544"},{"taxonomy":"product_tag","embeddable":true,"href":"https:\/\/karwork.eu\/pt\/wp-json\/wp\/v2\/product_tag?post=28544"}],"curies":[{"name":"wp","href":"https:\/\/api.w.org\/{rel}","templated":true}]}}