{"id":28197,"date":"2024-03-16T12:00:11","date_gmt":"2024-03-16T12:00:11","guid":{"rendered":"https:\/\/karwork.eu\/?post_type=product&#038;p=28197"},"modified":"2024-05-10T09:59:12","modified_gmt":"2024-05-10T09:59:12","slug":"volante-20-aniversario","status":"publish","type":"product","link":"https:\/\/karwork.eu\/pt\/product\/volante-20-aniversario\/","title":{"rendered":"Volante 20 aniversario &#8211; NRG Innovations"},"content":{"rendered":"","protected":false},"excerpt":{"rendered":"<p>Volante 20 aniversario &#8211;\u00a0NRG Innovations tiene una larga reputaci\u00f3n en la industria, con un fuerte enfoque en la producci\u00f3n de accesorios automotrices de primera l\u00ednea tanto para la conducci\u00f3n diaria como para la competitiva.\u00a0El volante es de 340 mm, con una profundidad de 30mm. Este volante de dise\u00f1o elegante cuenta con 20 franjas bordadas haciendo gala al 20 aniversario de la marca, compuesta de aluminio de alta calidad, forrado en cuero perforado y radios grabados con l\u00e1ser.\u00a0 Los tornillos de titanio est\u00e1n incluidos. El elegante color esmeralda encarna la imagen sofisticada de la marca.<\/p>\n<p><strong>Edici\u00f3n limitada a 50 unidades por color<\/strong><\/p>\n<p>&nbsp;<\/p>\n<p><strong>Os produtos NRG Innovations destinam-se apenas ao uso fora da rua.<\/strong><\/p>","protected":false},"featured_media":28203,"comment_status":"open","ping_status":"closed","template":"","meta":{"_acf_changed":false,"rank_math_lock_modified_date":false},"pwb-brand":[611],"product_cat":[1578,3517,3490],"product_tag":[3258,623,622],"class_list":{"0":"post-28197","1":"product","2":"type-product","3":"status-publish","4":"has-post-thumbnail","6":"pwb-brand-nrg-innovations","7":"product_cat-cuero","8":"product_cat-novedades","9":"product_cat-ediciones-limitadas","10":"product_tag-20-aniversario","11":"product_tag-nrg-innovations","12":"product_tag-volante","14":"first","15":"instock","16":"taxable","17":"shipping-taxable","18":"purchasable","19":"product-type-simple"},"acf":[],"brands":[{"id":611,"name":"NRG Innovations","slug":"nrg-innovations"}],"_links":{"self":[{"href":"https:\/\/karwork.eu\/pt\/wp-json\/wp\/v2\/product\/28197","targetHints":{"allow":["GET"]}}],"collection":[{"href":"https:\/\/karwork.eu\/pt\/wp-json\/wp\/v2\/product"}],"about":[{"href":"https:\/\/karwork.eu\/pt\/wp-json\/wp\/v2\/types\/product"}],"replies":[{"embeddable":true,"href":"https:\/\/karwork.eu\/pt\/wp-json\/wp\/v2\/comments?post=28197"}],"wp:featuredmedia":[{"embeddable":true,"href":"https:\/\/karwork.eu\/pt\/wp-json\/wp\/v2\/media\/28203"}],"wp:attachment":[{"href":"https:\/\/karwork.eu\/pt\/wp-json\/wp\/v2\/media?parent=28197"}],"wp:term":[{"taxonomy":"pwb-brand","embeddable":true,"href":"https:\/\/karwork.eu\/pt\/wp-json\/wp\/v2\/pwb-brand?post=28197"},{"taxonomy":"product_cat","embeddable":true,"href":"https:\/\/karwork.eu\/pt\/wp-json\/wp\/v2\/product_cat?post=28197"},{"taxonomy":"product_tag","embeddable":true,"href":"https:\/\/karwork.eu\/pt\/wp-json\/wp\/v2\/product_tag?post=28197"}],"curies":[{"name":"wp","href":"https:\/\/api.w.org\/{rel}","templated":true}]}}