{"id":27160,"date":"2024-01-11T22:42:01","date_gmt":"2024-01-11T22:42:01","guid":{"rendered":"https:\/\/karwork.eu\/product\/v1-strut-bar-con-red\/"},"modified":"2024-05-11T13:21:21","modified_gmt":"2024-05-11T13:21:21","slug":"v1-strut-bar-con-red","status":"publish","type":"product","link":"https:\/\/karwork.eu\/pt\/product\/v1-strut-bar-con-red\/","title":{"rendered":"V1: Strut Bar con Red VW UP!"},"content":{"rendered":"","protected":false},"excerpt":{"rendered":"<p>El kit de sustituci\u00f3n del asiento trasero V1 Stern Performance Parts reemplaza el banco del asiento trasero con una barra de puntal (strut bar) y agregando una red.<\/p>\n<p>Este kit \u00e9 especialmente adequado para entusiastas do automobilismo que est\u00e3o removendo os bancos traseiros para a pista de corrida.<br \/>\nA redu\u00e7\u00e3o de peso resultante melhora o desempenho e d\u00e1 ao ve\u00edculo uma apar\u00eancia desportiva de OEM.<\/p>\n<p>El strut bar est\u00e1 firmemente atornillada al soporte del asiento, la red est\u00e1 conectada a los puntos Isofix mediante bucles de red.<\/p>\n<p>Todos os produtos s\u00e3o feitos \u00e0 m\u00e3o na Alemanha por fabricantes experientes com os mais altos padr\u00f5es de qualidade.<br \/>\nA Stern Performance Parts possui altos padr\u00f5es de qualidade e atribui grande import\u00e2ncia \u00e0 qualidade do produto e \u00e0s costuras limpas.<\/p>\n<p>O tempo de fabrica\u00e7\u00e3o \u00e9 de cerca de 5 a 6 semanas. A data de entrega especificada \u00e9 estimada aproximadamente, permitimos 2 semanas adicionais se a contagem de pedidos for alta.<\/p>\n<p>*Caracter\u00edsticas especiales de los productos hechos a medida (barra de puntal y red)<br \/>\nTenha em aten\u00e7\u00e3o que os nossos produtos s\u00e3o fabricados a pedido do cliente e s\u00e3o feitos \u00e0 medida.<br \/>\nPortanto, nossos produtos de reposi\u00e7\u00e3o para bancos traseiros N\u00c3O PODEM SER TROCADOS E N\u00c3O S\u00c3O ACEITOS CANCELAMENTOS, TROCAS OU DEVOLU\u00c7\u00d5ES. Infelizmente, n\u00e3o podemos abrir exce\u00e7\u00f5es.<\/p>","protected":false},"featured_media":28092,"comment_status":"closed","ping_status":"closed","template":"","meta":{"_acf_changed":false,"rank_math_lock_modified_date":false},"pwb-brand":[1331],"product_cat":[3083],"product_tag":[1337,1336,50,1335,1334,1338,1204,1469,1205,1468],"class_list":{"0":"post-27160","1":"product","2":"type-product","3":"status-publish","4":"has-post-thumbnail","6":"pwb-brand-stern-performance-parts","7":"product_cat-vw","8":"product_tag-barra","9":"product_tag-moqueta","10":"product_tag-red","11":"product_tag-stern-performance","12":"product_tag-strut-bar","13":"product_tag-v1","14":"product_tag-volkswagen","15":"product_tag-volkswagen-up","16":"product_tag-vw","17":"product_tag-vw-up","19":"first","20":"instock","21":"taxable","22":"shipping-taxable","23":"purchasable","24":"product-type-variable","25":"has-default-attributes"},"acf":[],"brands":[{"id":1331,"name":"Stern Performance Parts","slug":"stern-performance-parts"}],"_links":{"self":[{"href":"https:\/\/karwork.eu\/pt\/wp-json\/wp\/v2\/product\/27160","targetHints":{"allow":["GET"]}}],"collection":[{"href":"https:\/\/karwork.eu\/pt\/wp-json\/wp\/v2\/product"}],"about":[{"href":"https:\/\/karwork.eu\/pt\/wp-json\/wp\/v2\/types\/product"}],"replies":[{"embeddable":true,"href":"https:\/\/karwork.eu\/pt\/wp-json\/wp\/v2\/comments?post=27160"}],"wp:featuredmedia":[{"embeddable":true,"href":"https:\/\/karwork.eu\/pt\/wp-json\/wp\/v2\/media\/28092"}],"wp:attachment":[{"href":"https:\/\/karwork.eu\/pt\/wp-json\/wp\/v2\/media?parent=27160"}],"wp:term":[{"taxonomy":"pwb-brand","embeddable":true,"href":"https:\/\/karwork.eu\/pt\/wp-json\/wp\/v2\/pwb-brand?post=27160"},{"taxonomy":"product_cat","embeddable":true,"href":"https:\/\/karwork.eu\/pt\/wp-json\/wp\/v2\/product_cat?post=27160"},{"taxonomy":"product_tag","embeddable":true,"href":"https:\/\/karwork.eu\/pt\/wp-json\/wp\/v2\/product_tag?post=27160"}],"curies":[{"name":"wp","href":"https:\/\/api.w.org\/{rel}","templated":true}]}}