{"id":25965,"date":"2023-12-09T19:53:14","date_gmt":"2023-12-09T19:53:14","guid":{"rendered":"https:\/\/karwork.eu\/?post_type=product&#038;p=25965"},"modified":"2024-03-18T21:48:24","modified_gmt":"2024-03-18T21:48:24","slug":"barra-para-arneses-47-nrg-innovations","status":"publish","type":"product","link":"https:\/\/karwork.eu\/pt\/product\/barra-para-arneses-47-nrg-innovations\/","title":{"rendered":"Barra para arneses 47&#8243; &#8211; NRG Innovations"},"content":{"rendered":"","protected":false},"excerpt":{"rendered":"<p>Barra para arneses 47&#8243; &#8211; Barra de arn\u00e9s universal de 47&#8243; con extremos fijos y dos brazos de montaje inferiores ajustables con extremos de articulaci\u00f3n heim. Utilice esta barra para montar de forma segura los arneses de circuitos en su veh\u00edculo en caso de que no tenga una barra de arn\u00e9s incorporada o jaula antivuelco en su veh\u00edculo.<\/p>\n<p>&nbsp;<\/p>\n<ul>\n<li><strong>47&#8243; de ancho<\/strong><\/li>\n<li><strong>La mejor opci\u00f3n para veh\u00edculos de importaci\u00f3n m\u00e1s peque\u00f1os.<\/strong><\/li>\n<\/ul>\n<p>&nbsp;<\/p>\n<div class=\"woocommerce-product-details__short-description\">\n<p><strong>Os produtos NRG Innovations destinam-se apenas ao uso fora da rua.<\/strong><\/p>\n<\/div>\n<form class=\"cart\" action=\"https:\/\/karwork.eu\/product\/arnes-cinturon-de-seguridad-4-puntos-6\/\" enctype=\"multipart\/form-data\" method=\"post\" data-trp-original-action=\"https:\/\/karwork.eu\/product\/arnes-cinturon-de-seguridad-4-puntos-6\/\"><input type=\"hidden\" name=\"trp-form-language\" value=\"pt\"\/><\/form>","protected":false},"featured_media":25978,"comment_status":"open","ping_status":"closed","template":"","meta":{"_acf_changed":false,"rank_math_lock_modified_date":false},"pwb-brand":[611],"product_cat":[2812],"product_tag":[638,3287,2814,623],"class_list":{"0":"post-25965","1":"product","2":"type-product","3":"status-publish","4":"has-post-thumbnail","6":"pwb-brand-nrg-innovations","7":"product_cat-barra-para-arneses","8":"product_tag-arneses","9":"product_tag-barra-para-arneses-47","10":"product_tag-barras","11":"product_tag-nrg-innovations","13":"first","14":"instock","15":"taxable","16":"shipping-taxable","17":"purchasable","18":"product-type-variable"},"acf":[],"brands":[{"id":611,"name":"NRG Innovations","slug":"nrg-innovations"}],"_links":{"self":[{"href":"https:\/\/karwork.eu\/pt\/wp-json\/wp\/v2\/product\/25965","targetHints":{"allow":["GET"]}}],"collection":[{"href":"https:\/\/karwork.eu\/pt\/wp-json\/wp\/v2\/product"}],"about":[{"href":"https:\/\/karwork.eu\/pt\/wp-json\/wp\/v2\/types\/product"}],"replies":[{"embeddable":true,"href":"https:\/\/karwork.eu\/pt\/wp-json\/wp\/v2\/comments?post=25965"}],"wp:featuredmedia":[{"embeddable":true,"href":"https:\/\/karwork.eu\/pt\/wp-json\/wp\/v2\/media\/25978"}],"wp:attachment":[{"href":"https:\/\/karwork.eu\/pt\/wp-json\/wp\/v2\/media?parent=25965"}],"wp:term":[{"taxonomy":"pwb-brand","embeddable":true,"href":"https:\/\/karwork.eu\/pt\/wp-json\/wp\/v2\/pwb-brand?post=25965"},{"taxonomy":"product_cat","embeddable":true,"href":"https:\/\/karwork.eu\/pt\/wp-json\/wp\/v2\/product_cat?post=25965"},{"taxonomy":"product_tag","embeddable":true,"href":"https:\/\/karwork.eu\/pt\/wp-json\/wp\/v2\/product_tag?post=25965"}],"curies":[{"name":"wp","href":"https:\/\/api.w.org\/{rel}","templated":true}]}}