{"id":25922,"date":"2023-12-07T23:34:16","date_gmt":"2023-12-07T23:34:16","guid":{"rendered":"https:\/\/karwork.eu\/?post_type=product&#038;p=25922"},"modified":"2024-05-14T14:41:59","modified_gmt":"2024-05-14T14:41:59","slug":"buckets-gt-comet-nrg-innovations","status":"publish","type":"product","link":"https:\/\/karwork.eu\/pt\/product\/buckets-gt-comet-nrg-innovations\/","title":{"rendered":"Buckets GT Comet &#8211; NRG Innovations"},"content":{"rendered":"<p>&nbsp;<\/p>\n<p>&nbsp;<\/p>","protected":false},"excerpt":{"rendered":"<p>Buckets GT Comet &#8211; Dise\u00f1ado para despertar un sentimiento retro, con un toque moderno. Te presentamos la serie GT. Hecho con microfibra 100% vegana con una variedad de colores y acabados. El asiento tambi\u00e9n viene con soportes de montaje lateral para una f\u00e1cil instalaci\u00f3n. Con un peso de solo 8 kilos, es perfecto para cualquier proyecto de \u00e9poca, cl\u00e1sico y resto-mod&#8230; \u00a1O simplemente para tu simulador! Disponible bajo pedido.<\/p>\n<ul>\n<li><strong>Cuero vegano azul marino con costuras a juego<\/strong><\/li>\n<li><strong>GT-S Silver Resplandeciente trasera<\/strong><\/li>\n<li><b>Soporte de montaje lateral incluido<\/b><\/li>\n<li><b>5 orificios de arn\u00e9s PT disponibles<\/b><\/li>\n<li><b>10 kilos con soportes <\/b><b>de montaje lateral<\/b><\/li>\n<\/ul>","protected":false},"featured_media":25874,"comment_status":"open","ping_status":"closed","template":"","meta":{"_acf_changed":false,"rank_math_lock_modified_date":false},"pwb-brand":[611],"product_cat":[2792],"product_tag":[2798,2794,2800,2805,3592],"class_list":{"0":"post-25922","1":"product","2":"type-product","3":"status-publish","4":"has-post-thumbnail","6":"pwb-brand-nrg-innovations","7":"product_cat-retro","8":"product_tag-buckets-gt-comet-nrg-innovations","9":"product_tag-gt","10":"product_tag-pri-150navy","11":"product_tag-retro","12":"product_tag-seats","13":"product_shipping_class-pesados","15":"first","16":"instock","17":"taxable","18":"shipping-taxable","19":"purchasable","20":"product-type-simple"},"acf":[],"brands":[{"id":611,"name":"NRG Innovations","slug":"nrg-innovations"}],"_links":{"self":[{"href":"https:\/\/karwork.eu\/pt\/wp-json\/wp\/v2\/product\/25922","targetHints":{"allow":["GET"]}}],"collection":[{"href":"https:\/\/karwork.eu\/pt\/wp-json\/wp\/v2\/product"}],"about":[{"href":"https:\/\/karwork.eu\/pt\/wp-json\/wp\/v2\/types\/product"}],"replies":[{"embeddable":true,"href":"https:\/\/karwork.eu\/pt\/wp-json\/wp\/v2\/comments?post=25922"}],"wp:featuredmedia":[{"embeddable":true,"href":"https:\/\/karwork.eu\/pt\/wp-json\/wp\/v2\/media\/25874"}],"wp:attachment":[{"href":"https:\/\/karwork.eu\/pt\/wp-json\/wp\/v2\/media?parent=25922"}],"wp:term":[{"taxonomy":"pwb-brand","embeddable":true,"href":"https:\/\/karwork.eu\/pt\/wp-json\/wp\/v2\/pwb-brand?post=25922"},{"taxonomy":"product_cat","embeddable":true,"href":"https:\/\/karwork.eu\/pt\/wp-json\/wp\/v2\/product_cat?post=25922"},{"taxonomy":"product_tag","embeddable":true,"href":"https:\/\/karwork.eu\/pt\/wp-json\/wp\/v2\/product_tag?post=25922"}],"curies":[{"name":"wp","href":"https:\/\/api.w.org\/{rel}","templated":true}]}}