{"id":25918,"date":"2023-12-07T23:11:32","date_gmt":"2023-12-07T23:11:32","guid":{"rendered":"https:\/\/karwork.eu\/?post_type=product&#038;p=25918"},"modified":"2024-05-14T15:01:48","modified_gmt":"2024-05-14T15:01:48","slug":"buckets-gt-stardust-strawberry-n-cream-nrg-innovations","status":"publish","type":"product","link":"https:\/\/karwork.eu\/pt\/product\/buckets-gt-stardust-strawberry-n-cream-nrg-innovations\/","title":{"rendered":"Buckets GT Stardust Strawberry n Cream &#8211; NRG Innovations"},"content":{"rendered":"<p>&nbsp;<\/p>\n<p>&nbsp;<\/p>","protected":false},"excerpt":{"rendered":"<p>Buckets GT Stardust Strawberry n Cream &#8211; Dise\u00f1ado para despertar un sentimiento retro, con un toque moderno. Te presentamos la serie GT. Hecho con microfibra 100% vegana con una variedad de colores y acabados. El asiento tambi\u00e9n viene con soportes de montaje lateral para una f\u00e1cil instalaci\u00f3n. Con un peso de solo 8 kilos, es perfecto para cualquier proyecto de \u00e9poca, cl\u00e1sico y resto-mod&#8230; \u00a1O simplemente para tu simulador! Disponible bajo pedido.<\/p>\n<ul>\n<li><b>Cuero vegano ROJO con costuras rojas<\/b><\/li>\n<li><strong>GT Stardust trasera blanca<\/strong><\/li>\n<li><b>Soporte de montaje lateral incluido<\/b><\/li>\n<li><b>5 orificios de arn\u00e9s PT disponibles<\/b><\/li>\n<li><b>10 kilos con soportes <\/b><b>de montaje lateral<\/b><\/li>\n<\/ul>","protected":false},"featured_media":25865,"comment_status":"open","ping_status":"closed","template":"","meta":{"_acf_changed":false,"rank_math_lock_modified_date":false},"pwb-brand":[611],"product_cat":[2792],"product_tag":[2793,3488,2790,2794],"class_list":{"0":"post-25918","1":"product","2":"type-product","3":"status-publish","4":"has-post-thumbnail","6":"pwb-brand-nrg-innovations","7":"product_cat-retro","8":"product_tag-buckets-gt-prisma-black-nrg-innovations","9":"product_tag-buckets-gt-stardust-strawberry-n-cream","10":"product_tag-buckets-prisma-black-nrg-innovations","11":"product_tag-gt","12":"product_shipping_class-pesados","14":"first","15":"instock","16":"taxable","17":"shipping-taxable","18":"purchasable","19":"product-type-simple"},"acf":[],"brands":[{"id":611,"name":"NRG Innovations","slug":"nrg-innovations"}],"_links":{"self":[{"href":"https:\/\/karwork.eu\/pt\/wp-json\/wp\/v2\/product\/25918","targetHints":{"allow":["GET"]}}],"collection":[{"href":"https:\/\/karwork.eu\/pt\/wp-json\/wp\/v2\/product"}],"about":[{"href":"https:\/\/karwork.eu\/pt\/wp-json\/wp\/v2\/types\/product"}],"replies":[{"embeddable":true,"href":"https:\/\/karwork.eu\/pt\/wp-json\/wp\/v2\/comments?post=25918"}],"wp:featuredmedia":[{"embeddable":true,"href":"https:\/\/karwork.eu\/pt\/wp-json\/wp\/v2\/media\/25865"}],"wp:attachment":[{"href":"https:\/\/karwork.eu\/pt\/wp-json\/wp\/v2\/media?parent=25918"}],"wp:term":[{"taxonomy":"pwb-brand","embeddable":true,"href":"https:\/\/karwork.eu\/pt\/wp-json\/wp\/v2\/pwb-brand?post=25918"},{"taxonomy":"product_cat","embeddable":true,"href":"https:\/\/karwork.eu\/pt\/wp-json\/wp\/v2\/product_cat?post=25918"},{"taxonomy":"product_tag","embeddable":true,"href":"https:\/\/karwork.eu\/pt\/wp-json\/wp\/v2\/product_tag?post=25918"}],"curies":[{"name":"wp","href":"https:\/\/api.w.org\/{rel}","templated":true}]}}