{"id":25642,"date":"2023-11-11T18:33:52","date_gmt":"2023-11-11T18:33:52","guid":{"rendered":"https:\/\/karwork.eu\/?post_type=product&#038;p=25642"},"modified":"2024-05-15T14:33:35","modified_gmt":"2024-05-15T14:33:35","slug":"volante-ligero-gaming-splitz-nrg-innovations","status":"publish","type":"product","link":"https:\/\/karwork.eu\/pt\/product\/volante-ligero-gaming-splitz-nrg-innovations\/","title":{"rendered":"Volante leve para jogos Splitz \u2013 NRG Innovations"},"content":{"rendered":"","protected":false},"excerpt":{"rendered":"<p><span data-sheets-userformat=\"{&quot;2&quot;:513,&quot;3&quot;:{&quot;1&quot;:0},&quot;12&quot;:0}\" data-sheets-value=\"{&quot;1&quot;:2,&quot;2&quot;:&quot;This steering wheel is designed to reduced weight by using light materials for gaming simulators to ensure all force feedback is felt through your hands. The steering wheel weights about the same as a carbon fiber wheel and with a small investment only. The style is a non deep dish 350mm spoke with slits in the middle. &quot;}\">Volante ligero gaming Splitz &#8211; Este volante est\u00e1 dise\u00f1ado para reducir el peso mediante el uso de materiales ligeros para simuladores de juegos para garantizar la sensaci\u00f3n de fuerza se sienta a trav\u00e9s de las manos. El volante pesa aproximadamente lo mismo que un volante de fibra de carbono y solo con una peque\u00f1a inversi\u00f3n. El estilo tiene un peque\u00f1o plato de una pulgada y media de profundidad, con radios de 350 mm con ranuras en el medio, con patr\u00f3n de 70x6mm.<\/span><\/p>\n<p><strong>Este volante liviano modelo Splitz est\u00e1 preparado \u00fanicamente para instalar en simuladores.<\/strong><\/p>\n<p>&nbsp;<\/p>","protected":false},"featured_media":25655,"comment_status":"open","ping_status":"closed","template":"","meta":{"_acf_changed":false,"rank_math_lock_modified_date":false},"pwb-brand":[611],"product_cat":[3613],"product_tag":[1076,2781,2775,2776,3260],"class_list":{"0":"post-25642","1":"product","2":"type-product","3":"status-publish","4":"has-post-thumbnail","6":"pwb-brand-nrg-innovations","7":"product_cat-volantes-sim-racing-x-nrg-innovations","8":"product_tag-gold","9":"product_tag-st-010mc-pr","10":"product_tag-volante-gaming","11":"product_tag-volante-ligero","12":"product_tag-volante-ligero-gaming-splitz","14":"first","15":"instock","16":"taxable","17":"shipping-taxable","18":"purchasable","19":"product-type-simple"},"acf":[],"brands":[{"id":611,"name":"NRG Innovations","slug":"nrg-innovations"}],"_links":{"self":[{"href":"https:\/\/karwork.eu\/pt\/wp-json\/wp\/v2\/product\/25642","targetHints":{"allow":["GET"]}}],"collection":[{"href":"https:\/\/karwork.eu\/pt\/wp-json\/wp\/v2\/product"}],"about":[{"href":"https:\/\/karwork.eu\/pt\/wp-json\/wp\/v2\/types\/product"}],"replies":[{"embeddable":true,"href":"https:\/\/karwork.eu\/pt\/wp-json\/wp\/v2\/comments?post=25642"}],"wp:featuredmedia":[{"embeddable":true,"href":"https:\/\/karwork.eu\/pt\/wp-json\/wp\/v2\/media\/25655"}],"wp:attachment":[{"href":"https:\/\/karwork.eu\/pt\/wp-json\/wp\/v2\/media?parent=25642"}],"wp:term":[{"taxonomy":"pwb-brand","embeddable":true,"href":"https:\/\/karwork.eu\/pt\/wp-json\/wp\/v2\/pwb-brand?post=25642"},{"taxonomy":"product_cat","embeddable":true,"href":"https:\/\/karwork.eu\/pt\/wp-json\/wp\/v2\/product_cat?post=25642"},{"taxonomy":"product_tag","embeddable":true,"href":"https:\/\/karwork.eu\/pt\/wp-json\/wp\/v2\/product_tag?post=25642"}],"curies":[{"name":"wp","href":"https:\/\/api.w.org\/{rel}","templated":true}]}}