{"id":25577,"date":"2023-11-11T15:29:38","date_gmt":"2023-11-11T15:29:38","guid":{"rendered":"https:\/\/karwork.eu\/?post_type=product&#038;p=25577"},"modified":"2024-04-27T16:36:38","modified_gmt":"2024-04-27T16:36:38","slug":"pina-adaptador-thrustmaster-nrg-innovations","status":"publish","type":"product","link":"https:\/\/karwork.eu\/pt\/product\/pina-adaptador-thrustmaster-nrg-innovations\/","title":{"rendered":"Pi\u00f1a: adaptador THRUSTMASTER TX\/ T300\/ T500\/ TS-PC\/ TS-XW &#8211; NRG Innovations"},"content":{"rendered":"","protected":false},"excerpt":{"rendered":"<p>Pi\u00f1a: adaptador THRUSTMASTER TX\/ T300\/ T500\/ TS-PC\/ TS-XW &#8211; Mejora tu experiencia Sim Racing con esta pi\u00f1a de volante. Esta pi\u00f1a fue dise\u00f1ado teniendo en cuenta nuestro Quick Release &#8211; extra\u00edble r\u00e1pido, con la superficie de montaje m\u00e1s corta posible y conservando la capacidad de usar el claxon y las se\u00f1ales de giro aproximadamente el 99% del tiempo. Compuesto de aluminio anodizado 6061, compatible con Thrustmaster TX, T300, T500, TS-PC, TS-XW y tornillos incluidos. De 6&#215;70 mm, disponible en varios colores.<\/p>\n<p>&nbsp;<\/p>\n<p>&nbsp;<\/p>","protected":false},"featured_media":25584,"comment_status":"open","ping_status":"closed","template":"","meta":{"_acf_changed":false,"rank_math_lock_modified_date":false},"pwb-brand":[611],"product_cat":[3613],"product_tag":[2773,623,2737,3586,2774],"class_list":{"0":"post-25577","1":"product","2":"type-product","3":"status-publish","4":"has-post-thumbnail","6":"pwb-brand-nrg-innovations","7":"product_cat-volantes-sim-racing-x-nrg-innovations","8":"product_tag-gaming","9":"product_tag-nrg-innovations","10":"product_tag-pina","11":"product_tag-pina-adaptador-thrustmaster-tx-t300-t500-ts-pc-ts-xw","12":"product_tag-videojuego","14":"first","15":"instock","16":"taxable","17":"shipping-taxable","18":"purchasable","19":"product-type-variable"},"acf":[],"brands":[{"id":611,"name":"NRG Innovations","slug":"nrg-innovations"}],"_links":{"self":[{"href":"https:\/\/karwork.eu\/pt\/wp-json\/wp\/v2\/product\/25577","targetHints":{"allow":["GET"]}}],"collection":[{"href":"https:\/\/karwork.eu\/pt\/wp-json\/wp\/v2\/product"}],"about":[{"href":"https:\/\/karwork.eu\/pt\/wp-json\/wp\/v2\/types\/product"}],"replies":[{"embeddable":true,"href":"https:\/\/karwork.eu\/pt\/wp-json\/wp\/v2\/comments?post=25577"}],"wp:featuredmedia":[{"embeddable":true,"href":"https:\/\/karwork.eu\/pt\/wp-json\/wp\/v2\/media\/25584"}],"wp:attachment":[{"href":"https:\/\/karwork.eu\/pt\/wp-json\/wp\/v2\/media?parent=25577"}],"wp:term":[{"taxonomy":"pwb-brand","embeddable":true,"href":"https:\/\/karwork.eu\/pt\/wp-json\/wp\/v2\/pwb-brand?post=25577"},{"taxonomy":"product_cat","embeddable":true,"href":"https:\/\/karwork.eu\/pt\/wp-json\/wp\/v2\/product_cat?post=25577"},{"taxonomy":"product_tag","embeddable":true,"href":"https:\/\/karwork.eu\/pt\/wp-json\/wp\/v2\/product_tag?post=25577"}],"curies":[{"name":"wp","href":"https:\/\/api.w.org\/{rel}","templated":true}]}}