{"id":25166,"date":"2023-10-14T11:18:05","date_gmt":"2023-10-14T11:18:05","guid":{"rendered":"https:\/\/karwork.eu\/?post_type=product&#038;p=25166"},"modified":"2024-03-11T22:01:33","modified_gmt":"2024-03-11T22:01:33","slug":"buckets-prisma-ultra-pina-nrg-innovations","status":"publish","type":"product","link":"https:\/\/karwork.eu\/pt\/product\/buckets-prisma-ultra-pina-nrg-innovations\/","title":{"rendered":"Baldes Prisma Ultra Pina \u2013 Inova\u00e7\u00f5es NRG"},"content":{"rendered":"","protected":false},"excerpt":{"rendered":"<p>Baldes que oferecem conforto e inova\u00e7\u00e3o incompar\u00e1veis com dupla camada de FRP, compatibilidade com arneses de 5 pontos e encosto vermelho. Envolto em material de cetim vegano e isolado com espuma de densidade mista selecionada \u00e0 m\u00e3o. Dois bolsos de arruma\u00e7\u00e3o localizados nas almofadas dos bancos dianteiros, a um pre\u00e7o acess\u00edvel. Suporte de montagem inferior universal inclu\u00eddo. Estampa \u00ecna, acabamento vegano acetinado com bordado ULTRA, nos tamanhos M e L. Dispon\u00edvel sob consulta.<\/p>\n<p>&nbsp;<\/p>\n<p><strong>Os produtos NRG Innovations destinam-se apenas ao uso fora da rua.<\/strong><\/p>","protected":false},"featured_media":25169,"comment_status":"open","ping_status":"closed","template":"","meta":{"_acf_changed":false,"rank_math_lock_modified_date":false},"pwb-brand":[611],"product_cat":[3242],"product_tag":[2732,683,623,2737],"class_list":{"0":"post-25166","1":"product","2":"type-product","3":"status-publish","4":"has-post-thumbnail","6":"pwb-brand-nrg-innovations","7":"product_cat-estampado","8":"product_tag-asientos","9":"product_tag-buckets","10":"product_tag-nrg-innovations","11":"product_tag-pina","12":"product_shipping_class-pesados","14":"first","15":"instock","16":"taxable","17":"shipping-taxable","18":"purchasable","19":"product-type-variable"},"acf":[],"brands":[{"id":611,"name":"NRG Innovations","slug":"nrg-innovations"}],"_links":{"self":[{"href":"https:\/\/karwork.eu\/pt\/wp-json\/wp\/v2\/product\/25166","targetHints":{"allow":["GET"]}}],"collection":[{"href":"https:\/\/karwork.eu\/pt\/wp-json\/wp\/v2\/product"}],"about":[{"href":"https:\/\/karwork.eu\/pt\/wp-json\/wp\/v2\/types\/product"}],"replies":[{"embeddable":true,"href":"https:\/\/karwork.eu\/pt\/wp-json\/wp\/v2\/comments?post=25166"}],"wp:featuredmedia":[{"embeddable":true,"href":"https:\/\/karwork.eu\/pt\/wp-json\/wp\/v2\/media\/25169"}],"wp:attachment":[{"href":"https:\/\/karwork.eu\/pt\/wp-json\/wp\/v2\/media?parent=25166"}],"wp:term":[{"taxonomy":"pwb-brand","embeddable":true,"href":"https:\/\/karwork.eu\/pt\/wp-json\/wp\/v2\/pwb-brand?post=25166"},{"taxonomy":"product_cat","embeddable":true,"href":"https:\/\/karwork.eu\/pt\/wp-json\/wp\/v2\/product_cat?post=25166"},{"taxonomy":"product_tag","embeddable":true,"href":"https:\/\/karwork.eu\/pt\/wp-json\/wp\/v2\/product_tag?post=25166"}],"curies":[{"name":"wp","href":"https:\/\/api.w.org\/{rel}","templated":true}]}}