{"id":21462,"date":"2023-06-19T21:51:42","date_gmt":"2023-06-19T21:51:42","guid":{"rendered":"https:\/\/karwork.eu\/?post_type=product&#038;p=21462"},"modified":"2023-09-07T21:32:41","modified_gmt":"2023-09-07T21:32:41","slug":"lanyard-camo-nrg-innovations","status":"publish","type":"product","link":"https:\/\/karwork.eu\/pt\/product\/lanyard-camo-nrg-innovations\/","title":{"rendered":"Cord\u00e3o Camo NRG Inova\u00e7\u00f5es"},"content":{"rendered":"","protected":false},"excerpt":{"rendered":"<p>Lanyard Camo dise\u00f1o camuflaje amarillo-verde-azul con logo de NRG Innovations.<\/p>\n<p>Para llevar las llaves, incluso para enganchar el tel\u00e9fono m\u00f3vil.<\/p>","protected":false},"featured_media":22243,"comment_status":"open","ping_status":"closed","template":"","meta":{"_acf_changed":false,"rank_math_lock_modified_date":false},"pwb-brand":[611],"product_cat":[2213],"product_tag":[2216,2217,2214,2215,2218,623],"class_list":{"0":"post-21462","1":"product","2":"type-product","3":"status-publish","4":"has-post-thumbnail","6":"pwb-brand-nrg-innovations","7":"product_cat-lanyards","8":"product_tag-camo","9":"product_tag-camuflaje","10":"product_tag-lanyard","11":"product_tag-merchandising","12":"product_tag-nrg","13":"product_tag-nrg-innovations","15":"first","16":"instock","17":"taxable","18":"shipping-taxable","19":"purchasable","20":"product-type-simple"},"acf":[],"brands":[{"id":611,"name":"NRG Innovations","slug":"nrg-innovations"}],"_links":{"self":[{"href":"https:\/\/karwork.eu\/pt\/wp-json\/wp\/v2\/product\/21462","targetHints":{"allow":["GET"]}}],"collection":[{"href":"https:\/\/karwork.eu\/pt\/wp-json\/wp\/v2\/product"}],"about":[{"href":"https:\/\/karwork.eu\/pt\/wp-json\/wp\/v2\/types\/product"}],"replies":[{"embeddable":true,"href":"https:\/\/karwork.eu\/pt\/wp-json\/wp\/v2\/comments?post=21462"}],"wp:featuredmedia":[{"embeddable":true,"href":"https:\/\/karwork.eu\/pt\/wp-json\/wp\/v2\/media\/22243"}],"wp:attachment":[{"href":"https:\/\/karwork.eu\/pt\/wp-json\/wp\/v2\/media?parent=21462"}],"wp:term":[{"taxonomy":"pwb-brand","embeddable":true,"href":"https:\/\/karwork.eu\/pt\/wp-json\/wp\/v2\/pwb-brand?post=21462"},{"taxonomy":"product_cat","embeddable":true,"href":"https:\/\/karwork.eu\/pt\/wp-json\/wp\/v2\/product_cat?post=21462"},{"taxonomy":"product_tag","embeddable":true,"href":"https:\/\/karwork.eu\/pt\/wp-json\/wp\/v2\/product_tag?post=21462"}],"curies":[{"name":"wp","href":"https:\/\/api.w.org\/{rel}","templated":true}]}}