{"id":18621,"date":"2023-01-26T19:56:43","date_gmt":"2023-01-26T19:56:43","guid":{"rendered":"https:\/\/karwork.eu\/?post_type=product&#038;p=18621"},"modified":"2023-01-26T20:04:38","modified_gmt":"2023-01-26T20:04:38","slug":"foxedcare-boardy-el-organizador-perfecto-para-su-guantera","status":"publish","type":"product","link":"https:\/\/karwork.eu\/pt\/product\/foxedcare-boardy-el-organizador-perfecto-para-su-guantera\/","title":{"rendered":"FoxedCare Boardy: el organizador perfecto para su guantera"},"content":{"rendered":"<p>Propriedades:<\/p>\n<ul>\n<li>Alta calidad y materiales rsistentes<\/li>\n<li>Hecho de tela de nylon duradera<\/li>\n<li>Mucho espacio de almacenamiento para hasta 4 FoxedCare Minis y 2 pa\u00f1os de microfibra de 40x40cm<\/li>\n<li>Cierre magn\u00e9tico robusto y seguro<\/li>\n<li>El\u00e1stico<\/li>\n<li>Dise\u00f1o sencillo y atractivo<\/li>\n<li>Parche de goma FoxedCare de alta calidad<\/li>\n<li>Dise\u00f1o interior FoxedCare<\/li>\n<\/ul>\n<p><span>M\u00e9tricas<\/span><\/p>\n<ul>\n<li>Ancho = 230mm*\u00b2<\/li>\n<li>Altura = 180mm*\u00b2<\/li>\n<li>Profundidad = 55mm*\u00b2<\/li>\n<\/ul>\n<p>&nbsp;<\/p>\n<p>*La bolsa se entrega sin el contenido representado *\u00b2 Esto se debe a la elasticidad aprox.<\/p>","protected":false},"excerpt":{"rendered":"<p>Boardy de FoxedCare es un estuche de muy alta calidad y pr\u00e1ctico para la guantera.<br \/>\nEn este organizador \u00f3ptimo se pueden acomodar f\u00e1cilmente hasta 4 FoxedCare &#8211; Minis y 2 pa\u00f1os de microfibra de 40x40cm.<br \/>\nDebido a su elasticidad, no es necesario aplastar los productos y todo se puede guardar f\u00e1cilmente.<br \/>\nEl dise\u00f1o FoxedCare en el interior, y el cierre magn\u00e9tico completan este producto. Una necesidad para cada guantera para tener siempre a mano sus minis m\u00e1s importantes.<\/p>","protected":false},"featured_media":18626,"comment_status":"open","ping_status":"closed","template":"","meta":{"_acf_changed":false,"rank_math_lock_modified_date":false},"pwb-brand":[986],"product_cat":[152,147],"product_tag":[1065,1067,1006,1033,989,1244,1245,987,995,1068,1243],"class_list":{"0":"post-18621","1":"product","2":"type-product","3":"status-publish","4":"has-post-thumbnail","6":"pwb-brand-foxed-care","7":"product_cat-accesorios-detailing","8":"product_cat-interior","9":"product_tag-accesorios","10":"product_tag-bolsa","11":"product_tag-cubo","12":"product_tag-detailer","13":"product_tag-detailing","14":"product_tag-estuche","15":"product_tag-fcz20","16":"product_tag-foxed-care","17":"product_tag-limpieza","18":"product_tag-mochila","19":"product_tag-organizador","21":"first","22":"instock","23":"taxable","24":"shipping-taxable","25":"purchasable","26":"product-type-simple"},"acf":[],"brands":[{"id":986,"name":"Foxed Care","slug":"foxed-care"}],"_links":{"self":[{"href":"https:\/\/karwork.eu\/pt\/wp-json\/wp\/v2\/product\/18621","targetHints":{"allow":["GET"]}}],"collection":[{"href":"https:\/\/karwork.eu\/pt\/wp-json\/wp\/v2\/product"}],"about":[{"href":"https:\/\/karwork.eu\/pt\/wp-json\/wp\/v2\/types\/product"}],"replies":[{"embeddable":true,"href":"https:\/\/karwork.eu\/pt\/wp-json\/wp\/v2\/comments?post=18621"}],"wp:featuredmedia":[{"embeddable":true,"href":"https:\/\/karwork.eu\/pt\/wp-json\/wp\/v2\/media\/18626"}],"wp:attachment":[{"href":"https:\/\/karwork.eu\/pt\/wp-json\/wp\/v2\/media?parent=18621"}],"wp:term":[{"taxonomy":"pwb-brand","embeddable":true,"href":"https:\/\/karwork.eu\/pt\/wp-json\/wp\/v2\/pwb-brand?post=18621"},{"taxonomy":"product_cat","embeddable":true,"href":"https:\/\/karwork.eu\/pt\/wp-json\/wp\/v2\/product_cat?post=18621"},{"taxonomy":"product_tag","embeddable":true,"href":"https:\/\/karwork.eu\/pt\/wp-json\/wp\/v2\/product_tag?post=18621"}],"curies":[{"name":"wp","href":"https:\/\/api.w.org\/{rel}","templated":true}]}}