{"id":18156,"date":"2022-12-26T16:49:24","date_gmt":"2022-12-26T16:49:24","guid":{"rendered":"https:\/\/karwork.eu\/?post_type=product&#038;p=18156"},"modified":"2022-12-29T12:58:26","modified_gmt":"2022-12-29T12:58:26","slug":"bolsa-de-detailing-foxedcare-cube","status":"publish","type":"product","link":"https:\/\/karwork.eu\/pt\/product\/bolsa-de-detailing-foxedcare-cube\/","title":{"rendered":"Bolsa de detalhamento de cubo FoxedCare"},"content":{"rendered":"<h4>Carater\u00edsticas:<\/h4>\n<ul>\n<li>Dimensiones: 30x30x35cm<\/li>\n<li>Alta calidad y materiales resistentes.<\/li>\n<li>Hecho de tela de nylon duradera<\/li>\n<li>Espacio de almacenamiento grande para pr\u00e1cticamente toda la gama de cuidados<\/li>\n<li>Asas acolchadas con la marca FoxedCare<\/li>\n<li>Correa de hombro adicional incluida<\/li>\n<li>Base antideslizantes en la parte inferior para un almacenamiento estable en el maletero mientras se conduce<\/li>\n<li>Dos bolsillos exteriores grandes con cremalleras<\/li>\n<li>Varias redes para almacenar pa\u00f1os de microfibra o similares<\/li>\n<li>Dise\u00f1o sencillo y atractivo<\/li>\n<li>Parche de goma FoxedCare de alta calidad<\/li>\n<\/ul>\n<p>* La bolsa se entrega sin el contenido de la imagen<\/p>","protected":false},"excerpt":{"rendered":"<p>La Bolsa de Detailing FoxedCare Cube es un bolso de cuidado del autom\u00f3vil de muy alta calidad con mucho espacio para sus productos de cuidado.<\/p>\n<p>La bolsa con sus diversos soportes y compartimentos garantiza un almacenamiento seguro y ofrece mucho espacio de almacenamiento para la gama integral de cuidado del veh\u00edculo del propietario.<br \/>\nAdem\u00e1s de un cubo peque\u00f1o (13 litros), muchas botellas, pa\u00f1os de microfibra y accesorios como wheel brush para llantas encuentran su lugar. Las fuertes asas para las manos y los hombros permiten un transporte c\u00f3modo de la bolsa con todo el contenido. Las bandas el\u00e1sticas para interiores aseguran una fijaci\u00f3n adecuada de las productos.<br \/>\nEl dise\u00f1o simple pero atractivo completa perfectamente la imagen general de la Bolsa de Detailing FoxedCare Cube.<\/p>","protected":false},"featured_media":18161,"comment_status":"open","ping_status":"closed","template":"","meta":{"_acf_changed":false,"rank_math_lock_modified_date":false},"pwb-brand":[986],"product_cat":[152,147],"product_tag":[1065,1067,1006,1033,989,1107,987,995,1068],"class_list":{"0":"post-18156","1":"product","2":"type-product","3":"status-publish","4":"has-post-thumbnail","6":"pwb-brand-foxed-care","7":"product_cat-accesorios-detailing","8":"product_cat-interior","9":"product_tag-accesorios","10":"product_tag-bolsa","11":"product_tag-cubo","12":"product_tag-detailer","13":"product_tag-detailing","14":"product_tag-fcz22","15":"product_tag-foxed-care","16":"product_tag-limpieza","17":"product_tag-mochila","19":"first","20":"instock","21":"taxable","22":"shipping-taxable","23":"purchasable","24":"product-type-simple"},"acf":[],"brands":[{"id":986,"name":"Foxed Care","slug":"foxed-care"}],"_links":{"self":[{"href":"https:\/\/karwork.eu\/pt\/wp-json\/wp\/v2\/product\/18156","targetHints":{"allow":["GET"]}}],"collection":[{"href":"https:\/\/karwork.eu\/pt\/wp-json\/wp\/v2\/product"}],"about":[{"href":"https:\/\/karwork.eu\/pt\/wp-json\/wp\/v2\/types\/product"}],"replies":[{"embeddable":true,"href":"https:\/\/karwork.eu\/pt\/wp-json\/wp\/v2\/comments?post=18156"}],"wp:featuredmedia":[{"embeddable":true,"href":"https:\/\/karwork.eu\/pt\/wp-json\/wp\/v2\/media\/18161"}],"wp:attachment":[{"href":"https:\/\/karwork.eu\/pt\/wp-json\/wp\/v2\/media?parent=18156"}],"wp:term":[{"taxonomy":"pwb-brand","embeddable":true,"href":"https:\/\/karwork.eu\/pt\/wp-json\/wp\/v2\/pwb-brand?post=18156"},{"taxonomy":"product_cat","embeddable":true,"href":"https:\/\/karwork.eu\/pt\/wp-json\/wp\/v2\/product_cat?post=18156"},{"taxonomy":"product_tag","embeddable":true,"href":"https:\/\/karwork.eu\/pt\/wp-json\/wp\/v2\/product_tag?post=18156"}],"curies":[{"name":"wp","href":"https:\/\/api.w.org\/{rel}","templated":true}]}}