{"id":18142,"date":"2022-12-25T18:56:31","date_gmt":"2022-12-25T18:56:31","guid":{"rendered":"https:\/\/karwork.eu\/?post_type=product&#038;p=18142"},"modified":"2022-12-29T13:07:59","modified_gmt":"2022-12-29T13:07:59","slug":"botella-con-spray-1l","status":"publish","type":"product","link":"https:\/\/karwork.eu\/pt\/product\/botella-con-spray-1l\/","title":{"rendered":"Frasco pulverizador de 1L"},"content":{"rendered":"<h4>Propriedades:<\/h4>\n<ul>\n<li>Rosca de botella: 28 ROPP<br \/>\nDi\u00e1metro: \u00d8 88 mm Altura: 220 mm<\/li>\n<li>Hilo pulverizador:\u00a028\/410<br \/>\nLongitud del tubo r\u00edgido: 240mm<\/li>\n<\/ul>","protected":false},"excerpt":{"rendered":"<p>La botella de spray FoxedCare se suministra en blanco, incluido el cabezal de pulverizaci\u00f3n, con una capacidad de 1 litro.<\/p>\n<p>Adecuado para llenar y pulverizar l\u00edquidos de cualquier tipo. Los l\u00edquidos con un valor de pH de 3-11 se pueden rociar sin ning\u00fan problema.<\/p>","protected":false},"featured_media":18143,"comment_status":"open","ping_status":"closed","template":"","meta":{"_acf_changed":false,"rank_math_lock_modified_date":false},"pwb-brand":[986],"product_cat":[152],"product_tag":[1000,1065,1066,1033,989,1111,987,995],"class_list":{"0":"post-18142","1":"product","2":"type-product","3":"status-publish","4":"has-post-thumbnail","6":"pwb-brand-foxed-care","7":"product_cat-accesorios-detailing","8":"product_tag-1l","9":"product_tag-accesorios","10":"product_tag-bote","11":"product_tag-detailer","12":"product_tag-detailing","13":"product_tag-fcz35","14":"product_tag-foxed-care","15":"product_tag-limpieza","17":"first","18":"instock","19":"taxable","20":"shipping-taxable","21":"purchasable","22":"product-type-simple"},"acf":[],"brands":[{"id":986,"name":"Foxed Care","slug":"foxed-care"}],"_links":{"self":[{"href":"https:\/\/karwork.eu\/pt\/wp-json\/wp\/v2\/product\/18142","targetHints":{"allow":["GET"]}}],"collection":[{"href":"https:\/\/karwork.eu\/pt\/wp-json\/wp\/v2\/product"}],"about":[{"href":"https:\/\/karwork.eu\/pt\/wp-json\/wp\/v2\/types\/product"}],"replies":[{"embeddable":true,"href":"https:\/\/karwork.eu\/pt\/wp-json\/wp\/v2\/comments?post=18142"}],"wp:featuredmedia":[{"embeddable":true,"href":"https:\/\/karwork.eu\/pt\/wp-json\/wp\/v2\/media\/18143"}],"wp:attachment":[{"href":"https:\/\/karwork.eu\/pt\/wp-json\/wp\/v2\/media?parent=18142"}],"wp:term":[{"taxonomy":"pwb-brand","embeddable":true,"href":"https:\/\/karwork.eu\/pt\/wp-json\/wp\/v2\/pwb-brand?post=18142"},{"taxonomy":"product_cat","embeddable":true,"href":"https:\/\/karwork.eu\/pt\/wp-json\/wp\/v2\/product_cat?post=18142"},{"taxonomy":"product_tag","embeddable":true,"href":"https:\/\/karwork.eu\/pt\/wp-json\/wp\/v2\/product_tag?post=18142"}],"curies":[{"name":"wp","href":"https:\/\/api.w.org\/{rel}","templated":true}]}}