{"id":18136,"date":"2022-12-24T16:30:02","date_gmt":"2022-12-24T16:30:02","guid":{"rendered":"https:\/\/karwork.eu\/?post_type=product&#038;p=18136"},"modified":"2023-02-07T19:24:20","modified_gmt":"2023-02-07T19:24:20","slug":"detergente-limpiador-de-microfibra-500ml","status":"publish","type":"product","link":"https:\/\/karwork.eu\/pt\/product\/detergente-limpiador-de-microfibra-500ml\/","title":{"rendered":"Detergente de limpeza microfibra 500ml"},"content":{"rendered":"<h4>Propriedades:<\/h4>\n<ul>\n<li>Detergente para microfibra para uso en lavadoras<\/li>\n<li>Apto para cualquier tipo de microfibra<\/li>\n<li>No contiene fragancias ni colorantes<\/li>\n<li>Limpia las microfibras de manera efectiva y suave<\/li>\n<li>Libera las fibras de casi toda la suciedad\n<ul>\n<li>Suciedad, barro<\/li>\n<li>Residuos de pulido<\/li>\n<li>Residuos de sellado<\/li>\n<\/ul>\n<\/li>\n<li>Afloja las fibras y las hace agradablemente suaves de nuevo<\/li>\n<li>Protege el material y asegura que no se desgasten las microfibras<\/li>\n<\/ul>\n<h4>Aplicativo:<\/h4>\n<ol>\n<li>Agregue aprox. 50 ml al compartimento designado (detergente) para una carga completa de la m\u00e1quina<\/li>\n<li>No se necesita suavizante o detergente adicional y, por lo tanto, no se recomienda<\/li>\n<li>Para la dosificaci\u00f3n, recomendamos la taza medidora suministrada.<\/li>\n<\/ol>\n<h4>Consejos:<\/h4>\n<ul>\n<li>Agitar antes de cada uso<\/li>\n<li>En caso de alergias o similares, verifique de antemano la compatibilidad<\/li>\n<\/ul>\n<h4>El producto incluye:<\/h4>\n<ul>\n<li>1x 500ml Limpiador de Microfibra &#8211; Detergente de Microfibra<\/li>\n<li>1x taza medidora para una dosificaci\u00f3n \u00f3ptima<\/li>\n<\/ul>","protected":false},"excerpt":{"rendered":"<p>El limpiador de microfibra FoxedCare es un detergente de microfibra de alta calidad para su uso en la lavadora. Microfiber Cleaner no contiene fragancias ni colorantes y consiste en tensioactivos de limpieza de alta calidad especialmente para microfibras. Cualquier tipo de pa\u00f1o de microfibra puede lavarse eficazmente con este detergente y liberarse de suciedad, residuos de pulido o sellado, as\u00ed como de cualquier otro dep\u00f3sito. Los ingredientes son suaves con el material, por lo que no hay desgaste en el producto.<\/p>","protected":false},"featured_media":18137,"comment_status":"open","ping_status":"closed","template":"","meta":{"_acf_changed":false,"rank_math_lock_modified_date":false},"pwb-brand":[986],"product_cat":[167,147,151,144],"product_tag":[1033,989,1062,1113,987,995,1019,1021,1020],"class_list":{"0":"post-18136","1":"product","2":"type-product","3":"status-publish","4":"has-post-thumbnail","6":"pwb-brand-foxed-care","7":"product_cat-aplicadores","8":"product_cat-interior","9":"product_cat-pads","10":"product_cat-toallas-de-microfibra","11":"product_tag-detailer","12":"product_tag-detailing","13":"product_tag-detergente","14":"product_tag-fcf07","15":"product_tag-foxed-care","16":"product_tag-limpieza","17":"product_tag-microfibra","18":"product_tag-pano","19":"product_tag-toalla","21":"first","22":"instock","23":"taxable","24":"shipping-taxable","25":"purchasable","26":"product-type-simple"},"acf":[],"brands":[{"id":986,"name":"Foxed Care","slug":"foxed-care"}],"_links":{"self":[{"href":"https:\/\/karwork.eu\/pt\/wp-json\/wp\/v2\/product\/18136","targetHints":{"allow":["GET"]}}],"collection":[{"href":"https:\/\/karwork.eu\/pt\/wp-json\/wp\/v2\/product"}],"about":[{"href":"https:\/\/karwork.eu\/pt\/wp-json\/wp\/v2\/types\/product"}],"replies":[{"embeddable":true,"href":"https:\/\/karwork.eu\/pt\/wp-json\/wp\/v2\/comments?post=18136"}],"wp:featuredmedia":[{"embeddable":true,"href":"https:\/\/karwork.eu\/pt\/wp-json\/wp\/v2\/media\/18137"}],"wp:attachment":[{"href":"https:\/\/karwork.eu\/pt\/wp-json\/wp\/v2\/media?parent=18136"}],"wp:term":[{"taxonomy":"pwb-brand","embeddable":true,"href":"https:\/\/karwork.eu\/pt\/wp-json\/wp\/v2\/pwb-brand?post=18136"},{"taxonomy":"product_cat","embeddable":true,"href":"https:\/\/karwork.eu\/pt\/wp-json\/wp\/v2\/product_cat?post=18136"},{"taxonomy":"product_tag","embeddable":true,"href":"https:\/\/karwork.eu\/pt\/wp-json\/wp\/v2\/product_tag?post=18136"}],"curies":[{"name":"wp","href":"https:\/\/api.w.org\/{rel}","templated":true}]}}