{"id":18129,"date":"2022-12-24T16:15:40","date_gmt":"2022-12-24T16:15:40","guid":{"rendered":"https:\/\/karwork.eu\/?post_type=product&#038;p=18129"},"modified":"2023-02-07T19:35:17","modified_gmt":"2023-02-07T19:35:17","slug":"guante-foxedcare-slappy","status":"publish","type":"product","link":"https:\/\/karwork.eu\/pt\/product\/guante-foxedcare-slappy\/","title":{"rendered":"Luva Slappy FoxedCare"},"content":{"rendered":"<p>Propriedades:<\/p>\n<ul>\n<li>Microfibras ultra suaves y de alta calidad hechas de materiales mezclados para una eliminaci\u00f3n suave de la suciedad en el veh\u00edculo<\/li>\n<li>La suciedades son absorbidas por las fibras y encerradas para que ya no entren en contacto con la superficie.<\/li>\n<li>Material absorbente de la esponja debajo de las microfibras para una alta absorci\u00f3n de agua<\/li>\n<li>Forro interior c\u00f3modo para un uso c\u00f3modo<\/li>\n<li>Cintura resistente y gruesa para un agarre \u00f3ptimo<\/li>\n<li>Muy duradero<\/li>\n<li>Material: 92% poli\u00e9ster\/ 8% poliamida<\/li>\n<li>Tama\u00f1o: 26x20cm<\/li>\n<li>GSM: 1900 GSM<\/li>\n<\/ul>\n<p>Aplicativo:<\/p>\n<ol>\n<li>Mezcle el guante de lavado Slappy en un cubo de lavado con agua y\u00a0<a href=\"https:\/\/foxedcare.de\/FoxedCare-Car-Shampoo-10L\" target=\"_blank\" rel=\"noopener\">FoxedCare &#8211; Car Shampoo<\/a><\/li>\n<li>Absorbe la mayor cantidad de agua de champ\u00fa posible con el Slappy y exti\u00e9ndela sobre una peque\u00f1a secci\u00f3n de la superficie del veh\u00edculo.<\/li>\n<li>Limpie la secci\u00f3n sin presi\u00f3n en una pista transversal<\/li>\n<li>Repita el proceso paso a paso hasta que se limpie todo el veh\u00edculo<\/li>\n<li>El veh\u00edculo siempre debe lavarse de arriba a abajo<\/li>\n<\/ol>\n<p>Consejos de uso<\/p>\n<ul>\n<li>Lavar antes del primer uso. (sin suavizante, lo \u00f3ptimo es con detergente de microfibra, hasta 60\u00b0C en la lavadora)<\/li>\n<li>Vuelva a lavar en caso de suciedad significativa.<\/li>\n<li>Despu\u00e9s del lavado a m\u00e1quina, agite el guante de lavado Slappy con fuerza para que las fibras se aflojen.<\/li>\n<li>Para secar el guante de lavado despu\u00e9s del lavado o uso, debe secarse al aire en la medida de lo posible.<\/li>\n<\/ul>","protected":false},"excerpt":{"rendered":"<p>El guante de lavado FoxedCare Slappy tiene una estructura de microfibra ultra suave, que consiste en telas de microfibra de diferentes longitudes, que aseguran que la suciedad se introduzca en el guante durante el lavado y permanezca all\u00ed. Solo cuando se lava nuevamente en el cubo de lavado, las part\u00edculas de suciedad se disuelven en el guante de lavado y el agua limpia del champ\u00fa se absorbe autom\u00e1ticamente nuevamente, que se puede limpiar sobre la superficie a lavar. Adem\u00e1s, el guante de lavado Slappy consta de 3 tipos diferentes de microfibras, que crean una simbiosis perfecta para garantizar una limpieza extremadamente suave y al mismo tiempo muy eficiente. Por lo tanto, con el guante de lavado Slappy se puede hacer una limpieza de pintura absolutamente libre de ara\u00f1azos.<\/p>","protected":false},"featured_media":18132,"comment_status":"open","ping_status":"closed","template":"","meta":{"_acf_changed":false,"rank_math_lock_modified_date":false},"pwb-brand":[986],"product_cat":[170,158,144],"product_tag":[988,989,1097,1115,987,1096,995,1098],"class_list":{"0":"post-18129","1":"product","2":"type-product","3":"status-publish","4":"has-post-thumbnail","6":"pwb-brand-foxed-care","7":"product_cat-guantes-y-esponjas","8":"product_cat-limpieza-con-agua","9":"product_cat-toallas-de-microfibra","10":"product_tag-champu","11":"product_tag-detailing","12":"product_tag-esponjas","13":"product_tag-fcm05","14":"product_tag-foxed-care","15":"product_tag-guantes","16":"product_tag-limpieza","17":"product_tag-slappy","19":"first","20":"instock","21":"taxable","22":"shipping-taxable","23":"purchasable","24":"product-type-simple"},"acf":[],"brands":[{"id":986,"name":"Foxed Care","slug":"foxed-care"}],"_links":{"self":[{"href":"https:\/\/karwork.eu\/pt\/wp-json\/wp\/v2\/product\/18129","targetHints":{"allow":["GET"]}}],"collection":[{"href":"https:\/\/karwork.eu\/pt\/wp-json\/wp\/v2\/product"}],"about":[{"href":"https:\/\/karwork.eu\/pt\/wp-json\/wp\/v2\/types\/product"}],"replies":[{"embeddable":true,"href":"https:\/\/karwork.eu\/pt\/wp-json\/wp\/v2\/comments?post=18129"}],"wp:featuredmedia":[{"embeddable":true,"href":"https:\/\/karwork.eu\/pt\/wp-json\/wp\/v2\/media\/18132"}],"wp:attachment":[{"href":"https:\/\/karwork.eu\/pt\/wp-json\/wp\/v2\/media?parent=18129"}],"wp:term":[{"taxonomy":"pwb-brand","embeddable":true,"href":"https:\/\/karwork.eu\/pt\/wp-json\/wp\/v2\/pwb-brand?post=18129"},{"taxonomy":"product_cat","embeddable":true,"href":"https:\/\/karwork.eu\/pt\/wp-json\/wp\/v2\/product_cat?post=18129"},{"taxonomy":"product_tag","embeddable":true,"href":"https:\/\/karwork.eu\/pt\/wp-json\/wp\/v2\/product_tag?post=18129"}],"curies":[{"name":"wp","href":"https:\/\/api.w.org\/{rel}","templated":true}]}}