{"id":18124,"date":"2022-12-24T16:04:02","date_gmt":"2022-12-24T16:04:02","guid":{"rendered":"https:\/\/karwork.eu\/?post_type=product&#038;p=18124"},"modified":"2023-02-07T19:47:56","modified_gmt":"2023-02-07T19:47:56","slug":"foxedcare-wooly-pano-microfibra-interior-350gsm-40x40cm","status":"publish","type":"product","link":"https:\/\/karwork.eu\/pt\/product\/foxedcare-wooly-pano-microfibra-interior-350gsm-40x40cm\/","title":{"rendered":"FoxedCare Wooly \u2013 pano de microfibra interior 350GSM 40x40cm"},"content":{"rendered":"<h4>Propriedades:<\/h4>\n<ul>\n<li>40x40cm<\/li>\n<li>80% poli\u00e9ster, 20% poliamida<\/li>\n<li>350GSM<\/li>\n<li>Sin costuras<\/li>\n<li>Corte ultras\u00f3nico<\/li>\n<li>Alta eficiencia en el interior de los veh\u00edculos<\/li>\n<li>Pa\u00f1o de microfibra de uso general<\/li>\n<li>Rendimiento vers\u00e1til<\/li>\n<li>Absolutamente suave en superficies<\/li>\n<li>Aplicaci\u00f3n sin ara\u00f1azos<\/li>\n<li>Alta durabilidad gracias a los materiales de alta calidad<\/li>\n<li>Lavable hasta 60\u00b0C (se recomienda detergente de microfibra)<\/li>\n<\/ul>\n<h4>Aplicaciones:<\/h4>\n<ul>\n<li>Interior del veh\u00edculo<\/li>\n<li>Limpieza de superficies sucias<\/li>\n<li>Limpieza de herrajes y expositores<\/li>\n<li>Detallistas de procesamiento<\/li>\n<li>Eliminaci\u00f3n de ceras o abrillantadores<\/li>\n<li>Secado de superficies peque\u00f1as como llantas o entradas<\/li>\n<\/ul>\n<h4>Consejos de uso:<\/h4>\n<ul>\n<li>Lavar antes del primer uso. (sin suavizante, \u00f3ptimo con detergente de microfibra, hasta 60\u00b0C en la lavadora)<\/li>\n<li>Vuelva a lavar en caso de suciedad significativa.<\/li>\n<li>Despu\u00e9s del lavado a m\u00e1quina, agite fuertemente el pa\u00f1o interior Wooly para que las fibras se aflojen.<\/li>\n<li>Para secar el pa\u00f1o de microfibra despu\u00e9s del lavado o uso, debe secarse lo m\u00e1s extendido posible en el aire.<\/li>\n<\/ul>","protected":false},"excerpt":{"rendered":"<p>El FoxedCare Wooly es un pa\u00f1o de microfibra interior y multiuso para cualquier prop\u00f3sito en veh\u00edculos. Este es un pa\u00f1o sin borde, cortado en el proceso ultras\u00f3nico y, por lo tanto, absolutamente suave en las superficies tratadas. Las microfibras cortas y de alta calidad son especialmente adecuadas para limpiar pantallas y accesorios en interiores de veh\u00edculos.<br \/>\nWooly tambi\u00e9n es un ayudante ideal para eliminar abrillantadores \/ ceras, limpiar secciones y secar superficies m\u00e1s peque\u00f1as.<\/p>","protected":false},"featured_media":18125,"comment_status":"open","ping_status":"closed","template":"","meta":{"_acf_changed":false,"rank_math_lock_modified_date":false},"pwb-brand":[986],"product_cat":[156,144],"product_tag":[989,1117,987,1012,995,1019,1061,1021,1060,1020],"class_list":{"0":"post-18124","1":"product","2":"type-product","3":"status-publish","4":"has-post-thumbnail","6":"pwb-brand-foxed-care","7":"product_cat-secado","8":"product_cat-toallas-de-microfibra","9":"product_tag-detailing","10":"product_tag-fcm04","11":"product_tag-foxed-care","12":"product_tag-interior","13":"product_tag-limpieza","14":"product_tag-microfibra","15":"product_tag-paneles","16":"product_tag-pano","17":"product_tag-secado","18":"product_tag-toalla","20":"first","21":"instock","22":"taxable","23":"shipping-taxable","24":"purchasable","25":"product-type-simple"},"acf":[],"brands":[{"id":986,"name":"Foxed Care","slug":"foxed-care"}],"_links":{"self":[{"href":"https:\/\/karwork.eu\/pt\/wp-json\/wp\/v2\/product\/18124","targetHints":{"allow":["GET"]}}],"collection":[{"href":"https:\/\/karwork.eu\/pt\/wp-json\/wp\/v2\/product"}],"about":[{"href":"https:\/\/karwork.eu\/pt\/wp-json\/wp\/v2\/types\/product"}],"replies":[{"embeddable":true,"href":"https:\/\/karwork.eu\/pt\/wp-json\/wp\/v2\/comments?post=18124"}],"wp:featuredmedia":[{"embeddable":true,"href":"https:\/\/karwork.eu\/pt\/wp-json\/wp\/v2\/media\/18125"}],"wp:attachment":[{"href":"https:\/\/karwork.eu\/pt\/wp-json\/wp\/v2\/media?parent=18124"}],"wp:term":[{"taxonomy":"pwb-brand","embeddable":true,"href":"https:\/\/karwork.eu\/pt\/wp-json\/wp\/v2\/pwb-brand?post=18124"},{"taxonomy":"product_cat","embeddable":true,"href":"https:\/\/karwork.eu\/pt\/wp-json\/wp\/v2\/product_cat?post=18124"},{"taxonomy":"product_tag","embeddable":true,"href":"https:\/\/karwork.eu\/pt\/wp-json\/wp\/v2\/product_tag?post=18124"}],"curies":[{"name":"wp","href":"https:\/\/api.w.org\/{rel}","templated":true}]}}