{"id":18121,"date":"2022-12-24T15:51:32","date_gmt":"2022-12-24T15:51:32","guid":{"rendered":"https:\/\/karwork.eu\/?post_type=product&#038;p=18121"},"modified":"2023-02-07T19:50:22","modified_gmt":"2023-02-07T19:50:22","slug":"foxedcare-lucid-toalla-cristales-y-paneles-260gsm-35x35cm","status":"publish","type":"product","link":"https:\/\/karwork.eu\/pt\/product\/foxedcare-lucid-toalla-cristales-y-paneles-260gsm-35x35cm\/","title":{"rendered":"FoxedCare Lucid \u2013 toalha de vidro e painel 260GSM 35x35cm"},"content":{"rendered":"<h4>Propriedades:<\/h4>\n<ul>\n<li>35x35cm<\/li>\n<li>80% poli\u00e9ster, 20% poliamida<\/li>\n<li>260GSM<\/li>\n<li>Dise\u00f1o de escamas de peces (Fischschuppen-Struktur \/ Carbon-Struktur)<\/li>\n<li>Absorci\u00f3n extremadamente efectiva de suciedad y mugre<\/li>\n<li>Aplicaci\u00f3n sin ara\u00f1azos para cristales y paneles<\/li>\n<li>Uso sin rayas<\/li>\n<li>Adecuado para secar cristales y paneles<\/li>\n<li>Alta durabilidad gracias a los materiales de alta calidad<\/li>\n<li>Lavable hasta 60\u00b0C (se recomienda detergente de microfibra)<\/li>\n<\/ul>\n<h4>Aplicativo:<\/h4>\n<ol>\n<li>Mojar la superficie o los paneles a tratar con FoxedCare Glass Cleaner<\/li>\n<li>Frote el pa\u00f1o de microfibra Lucid sobre la superficie bajo presi\u00f3n ligera a media para limpiarla.<\/li>\n<li>Elimine completamente los residuos de los limpiacristales<\/li>\n<li>En caso de suciedad muy pesada, repita el proceso hasta que se logre el resultado deseado.<\/li>\n<\/ol>\n<h4>Consejos de uso:<\/h4>\n<ul>\n<li>Lavar antes del primer uso. (sin suavizante, \u00f3ptimo con detergente de microfibra, hasta 60\u00b0C en la lavadora)<\/li>\n<li>Vuelva a lavar en caso de suciedad significativa.<\/li>\n<li>Despu\u00e9s del lavado a m\u00e1quina, golpee el vidrio Lucid y el pa\u00f1o del disco con fuerza para que las fibras se aflojen.<\/li>\n<li>Para secar el pa\u00f1o de microfibra despu\u00e9s del lavado o uso, debe secarse lo m\u00e1s extendido posible en el aire.<\/li>\n<\/ul>","protected":false},"excerpt":{"rendered":"<p>El pa\u00f1o de microfibra FoxedCare Lucid tiene una estructura llamada escama de pez como superficie, tambi\u00e9n conocida como \u00abmicrofibra de carbono\u00bb, que es ideal para limpiar lunas y paneles. La estructura de fibra especial literalmente retira la suciedad de los cristales y los paneles sin da\u00f1arlos. Al mismo tiempo, las fibras aseguran una buena absorci\u00f3n de l\u00edquidos, de modo que los limpiadores de cristales y paneles se pueden absorber idealmente y se puede lograr un resultado sin rayas.<\/p>","protected":false},"featured_media":18123,"comment_status":"open","ping_status":"closed","template":"","meta":{"_acf_changed":false,"rank_math_lock_modified_date":false},"pwb-brand":[986],"product_cat":[156,144],"product_tag":[1046,989,1118,987,995,1019,1061,1021,1060,1020],"class_list":{"0":"post-18121","1":"product","2":"type-product","3":"status-publish","4":"has-post-thumbnail","6":"pwb-brand-foxed-care","7":"product_cat-secado","8":"product_cat-toallas-de-microfibra","9":"product_tag-cristales","10":"product_tag-detailing","11":"product_tag-fcm03","12":"product_tag-foxed-care","13":"product_tag-limpieza","14":"product_tag-microfibra","15":"product_tag-paneles","16":"product_tag-pano","17":"product_tag-secado","18":"product_tag-toalla","20":"first","21":"instock","22":"taxable","23":"shipping-taxable","24":"purchasable","25":"product-type-simple"},"acf":[],"brands":[{"id":986,"name":"Foxed Care","slug":"foxed-care"}],"_links":{"self":[{"href":"https:\/\/karwork.eu\/pt\/wp-json\/wp\/v2\/product\/18121","targetHints":{"allow":["GET"]}}],"collection":[{"href":"https:\/\/karwork.eu\/pt\/wp-json\/wp\/v2\/product"}],"about":[{"href":"https:\/\/karwork.eu\/pt\/wp-json\/wp\/v2\/types\/product"}],"replies":[{"embeddable":true,"href":"https:\/\/karwork.eu\/pt\/wp-json\/wp\/v2\/comments?post=18121"}],"wp:featuredmedia":[{"embeddable":true,"href":"https:\/\/karwork.eu\/pt\/wp-json\/wp\/v2\/media\/18123"}],"wp:attachment":[{"href":"https:\/\/karwork.eu\/pt\/wp-json\/wp\/v2\/media?parent=18121"}],"wp:term":[{"taxonomy":"pwb-brand","embeddable":true,"href":"https:\/\/karwork.eu\/pt\/wp-json\/wp\/v2\/pwb-brand?post=18121"},{"taxonomy":"product_cat","embeddable":true,"href":"https:\/\/karwork.eu\/pt\/wp-json\/wp\/v2\/product_cat?post=18121"},{"taxonomy":"product_tag","embeddable":true,"href":"https:\/\/karwork.eu\/pt\/wp-json\/wp\/v2\/product_tag?post=18121"}],"curies":[{"name":"wp","href":"https:\/\/api.w.org\/{rel}","templated":true}]}}