{"id":18119,"date":"2022-12-24T15:45:35","date_gmt":"2022-12-24T15:45:35","guid":{"rendered":"https:\/\/karwork.eu\/?post_type=product&#038;p=18119"},"modified":"2023-02-07T19:53:27","modified_gmt":"2023-02-07T19:53:27","slug":"foxedcare-join-toalla-multiuso-550gsm-40x40cm","status":"publish","type":"product","link":"https:\/\/karwork.eu\/pt\/product\/foxedcare-join-toalla-multiuso-550gsm-40x40cm\/","title":{"rendered":"FoxedCare Join \u2013 toalha multiuso 550GSM 40x40cm"},"content":{"rendered":"<h4><u>Propriedades:<\/u><\/h4>\n<ul>\n<li>40x40cm<\/li>\n<li>80% Poli\u00e9ster, 20% poliamida<\/li>\n<li>550GSM<\/li>\n<li>Vell\u00f3n de coral<\/li>\n<li>Sin costuras<\/li>\n<li>Corte ultras\u00f3nico<\/li>\n<li>Fibras de pelo largo en ambos lados<\/li>\n<li>Extremadamente suave<\/li>\n<li>Manejo c\u00f3modo<\/li>\n<li>Alta durabilidad gracias a los materiales de alta calidad<\/li>\n<li>Lavable hasta 60\u00b0C (se recomienda detergente de microfibra)<\/li>\n<\/ul>\n<h4><u>Aplicaciones:<\/u><\/h4>\n<ul>\n<li>Detailer r\u00e1pido de uso<\/li>\n<li>Procesamiento de ropa seca<\/li>\n<li>Uso con limpiadores interiores \/ detallistas interiores<\/li>\n<li>Uso con selladores por pulverizaci\u00f3n<\/li>\n<li>Uso con ceras<\/li>\n<li>Uso con pulidores<\/li>\n<li>Secado de superficies peque\u00f1as como llantas<\/li>\n<\/ul>\n<h4>Consejos de uso:<\/h4>\n<ul>\n<li>Lavar antes del primer uso. (sin suavizante, \u00f3ptimo con detergente de microfibra, hasta 60\u00b0C en la lavadora)<\/li>\n<li>Vuelva a lavar en caso de suciedad o saturaci\u00f3n con productos de cuidado.<\/li>\n<li>Despu\u00e9s del lavado a m\u00e1quina, bata el pa\u00f1o multiuso Join con fuerza para aflojar las fibras.<\/li>\n<li>Para secar el pa\u00f1o de microfibra despu\u00e9s del lavado o uso, debe secarse lo m\u00e1s extendido posible en el aire.<\/li>\n<\/ul>","protected":false},"excerpt":{"rendered":"<p>Uso suave de detailers en la pintura, limpieza de superficies, pulido de ceras, limpieza interior o secado de superficies peque\u00f1as como llantas.<br \/>\nLa toalla de microfibra FoxedCare Join XL es el arma multiuso perfecta para cada prop\u00f3sito. Join consiste en fibras de vell\u00f3n de coral de pelo largo, tiene un peso base perfecto de 550 GSM y es extremadamente suave. El dise\u00f1o sin montura y las propiedades ya mencionadas hacen de este pa\u00f1o de microfibra la ayuda ideal para todos los trabajos imaginables en el interior y exterior del veh\u00edculo.<\/p>","protected":false},"featured_media":18120,"comment_status":"open","ping_status":"closed","template":"","meta":{"_acf_changed":false,"rank_math_lock_modified_date":false},"pwb-brand":[986],"product_cat":[156,144],"product_tag":[989,1119,987,995,885,1019,1021,1060,1020],"class_list":{"0":"post-18119","1":"product","2":"type-product","3":"status-publish","4":"has-post-thumbnail","6":"pwb-brand-foxed-care","7":"product_cat-secado","8":"product_cat-toallas-de-microfibra","9":"product_tag-detailing","10":"product_tag-fcm02","11":"product_tag-foxed-care","12":"product_tag-limpieza","13":"product_tag-llantas","14":"product_tag-microfibra","15":"product_tag-pano","16":"product_tag-secado","17":"product_tag-toalla","19":"first","20":"instock","21":"taxable","22":"shipping-taxable","23":"purchasable","24":"product-type-simple"},"acf":[],"brands":[{"id":986,"name":"Foxed Care","slug":"foxed-care"}],"_links":{"self":[{"href":"https:\/\/karwork.eu\/pt\/wp-json\/wp\/v2\/product\/18119","targetHints":{"allow":["GET"]}}],"collection":[{"href":"https:\/\/karwork.eu\/pt\/wp-json\/wp\/v2\/product"}],"about":[{"href":"https:\/\/karwork.eu\/pt\/wp-json\/wp\/v2\/types\/product"}],"replies":[{"embeddable":true,"href":"https:\/\/karwork.eu\/pt\/wp-json\/wp\/v2\/comments?post=18119"}],"wp:featuredmedia":[{"embeddable":true,"href":"https:\/\/karwork.eu\/pt\/wp-json\/wp\/v2\/media\/18120"}],"wp:attachment":[{"href":"https:\/\/karwork.eu\/pt\/wp-json\/wp\/v2\/media?parent=18119"}],"wp:term":[{"taxonomy":"pwb-brand","embeddable":true,"href":"https:\/\/karwork.eu\/pt\/wp-json\/wp\/v2\/pwb-brand?post=18119"},{"taxonomy":"product_cat","embeddable":true,"href":"https:\/\/karwork.eu\/pt\/wp-json\/wp\/v2\/product_cat?post=18119"},{"taxonomy":"product_tag","embeddable":true,"href":"https:\/\/karwork.eu\/pt\/wp-json\/wp\/v2\/product_tag?post=18119"}],"curies":[{"name":"wp","href":"https:\/\/api.w.org\/{rel}","templated":true}]}}