{"id":18088,"date":"2022-12-22T16:23:37","date_gmt":"2022-12-22T16:23:37","guid":{"rendered":"https:\/\/karwork.eu\/?post_type=product&#038;p=18088"},"modified":"2023-02-07T20:12:18","modified_gmt":"2023-02-07T20:12:18","slug":"foxedcare-hoover-toalla-de-microfibra-1400gsm-40x40cm","status":"publish","type":"product","link":"https:\/\/karwork.eu\/pt\/product\/foxedcare-hoover-toalla-de-microfibra-1400gsm-40x40cm\/","title":{"rendered":"FoxedCare Hoover \u2013 toalha de microfibra 1400GSM 40x40cm"},"content":{"rendered":"<div class=\"col  col-md-7 col-12\">\n<div class=\"desc\">\n<h3><u>Propriedades:<\/u><\/h3>\n<ul>\n<li>Color: gris<\/li>\n<li>40x40cm<\/li>\n<li>80% poliester, 20% poliamida<\/li>\n<li>1400GSM<\/li>\n<li>Pa\u00f1o de secado premium hecho de microfibras<\/li>\n<li>Trenzado &#8211; Fibras de pelo (fibras de bucle)<\/li>\n<li>Absorci\u00f3n activa de agua, el agua es literalmente absorbida por la tela<\/li>\n<li>Rendimiento suave y efectivo, absolutamente suave en superficies<\/li>\n<li>Aplicaci\u00f3n sin ara\u00f1azos<\/li>\n<li>Alta durabilidad gracias a los materiales de alta calidad<\/li>\n<li>Lavable hasta 60\u00b0C (se recomienda detergente de microfibra)<\/li>\n<li>Seca f\u00e1cilmente varios autos en sedanes o camionetas de tama\u00f1o uno tras otro<\/li>\n<\/ul>\n<h3>\n<u>Aplicativo:<\/u><\/h3>\n<ol>\n<li>Antes de usar, noquear brevemente para extender las fibras<\/li>\n<li>Coloque el pa\u00f1o seco de microfibra Hoover sobre la superficie h\u00fameda del veh\u00edculo y d\u00e9jelo deslizarse sobre la superficie sin gran presi\u00f3n. Para hacer esto, simplemente sost\u00e9ngase en las esquinas y arr\u00e1strelas sobre la superficie.<\/li>\n<\/ol>\n<p>&nbsp;<\/p>\n<\/div>\n<\/div>\n<div class=\"col  col-md-5 col-12\"><\/div>","protected":false},"excerpt":{"rendered":"<p>El\u00a0<strong>FoxedCare Hoover<\/strong> es un pa\u00f1o\/ toalla de secado premium hecho de microfibra en forma de pila trenzada tejida (fibra de bucle), que garantiza la absorci\u00f3n activa del agua.<br \/>\nLa microfibra del FoxedCare Hoover ha sido desarrollada y probada para un rendimiento muy suave y efectivo en todas las superficies de pintura y veh\u00edculos. Por lo tanto, se puede garantizar un veh\u00edculo absolutamente libre de ara\u00f1azos y secado de pintura.<\/p>","protected":false},"featured_media":18097,"comment_status":"open","ping_status":"closed","template":"","meta":{"_acf_changed":false,"rank_math_lock_modified_date":false},"pwb-brand":[986],"product_cat":[156,144],"product_tag":[989,1259,987,995,885,1019,1021,1060,1020],"class_list":{"0":"post-18088","1":"product","2":"type-product","3":"status-publish","4":"has-post-thumbnail","6":"pwb-brand-foxed-care","7":"product_cat-secado","8":"product_cat-toallas-de-microfibra","9":"product_tag-detailing","10":"product_tag-fcm07","11":"product_tag-foxed-care","12":"product_tag-limpieza","13":"product_tag-llantas","14":"product_tag-microfibra","15":"product_tag-pano","16":"product_tag-secado","17":"product_tag-toalla","19":"first","20":"instock","21":"taxable","22":"shipping-taxable","23":"purchasable","24":"product-type-simple"},"acf":[],"brands":[{"id":986,"name":"Foxed Care","slug":"foxed-care"}],"_links":{"self":[{"href":"https:\/\/karwork.eu\/pt\/wp-json\/wp\/v2\/product\/18088","targetHints":{"allow":["GET"]}}],"collection":[{"href":"https:\/\/karwork.eu\/pt\/wp-json\/wp\/v2\/product"}],"about":[{"href":"https:\/\/karwork.eu\/pt\/wp-json\/wp\/v2\/types\/product"}],"replies":[{"embeddable":true,"href":"https:\/\/karwork.eu\/pt\/wp-json\/wp\/v2\/comments?post=18088"}],"wp:featuredmedia":[{"embeddable":true,"href":"https:\/\/karwork.eu\/pt\/wp-json\/wp\/v2\/media\/18097"}],"wp:attachment":[{"href":"https:\/\/karwork.eu\/pt\/wp-json\/wp\/v2\/media?parent=18088"}],"wp:term":[{"taxonomy":"pwb-brand","embeddable":true,"href":"https:\/\/karwork.eu\/pt\/wp-json\/wp\/v2\/pwb-brand?post=18088"},{"taxonomy":"product_cat","embeddable":true,"href":"https:\/\/karwork.eu\/pt\/wp-json\/wp\/v2\/product_cat?post=18088"},{"taxonomy":"product_tag","embeddable":true,"href":"https:\/\/karwork.eu\/pt\/wp-json\/wp\/v2\/product_tag?post=18088"}],"curies":[{"name":"wp","href":"https:\/\/api.w.org\/{rel}","templated":true}]}}