{"id":18085,"date":"2022-12-22T16:07:57","date_gmt":"2022-12-22T16:07:57","guid":{"rendered":"https:\/\/karwork.eu\/?post_type=product&#038;p=18085"},"modified":"2023-02-07T20:18:00","modified_gmt":"2023-02-07T20:18:00","slug":"tyre-cleaner-limpiador-de-neumaticos-500ml","status":"publish","type":"product","link":"https:\/\/karwork.eu\/pt\/product\/tyre-cleaner-limpiador-de-neumaticos-500ml\/","title":{"rendered":"Tyre Cleaner &#8211; limpiador de neum\u00e1ticos 500ml"},"content":{"rendered":"<h4><u>Propriedades:<\/u><\/h4>\n<ul>\n<li>Limpiador especial para neum\u00e1ticos<\/li>\n<li>Limpieza intensiva<\/li>\n<li>Absolutamente suave con el material<\/li>\n<li>Disuelve incluso la suciedad estancada<\/li>\n<li>Elimina la suciedad marr\u00f3n del neum\u00e1tico<\/li>\n<li>Asegura un aspecto fresco y nuevo de los neum\u00e1ticos<\/li>\n<\/ul>\n<h4>\n<u>Aplicativo:<\/u><\/h4>\n<ol>\n<li>Agite la botella correctamente para que todos los ingredientes se distribuyan<\/li>\n<li><span>En caso de suciedad\u00a0<strong><u>pesada<\/u>:<\/strong><\/span>\n<ol>\n<li>Limpiador de neum\u00e1ticos en aerosol en los neum\u00e1ticos<\/li>\n<li>Masajear en el neum\u00e1tico con un cepillo bajo una ligera presi\u00f3n<\/li>\n<li>Luego enjuague con una limpiadora de alta presi\u00f3n<\/li>\n<\/ol>\n<\/li>\n<li><span>Para suciedad<strong>\u00a0<u>ligera<\/u>:<\/strong><\/span>\n<ol>\n<li>Limpiador de neum\u00e1ticos en aerosol en los neum\u00e1ticos<\/li>\n<li>Limpie con un pa\u00f1o de microfibra<\/li>\n<li>Si es necesario, enjuague adicionalmente con una limpiadora de alta presi\u00f3n<\/li>\n<\/ol>\n<\/li>\n<\/ol>\n<h4>\n<u>Consejos:<\/u><\/h4>\n<ul>\n<li>No procesar en superficies calientes o bajo la luz solar intensa<\/li>\n<li>No dejar secar<\/li>\n<li>Agitar antes de usar<\/li>\n<\/ul>","protected":false},"excerpt":{"rendered":"<p>TyreCleaner de FoxedCare es un limpiador especial dise\u00f1ado para la limpieza intensiva de neum\u00e1ticos. El producto penetra profundamente en el material y elimina incluso la suciedad atrapada sin dejar residuos. TyreCleaner es adecuado tanto para neum\u00e1ticos extremadamente sucios como ligeramente sucios. La aplicaci\u00f3n es extremadamente simple y r\u00e1pida, por lo que este producto no debe faltar en ning\u00fan lavado.<\/p>","protected":false},"featured_media":18086,"comment_status":"open","ping_status":"closed","template":"","meta":{"_acf_changed":false,"rank_math_lock_modified_date":false},"pwb-brand":[986],"product_cat":[1009],"product_tag":[989,1260,987,995,885,1044,1058,1059],"class_list":{"0":"post-18085","1":"product","2":"type-product","3":"status-publish","4":"has-post-thumbnail","6":"pwb-brand-foxed-care","7":"product_cat-llantas-neumaticos","8":"product_tag-detailing","9":"product_tag-fcf25","10":"product_tag-foxed-care","11":"product_tag-limpieza","12":"product_tag-llantas","13":"product_tag-neumaticos","14":"product_tag-ruedas","15":"product_tag-tyre","17":"first","18":"instock","19":"taxable","20":"shipping-taxable","21":"purchasable","22":"product-type-simple"},"acf":[],"brands":[{"id":986,"name":"Foxed Care","slug":"foxed-care"}],"_links":{"self":[{"href":"https:\/\/karwork.eu\/pt\/wp-json\/wp\/v2\/product\/18085","targetHints":{"allow":["GET"]}}],"collection":[{"href":"https:\/\/karwork.eu\/pt\/wp-json\/wp\/v2\/product"}],"about":[{"href":"https:\/\/karwork.eu\/pt\/wp-json\/wp\/v2\/types\/product"}],"replies":[{"embeddable":true,"href":"https:\/\/karwork.eu\/pt\/wp-json\/wp\/v2\/comments?post=18085"}],"wp:featuredmedia":[{"embeddable":true,"href":"https:\/\/karwork.eu\/pt\/wp-json\/wp\/v2\/media\/18086"}],"wp:attachment":[{"href":"https:\/\/karwork.eu\/pt\/wp-json\/wp\/v2\/media?parent=18085"}],"wp:term":[{"taxonomy":"pwb-brand","embeddable":true,"href":"https:\/\/karwork.eu\/pt\/wp-json\/wp\/v2\/pwb-brand?post=18085"},{"taxonomy":"product_cat","embeddable":true,"href":"https:\/\/karwork.eu\/pt\/wp-json\/wp\/v2\/product_cat?post=18085"},{"taxonomy":"product_tag","embeddable":true,"href":"https:\/\/karwork.eu\/pt\/wp-json\/wp\/v2\/product_tag?post=18085"}],"curies":[{"name":"wp","href":"https:\/\/api.w.org\/{rel}","templated":true}]}}