{"id":18082,"date":"2022-12-22T15:52:56","date_gmt":"2022-12-22T15:52:56","guid":{"rendered":"https:\/\/karwork.eu\/?post_type=product&#038;p=18082"},"modified":"2023-02-07T20:21:54","modified_gmt":"2023-02-07T20:21:54","slug":"tyre-refresh-detailer-de-neumaticos-500ml","status":"publish","type":"product","link":"https:\/\/karwork.eu\/pt\/product\/tyre-refresh-detailer-de-neumaticos-500ml\/","title":{"rendered":"Atualiza\u00e7\u00e3o de pneus \u2013 Detalhe de pneus 500ml"},"content":{"rendered":"<h4><u>Propriedades:<\/u><\/h4>\n<ul>\n<li>Cuidado profesional de los neum\u00e1ticos<\/li>\n<li>Adecuado para todos los neum\u00e1ticos y piezas de goma<\/li>\n<li>Efecto a largo plazo<\/li>\n<li>Aplicaci\u00f3n de pulverizaci\u00f3n posible gracias a su viscosidad especial<\/li>\n<li>Nutre y protege contra la contaminaci\u00f3n y la decoloraci\u00f3n por radiaci\u00f3n UV<\/li>\n<li>Incluso los neum\u00e1ticos marrones tienen un nuevo aspecto<\/li>\n<li>F\u00f3rmula de efecto mate -&gt; sin brillo graso<\/li>\n<li>Se absorbe completamente en las superficies tratadas<\/li>\n<li>No salpica los componentes circundantes debido al movimiento de rotaci\u00f3n de los neum\u00e1ticos<\/li>\n<\/ul>\n<h4>\n<u>Aplicativo:<\/u><\/h4>\n<ol>\n<li>Agite la botella correctamente para que todos los ingredientes se distribuyan<\/li>\n<li>Roc\u00ede Tyre Refresh sobre una esponja o aplicador<\/li>\n<li>Frote la superficie a tratar con cuidado.<\/li>\n<li>Deje que el producto sea absorbido y limpie cualquier residuo con un pa\u00f1o de microfibra<\/li>\n<\/ol>\n<h4>\n<u>Consejos:<\/u><\/h4>\n<ul>\n<li>No procesar en superficies calientes o bajo la luz solar intensa<\/li>\n<\/ul>","protected":false},"excerpt":{"rendered":"<p>FoxedCare Tire Refresh es un cuidado profesional de neum\u00e1ticos para todo tipo de neum\u00e1ticos y piezas de caucho en veh\u00edculos. El cuidado de los neum\u00e1ticos es muy econ\u00f3mico e incluso se puede utilizar pulverizando gracias a la viscosidad especial. Gracias a la f\u00f3rmula de efecto mate, los neum\u00e1ticos y las piezas de goma obtienen un nuevo aspecto sin brillo graso. Tyre Refresh absorbe de forma ordenada y completa el material, de modo que no se dispersan residuos del producto a los componentes cercanos durante el viaje. Las superficies tratadas no solo obtienen un efecto \u00f3ptico bien cuidado, sino que tambi\u00e9n est\u00e1n protegidas contra la suciedad nueva.<\/p>","protected":false},"featured_media":18083,"comment_status":"open","ping_status":"closed","template":"","meta":{"_acf_changed":false,"rank_math_lock_modified_date":false},"pwb-brand":[986],"product_cat":[1009,141],"product_tag":[1033,989,1261,987,995,885,1044,1058],"class_list":{"0":"post-18082","1":"product","2":"type-product","3":"status-publish","4":"has-post-thumbnail","6":"pwb-brand-foxed-care","7":"product_cat-llantas-neumaticos","8":"product_cat-quick-detailers","9":"product_tag-detailer","10":"product_tag-detailing","11":"product_tag-fcf26","12":"product_tag-foxed-care","13":"product_tag-limpieza","14":"product_tag-llantas","15":"product_tag-neumaticos","16":"product_tag-ruedas","18":"first","19":"instock","20":"taxable","21":"shipping-taxable","22":"purchasable","23":"product-type-simple"},"acf":[],"brands":[{"id":986,"name":"Foxed Care","slug":"foxed-care"}],"_links":{"self":[{"href":"https:\/\/karwork.eu\/pt\/wp-json\/wp\/v2\/product\/18082","targetHints":{"allow":["GET"]}}],"collection":[{"href":"https:\/\/karwork.eu\/pt\/wp-json\/wp\/v2\/product"}],"about":[{"href":"https:\/\/karwork.eu\/pt\/wp-json\/wp\/v2\/types\/product"}],"replies":[{"embeddable":true,"href":"https:\/\/karwork.eu\/pt\/wp-json\/wp\/v2\/comments?post=18082"}],"wp:featuredmedia":[{"embeddable":true,"href":"https:\/\/karwork.eu\/pt\/wp-json\/wp\/v2\/media\/18083"}],"wp:attachment":[{"href":"https:\/\/karwork.eu\/pt\/wp-json\/wp\/v2\/media?parent=18082"}],"wp:term":[{"taxonomy":"pwb-brand","embeddable":true,"href":"https:\/\/karwork.eu\/pt\/wp-json\/wp\/v2\/pwb-brand?post=18082"},{"taxonomy":"product_cat","embeddable":true,"href":"https:\/\/karwork.eu\/pt\/wp-json\/wp\/v2\/product_cat?post=18082"},{"taxonomy":"product_tag","embeddable":true,"href":"https:\/\/karwork.eu\/pt\/wp-json\/wp\/v2\/product_tag?post=18082"}],"curies":[{"name":"wp","href":"https:\/\/api.w.org\/{rel}","templated":true}]}}