{"id":18073,"date":"2022-12-22T13:59:09","date_gmt":"2022-12-22T13:59:09","guid":{"rendered":"https:\/\/karwork.eu\/?post_type=product&#038;p=18073"},"modified":"2023-02-07T20:41:39","modified_gmt":"2023-02-07T20:41:39","slug":"car-detailer-500ml","status":"publish","type":"product","link":"https:\/\/karwork.eu\/pt\/product\/car-detailer-500ml\/","title":{"rendered":"Detalhe de Carro 500ml"},"content":{"rendered":"<h4><u>Propriedades:<\/u><\/h4>\n<ul>\n<li>Propiedades hidrof\u00f3bicas &#8211; Beading<\/li>\n<li>Deja una superficie de alto brillo y muy lisa<\/li>\n<li>Uso sin tiras ni residuos<\/li>\n<li>Adecuado para todos los materiales (pintura, vidrio, cromo, caucho, pl\u00e1stico, etc.)<\/li>\n<li>Elimina la suciedad ligera como polvo, huellas dactilares, etc.<\/li>\n<li>Adecuado para superficies selladas y no selladas<\/li>\n<li>Preserva la superficie y minimiza la contaminaci\u00f3n<\/li>\n<li>Perfecto para la preparaci\u00f3n de veh\u00edculos o en eventos\/ferias comerciales<\/li>\n<\/ul>\n<h4>\n<u>Aplicativo:<\/u><\/h4>\n<ol>\n<li>Lave y seque bien el veh\u00edculo<\/li>\n<li>Agitar bien la botella para que los ingredientes se distribuyan<\/li>\n<li>Superficie h\u00fameda (superficie de 30x30cm aprox. 1 pulverizaci\u00f3n)<\/li>\n<li>Eliminaci\u00f3n de residuos con un pa\u00f1o de microfibra<\/li>\n<\/ol>\n<p>&nbsp;<\/p>\n<h4><u>Consejos:<\/u><\/h4>\n<ul>\n<li>No utilice el producto en superficies calientes<\/li>\n<li>No permita que el producto se seque<\/li>\n<li>Prueba de idoneidad antes de su uso en materiales at\u00edpicos<\/li>\n<\/ul>\n<h4>\n<u>Accesorios recomendados:<\/u><\/h4>\n<ul>\n<li><a href=\"https:\/\/karwork.eu\/product\/foxedcare-join-toalla-multiuso-550gsm-40x40cm\/\">FoxedCare &#8211; Toalla Join multiuso 500GSM 40x40cm<\/a><\/li>\n<\/ul>","protected":false},"excerpt":{"rendered":"<p>El FoxedCare &#8211; Car Detailer es uno de los productos m\u00e1s sofisticados de nuestra gama de productos.<br \/>\nSu uso extremadamente simple, con el m\u00e1ximo rendimiento fueron nuestros objetivos m\u00e1s importantes para este Quick Detailer.<br \/>\nLas propiedades hidrof\u00f3bicas especiales garantizan un excelente comportamiento con las gotas y la contaminaci\u00f3n se minimiza significativamente.<br \/>\nAdem\u00e1s de sus propiedades de sellado y nutrici\u00f3n, el Car Detailer tambi\u00e9n se puede utilizar para eliminar la suciedad ligera, como las huellas dactilares y el polvo.<br \/>\nUna herramienta imprescindible para todos los amantes de los veh\u00edculos y perfecta para un repaso r\u00e1pido en expos \/ eventos.<\/p>","protected":false},"featured_media":18074,"comment_status":"open","ping_status":"closed","template":"","meta":{"_acf_changed":false,"rank_math_lock_modified_date":false},"pwb-brand":[986],"product_cat":[157,141],"product_tag":[1033,989,1264,987,1017,997,995],"class_list":{"0":"post-18073","1":"product","2":"type-product","3":"status-publish","4":"has-post-thumbnail","6":"pwb-brand-foxed-care","7":"product_cat-limpieza-en-seco","8":"product_cat-quick-detailers","9":"product_tag-detailer","10":"product_tag-detailing","11":"product_tag-fcf05","12":"product_tag-foxed-care","13":"product_tag-gotas","14":"product_tag-lavado","15":"product_tag-limpieza","17":"first","18":"instock","19":"taxable","20":"shipping-taxable","21":"purchasable","22":"product-type-simple"},"acf":[],"brands":[{"id":986,"name":"Foxed Care","slug":"foxed-care"}],"_links":{"self":[{"href":"https:\/\/karwork.eu\/pt\/wp-json\/wp\/v2\/product\/18073","targetHints":{"allow":["GET"]}}],"collection":[{"href":"https:\/\/karwork.eu\/pt\/wp-json\/wp\/v2\/product"}],"about":[{"href":"https:\/\/karwork.eu\/pt\/wp-json\/wp\/v2\/types\/product"}],"replies":[{"embeddable":true,"href":"https:\/\/karwork.eu\/pt\/wp-json\/wp\/v2\/comments?post=18073"}],"wp:featuredmedia":[{"embeddable":true,"href":"https:\/\/karwork.eu\/pt\/wp-json\/wp\/v2\/media\/18074"}],"wp:attachment":[{"href":"https:\/\/karwork.eu\/pt\/wp-json\/wp\/v2\/media?parent=18073"}],"wp:term":[{"taxonomy":"pwb-brand","embeddable":true,"href":"https:\/\/karwork.eu\/pt\/wp-json\/wp\/v2\/pwb-brand?post=18073"},{"taxonomy":"product_cat","embeddable":true,"href":"https:\/\/karwork.eu\/pt\/wp-json\/wp\/v2\/product_cat?post=18073"},{"taxonomy":"product_tag","embeddable":true,"href":"https:\/\/karwork.eu\/pt\/wp-json\/wp\/v2\/product_tag?post=18073"}],"curies":[{"name":"wp","href":"https:\/\/api.w.org\/{rel}","templated":true}]}}