{"id":18059,"date":"2022-12-21T23:10:53","date_gmt":"2022-12-21T23:10:53","guid":{"rendered":"https:\/\/karwork.eu\/?post_type=product&#038;p=18059"},"modified":"2023-02-07T20:58:18","modified_gmt":"2023-02-07T20:58:18","slug":"wheel-brush-flexible-limpiador-de-llantas-flexible-foxedcare","status":"publish","type":"product","link":"https:\/\/karwork.eu\/pt\/product\/wheel-brush-flexible-limpiador-de-llantas-flexible-foxedcare\/","title":{"rendered":"Escova de roda flex\u00edvel \u2013 Limpador de aro flex\u00edvel FoxedCare"},"content":{"rendered":"<h4>FoxedCare Wheel Brush Flexible 49cm<\/h4>\n<p>Wheel Brush flexible toma mezclas usadas de limpiador de llantas o agua-champ\u00fa como una esponja y permite una f\u00e1cil distribuci\u00f3n a las \u00faltimas esquinas y bordes de todo tipo de llantas. El mango acolchado y el peso m\u00ednimo garantizan un manejo c\u00f3modo y tambi\u00e9n son muy duraderos. Para este limpiador de llanta, solo se utilizan materiales que son resistentes a los limpiadores de llantas de pH neutro y no da\u00f1an el material de la llanta.<\/p>\n<h4>Propriedades:<\/h4>\n<ul>\n<li>Herramienta eficaz y segura para la limpieza de llantas<\/li>\n<li>Alta calidad y materiales resistentes.<\/li>\n<li>100% seguro en todos los materiales de llanta<\/li>\n<li>Sin ara\u00f1azos ni da\u00f1os en la superficie<\/li>\n<li>Microfibras muy absorbentes<\/li>\n<li>Aplicaci\u00f3n flexible a todo tipo de llantas<\/li>\n<li>Resistente a limpiadores de llantas de pH neutro u otros agentes de limpieza<\/li>\n<li>C\u00f3modo mango de espuma<\/li>\n<li>Longitud = 49cm<\/li>\n<\/ul>","protected":false},"excerpt":{"rendered":"<p>El Wheel Brush Flexible FoxedCare es la herramienta m\u00e1s eficaz y segura para la limpieza de llantas.<br \/>\nGracias al cabezal flexible del cepillo de microfibra, incluso los lugares dif\u00edciles de alcanzar en las llantas y los neum\u00e1ticos ya no son un problema.<br \/>\nLas microfibras de alta calidad son extremadamente robustas y ofrecen una alta absorbencia.<\/p>","protected":false},"featured_media":18061,"comment_status":"open","ping_status":"closed","template":"","meta":{"_acf_changed":false,"rank_math_lock_modified_date":false},"pwb-brand":[986],"product_cat":[168,1009],"product_tag":[1035,989,1270,987,997,995,885,1013,1044],"class_list":{"0":"post-18059","1":"product","2":"type-product","3":"status-publish","4":"has-post-thumbnail","6":"pwb-brand-foxed-care","7":"product_cat-cepillos","8":"product_cat-llantas-neumaticos","9":"product_tag-cepillo","10":"product_tag-detailing","11":"product_tag-fcz30","12":"product_tag-foxed-care","13":"product_tag-lavado","14":"product_tag-limpieza","15":"product_tag-llantas","16":"product_tag-minitalla","17":"product_tag-neumaticos","19":"first","20":"instock","21":"taxable","22":"shipping-taxable","23":"purchasable","24":"product-type-simple"},"acf":[],"brands":[{"id":986,"name":"Foxed Care","slug":"foxed-care"}],"_links":{"self":[{"href":"https:\/\/karwork.eu\/pt\/wp-json\/wp\/v2\/product\/18059","targetHints":{"allow":["GET"]}}],"collection":[{"href":"https:\/\/karwork.eu\/pt\/wp-json\/wp\/v2\/product"}],"about":[{"href":"https:\/\/karwork.eu\/pt\/wp-json\/wp\/v2\/types\/product"}],"replies":[{"embeddable":true,"href":"https:\/\/karwork.eu\/pt\/wp-json\/wp\/v2\/comments?post=18059"}],"wp:featuredmedia":[{"embeddable":true,"href":"https:\/\/karwork.eu\/pt\/wp-json\/wp\/v2\/media\/18061"}],"wp:attachment":[{"href":"https:\/\/karwork.eu\/pt\/wp-json\/wp\/v2\/media?parent=18059"}],"wp:term":[{"taxonomy":"pwb-brand","embeddable":true,"href":"https:\/\/karwork.eu\/pt\/wp-json\/wp\/v2\/pwb-brand?post=18059"},{"taxonomy":"product_cat","embeddable":true,"href":"https:\/\/karwork.eu\/pt\/wp-json\/wp\/v2\/product_cat?post=18059"},{"taxonomy":"product_tag","embeddable":true,"href":"https:\/\/karwork.eu\/pt\/wp-json\/wp\/v2\/product_tag?post=18059"}],"curies":[{"name":"wp","href":"https:\/\/api.w.org\/{rel}","templated":true}]}}