{"id":18048,"date":"2022-12-21T21:03:55","date_gmt":"2022-12-21T21:03:55","guid":{"rendered":"https:\/\/karwork.eu\/?post_type=product&#038;p=18048"},"modified":"2023-02-07T21:16:47","modified_gmt":"2023-02-07T21:16:47","slug":"precleaner-para-prelavado-1l","status":"publish","type":"product","link":"https:\/\/karwork.eu\/pt\/product\/precleaner-para-prelavado-1l\/","title":{"rendered":"PreCleaner para prelavado 1L"},"content":{"rendered":"<h4><u>Propriedades:<\/u><\/h4>\n<ul>\n<li>Rendimiento de limpieza extremadamente fuerte<\/li>\n<li>Elimina sin esfuerzo la suciedad, el barro, el alquitr\u00e1n, los insectos y todas las dem\u00e1s influencias ambientales<\/li>\n<li>Aplicaci\u00f3n m\u00e1s sencilla -&gt; pulverizaci\u00f3n -&gt; dejar actuar -Enjuagar &gt; con limpiador de alta presi\u00f3n<\/li>\n<li>Preparaci\u00f3n perfecta para el lavado manual de manos<\/li>\n<li>Minimiza el riesgo de ara\u00f1azos durante el lavado de manos<\/li>\n<li>Consistencia gelatinosa para que el limpiador no se seque r\u00e1pidamente<\/li>\n<li>Adecuado para pintura, pl\u00e1stico, vidrio, caucho, metal, etc.<\/li>\n<li>Absolutamente suave con el material<\/li>\n<li>Limpiador especial sin \u00e1cido<\/li>\n<li>Sin olor desagradable durante el uso<\/li>\n<\/ul>\n<h4>\n<u>Aplicativo:<\/u><\/h4>\n<ol>\n<li>Agite la botella correctamente para que todos los ingredientes se distribuyan<\/li>\n<li>Mojar completamente la superficie a tratar (superficie fr\u00eda \/ tibia)<\/li>\n<li>Dejar actuar brevemente (aprox. 3-5 minutos)<\/li>\n<li>Con un limpiador de alta presi\u00f3n, enjuague bien la suciedad y los residuos<\/li>\n<\/ol>\n<h4>\n<u>Consejos:<\/u><\/h4>\n<ul>\n<li>No utilice el producto en superficies calientes<\/li>\n<li>No permita que el producto se seque<\/li>\n<\/ul>","protected":false},"excerpt":{"rendered":"<p>Foxed PreCleaner es un prelimpiador extremadamente intensivo para todo el exterior del veh\u00edculo.<br \/>\nLos ingredientes activos y de alta calidad disuelven la suciedad, el alquitr\u00e1n, los residuos de insectos, el barro y todas las<br \/>\nimpurezas imaginables, de modo que luego se pueden lavar con un limpiador de alta presi\u00f3n.<br \/>\nA trav\u00e9s de esta preparaci\u00f3n, el Pre Cleaner no solo facilita mucho el lavado manual del veh\u00edculo, sino que tambi\u00e9n minimiza el riesgo de ara\u00f1azos en la pintura debido a una fuerte contaminaci\u00f3n.<br \/>\nAdecuado para pintura, pl\u00e1stico, vidrio, caucho, metal y todos los dem\u00e1s materiales en veh\u00edculos de motor.<\/p>","protected":false},"featured_media":18051,"comment_status":"open","ping_status":"closed","template":"","meta":{"_acf_changed":false,"rank_math_lock_modified_date":false},"pwb-brand":[986],"product_cat":[154],"product_tag":[1001,989,1272,987,997,995,1011,1010],"class_list":{"0":"post-18048","1":"product","2":"type-product","3":"status-publish","4":"has-post-thumbnail","6":"pwb-brand-foxed-care","7":"product_cat-prelavado","8":"product_tag-5l","9":"product_tag-detailing","10":"product_tag-fcf36","11":"product_tag-foxed-care","12":"product_tag-lavado","13":"product_tag-limpieza","14":"product_tag-precleaner","15":"product_tag-prelavado","17":"first","18":"instock","19":"taxable","20":"shipping-taxable","21":"purchasable","22":"product-type-simple"},"acf":[],"brands":[{"id":986,"name":"Foxed Care","slug":"foxed-care"}],"_links":{"self":[{"href":"https:\/\/karwork.eu\/pt\/wp-json\/wp\/v2\/product\/18048","targetHints":{"allow":["GET"]}}],"collection":[{"href":"https:\/\/karwork.eu\/pt\/wp-json\/wp\/v2\/product"}],"about":[{"href":"https:\/\/karwork.eu\/pt\/wp-json\/wp\/v2\/types\/product"}],"replies":[{"embeddable":true,"href":"https:\/\/karwork.eu\/pt\/wp-json\/wp\/v2\/comments?post=18048"}],"wp:featuredmedia":[{"embeddable":true,"href":"https:\/\/karwork.eu\/pt\/wp-json\/wp\/v2\/media\/18051"}],"wp:attachment":[{"href":"https:\/\/karwork.eu\/pt\/wp-json\/wp\/v2\/media?parent=18048"}],"wp:term":[{"taxonomy":"pwb-brand","embeddable":true,"href":"https:\/\/karwork.eu\/pt\/wp-json\/wp\/v2\/pwb-brand?post=18048"},{"taxonomy":"product_cat","embeddable":true,"href":"https:\/\/karwork.eu\/pt\/wp-json\/wp\/v2\/product_cat?post=18048"},{"taxonomy":"product_tag","embeddable":true,"href":"https:\/\/karwork.eu\/pt\/wp-json\/wp\/v2\/product_tag?post=18048"}],"curies":[{"name":"wp","href":"https:\/\/api.w.org\/{rel}","templated":true}]}}