{"id":18042,"date":"2022-12-21T19:32:26","date_gmt":"2022-12-21T19:32:26","guid":{"rendered":"https:\/\/karwork.eu\/?post_type=product&#038;p=18042"},"modified":"2023-02-07T21:26:33","modified_gmt":"2023-02-07T21:26:33","slug":"esponja-interior-foxedcare","status":"publish","type":"product","link":"https:\/\/karwork.eu\/pt\/product\/esponja-interior-foxedcare\/","title":{"rendered":"Esponja interna FoxedCare"},"content":{"rendered":"<h4>Propriedades:<\/h4>\n<ul>\n<li>Dos lados diferentes\n<ul>\n<li>Cerdas suaves para incorporar los limpiadores<\/li>\n<li>Pa\u00f1o de felpa de microfibra para absorber la suciedad<\/li>\n<\/ul>\n<\/li>\n<li>100% amigable con los materiales en todos los materiales\n<ul>\n<li>Textil<\/li>\n<li>Coj\u00edn<\/li>\n<li>Couro<\/li>\n<li>alc\u00e2ntara<\/li>\n<li>Pl\u00e1stico<\/li>\n<li>y dem\u00e1s materiales<\/li>\n<\/ul>\n<\/li>\n<li>Tambi\u00e9n adecuado para la aplicaci\u00f3n de productos de cuidado\n<ul>\n<li>Trabaja profundamente en las fibras con las cerdas suaves<\/li>\n<li>Use el lado de rugoso para eliminar los excedentes<\/li>\n<\/ul>\n<\/li>\n<li>Aplicador completo para todo el interior<\/li>\n<\/ul>","protected":false},"excerpt":{"rendered":"<p>La esponja interior es ideal para uso de todos los materiales en el interior del veh\u00edculo.<br \/>\nCada esponja est\u00e1 formada con dos lados diferentes. Un lado con cerdas suaves y el otro con una capa de microfibra Fottier. Las suaves cerdas\u00a0 se incorporan de manera excelente en textiles, tapicer\u00eda, cuero, pl\u00e1stico, etc. y, por lo tanto, tambi\u00e9n en disolver la suciedad profunda. El material de suave rizo y absorbente es ideal para absorber la suciedad disuelta. Todos los materiales son absolutamente suaves con las superficies y, por lo tanto, la esponja interior es el compa\u00f1ero perfecto para cualquier limpieza en el interior del veh\u00edculo.<\/p>\n<p>Dimensiones: 13*8cm Espesor: 2,5cm<\/p>","protected":false},"featured_media":18043,"comment_status":"open","ping_status":"closed","template":"","meta":{"_acf_changed":false,"rank_math_lock_modified_date":false},"pwb-brand":[986],"product_cat":[170,147,157,1009],"product_tag":[989,1041,1274,987,1012,997,995,1042],"class_list":{"0":"post-18042","1":"product","2":"type-product","3":"status-publish","4":"has-post-thumbnail","6":"pwb-brand-foxed-care","7":"product_cat-guantes-y-esponjas","8":"product_cat-interior","9":"product_cat-limpieza-en-seco","10":"product_cat-llantas-neumaticos","11":"product_tag-detailing","12":"product_tag-esponja","13":"product_tag-fcz27","14":"product_tag-foxed-care","15":"product_tag-interior","16":"product_tag-lavado","17":"product_tag-limpieza","18":"product_tag-manopla","20":"first","21":"instock","22":"taxable","23":"shipping-taxable","24":"purchasable","25":"product-type-simple"},"acf":[],"brands":[{"id":986,"name":"Foxed Care","slug":"foxed-care"}],"_links":{"self":[{"href":"https:\/\/karwork.eu\/pt\/wp-json\/wp\/v2\/product\/18042","targetHints":{"allow":["GET"]}}],"collection":[{"href":"https:\/\/karwork.eu\/pt\/wp-json\/wp\/v2\/product"}],"about":[{"href":"https:\/\/karwork.eu\/pt\/wp-json\/wp\/v2\/types\/product"}],"replies":[{"embeddable":true,"href":"https:\/\/karwork.eu\/pt\/wp-json\/wp\/v2\/comments?post=18042"}],"wp:featuredmedia":[{"embeddable":true,"href":"https:\/\/karwork.eu\/pt\/wp-json\/wp\/v2\/media\/18043"}],"wp:attachment":[{"href":"https:\/\/karwork.eu\/pt\/wp-json\/wp\/v2\/media?parent=18042"}],"wp:term":[{"taxonomy":"pwb-brand","embeddable":true,"href":"https:\/\/karwork.eu\/pt\/wp-json\/wp\/v2\/pwb-brand?post=18042"},{"taxonomy":"product_cat","embeddable":true,"href":"https:\/\/karwork.eu\/pt\/wp-json\/wp\/v2\/product_cat?post=18042"},{"taxonomy":"product_tag","embeddable":true,"href":"https:\/\/karwork.eu\/pt\/wp-json\/wp\/v2\/product_tag?post=18042"}],"curies":[{"name":"wp","href":"https:\/\/api.w.org\/{rel}","templated":true}]}}