{"id":18008,"date":"2022-12-21T16:59:08","date_gmt":"2022-12-21T16:59:08","guid":{"rendered":"https:\/\/karwork.eu\/?post_type=product&#038;p=18008"},"modified":"2023-02-07T21:46:59","modified_gmt":"2023-02-07T21:46:59","slug":"interior-detailer-mate-500ml","status":"publish","type":"product","link":"https:\/\/karwork.eu\/pt\/product\/interior-detailer-mate-500ml\/","title":{"rendered":"Interior Detailer Mate 500ml"},"content":{"rendered":"<h4><u>Propriedades:<\/u><\/h4>\n<ul>\n<li>Cuidado profesional para el interior<\/li>\n<li>Preserva y protege la superficie tratada del desgaste t\u00edpico (por ejemplo, grietas)<\/li>\n<li>La superficie tratada est\u00e1 protegida de la radiaci\u00f3n UV<\/li>\n<li>Las superficies descoloridas, viejas y desgastadas se refrescan suavemente<\/li>\n<li>Oscurecimiento semibrillante de la superficie tratada<\/li>\n<li>Adecuado para todas las piezas de pl\u00e1stico y tipos de cuero (salpicadero, molduras interiores, umbrales de puertas, asientos de cuero, etc.)<\/li>\n<\/ul>\n<h4>\n<u>Aplicativo:<\/u><\/h4>\n<ol>\n<li>Agitar bien la botella para que todos los ingredientes se distribuyan<\/li>\n<li>Roc\u00ede el detallador interior directamente sobre la superficie a mantener o sobre un pa\u00f1o \/ aplicador de microfibra y humedezca adecuadamente<\/li>\n<li>Utilice un pa\u00f1o \/ aplicador de microfibra para tratar la superficie a tratar bajo una ligera presi\u00f3n.<\/li>\n<li>Elimine los residuos con un pa\u00f1o seco.<\/li>\n<\/ol>","protected":false},"excerpt":{"rendered":"<p>El detallador interior FoxedCare garantiza el acabado perfecto en el interior del veh\u00edculo.<\/p>\n<p>El producto es ideal para el cuidado de la cabina, los accesorios, los pl\u00e1sticos o incluso el cuero despu\u00e9s de la limpieza. Las superficies se mantienen y conservan para evitar grietas o una superficie quebradiza a largo plazo y para obtener un nuevo efecto coche con un acabado mate.<\/p>\n<p>El cuidado interior tambi\u00e9n ofrece una buena protecci\u00f3n UV y, por lo tanto, protege el material de la decoloraci\u00f3n.<\/p>\n<p>Con boquilla de pulverizaci\u00f3n para facilitar su aplicaci\u00f3n.<\/p>","protected":false},"featured_media":18009,"comment_status":"open","ping_status":"closed","template":"","meta":{"_acf_changed":false,"rank_math_lock_modified_date":false},"pwb-brand":[986],"product_cat":[147],"product_tag":[989,1281,987,1012,997,995,1018,1013],"class_list":{"0":"post-18008","1":"product","2":"type-product","3":"status-publish","4":"has-post-thumbnail","6":"pwb-brand-foxed-care","7":"product_cat-interior","8":"product_tag-detailing","9":"product_tag-fcf09","10":"product_tag-foxed-care","11":"product_tag-interior","12":"product_tag-lavado","13":"product_tag-limpieza","14":"product_tag-mate","15":"product_tag-minitalla","17":"first","18":"instock","19":"taxable","20":"shipping-taxable","21":"purchasable","22":"product-type-simple"},"acf":[],"brands":[{"id":986,"name":"Foxed Care","slug":"foxed-care"}],"_links":{"self":[{"href":"https:\/\/karwork.eu\/pt\/wp-json\/wp\/v2\/product\/18008","targetHints":{"allow":["GET"]}}],"collection":[{"href":"https:\/\/karwork.eu\/pt\/wp-json\/wp\/v2\/product"}],"about":[{"href":"https:\/\/karwork.eu\/pt\/wp-json\/wp\/v2\/types\/product"}],"replies":[{"embeddable":true,"href":"https:\/\/karwork.eu\/pt\/wp-json\/wp\/v2\/comments?post=18008"}],"wp:featuredmedia":[{"embeddable":true,"href":"https:\/\/karwork.eu\/pt\/wp-json\/wp\/v2\/media\/18009"}],"wp:attachment":[{"href":"https:\/\/karwork.eu\/pt\/wp-json\/wp\/v2\/media?parent=18008"}],"wp:term":[{"taxonomy":"pwb-brand","embeddable":true,"href":"https:\/\/karwork.eu\/pt\/wp-json\/wp\/v2\/pwb-brand?post=18008"},{"taxonomy":"product_cat","embeddable":true,"href":"https:\/\/karwork.eu\/pt\/wp-json\/wp\/v2\/product_cat?post=18008"},{"taxonomy":"product_tag","embeddable":true,"href":"https:\/\/karwork.eu\/pt\/wp-json\/wp\/v2\/product_tag?post=18008"}],"curies":[{"name":"wp","href":"https:\/\/api.w.org\/{rel}","templated":true}]}}