{"id":17934,"date":"2022-12-20T19:52:47","date_gmt":"2022-12-20T19:52:47","guid":{"rendered":"https:\/\/karwork.eu\/?post_type=product&#038;p=17934"},"modified":"2023-02-07T22:28:23","modified_gmt":"2023-02-07T22:28:23","slug":"limpiador-de-llantas-5l","status":"publish","type":"product","link":"https:\/\/karwork.eu\/pt\/product\/limpiador-de-llantas-5l\/","title":{"rendered":"Limpiador de llantas 5L"},"content":{"rendered":"<h4><u>Propriedades:<\/u><\/h4>\n<ul>\n<li>Rendimiento de limpieza extremadamente fuerte<\/li>\n<li>Consistencia gelatinosa para que el limpiador no se seque r\u00e1pidamente<\/li>\n<li>Se puede utilizar con todos los tipos de llantas<\/li>\n<li>Absolutamente suave con el material<\/li>\n<li>Limpiador especial sin \u00e1cido<\/li>\n<li>Indicador de efecto de alta calidad con cambio de color<\/li>\n<li>Sin olor desagradable durante el uso<\/li>\n<li>Formulaci\u00f3n neutra en pH<\/li>\n<li>Sin peligro para el usuario (con un manejo adecuado)<\/li>\n<\/ul>\n<h4>\n<u>Aplicativo:<\/u><\/h4>\n<ol>\n<li>Agite la botella correctamente para que todos los ingredientes se distribuyan<\/li>\n<li>Mojar completamente la llanta a tratar (superficie fresca \/ tibia)<\/li>\n<li>Dejar actuar durante 3-5 minutos<\/li>\n<li>Con un limpiador de alta presi\u00f3n, enjuague bien la suciedad y los residuos<\/li>\n<\/ol>\n<h4>\n<u>Consejos:<\/u><\/h4>\n<ul>\n<li>No utilice el producto en superficies calientes \/ llantas<\/li>\n<li>No permita que el producto se seque<\/li>\n<\/ul>","protected":false},"excerpt":{"rendered":"<p>Debido a la gran cantidad de limpiadores de llantas de PH neutro en el mercado, nos hemos fijado el objetivo de desarrollar el limpiador de llantas perfecto y reunir lo mejor de todos los limpiadores de llantas de PH neutro.<br \/>\nEl limpiador de llantas contiene ingredientes biol\u00f3gicamente activos y no huele desagradable cuando se usa.<br \/>\n\u00a1A\u00fan m\u00e1s interesante es el rendimiento de limpieza extremadamente fuerte! Debido a la consistencia gelatinosa, el limpiador de llantas FoxedCare se adhiere a la superficie de la llanta durante mucho tiempo y no se seca r\u00e1pidamente. El polvo de los frenos, el alquitr\u00e1n, el \u00f3xido repentino, la suciedad de la carretera y similares en la llanta son cosa del pasado y eso con la aplicaci\u00f3n m\u00e1s simple, Adem\u00e1s, el limpiador de llantas FoxedCare ofrece el popular <strong>cambio de color<\/strong> a trav\u00e9s de un indicador de efecto de alta calidad y es absolutamente suave en todos los tipos de llantas.<\/p>\n<p>Grifo de salida opcional.<\/p>","protected":false},"featured_media":17941,"comment_status":"open","ping_status":"closed","template":"","meta":{"_acf_changed":false,"rank_math_lock_modified_date":false},"pwb-brand":[986],"product_cat":[1009],"product_tag":[1001,989,1298,987,997,995,885],"class_list":{"0":"post-17934","1":"product","2":"type-product","3":"status-publish","4":"has-post-thumbnail","6":"pwb-brand-foxed-care","7":"product_cat-llantas-neumaticos","8":"product_tag-5l","9":"product_tag-detailing","10":"product_tag-fcf11","11":"product_tag-foxed-care","12":"product_tag-lavado","13":"product_tag-limpieza","14":"product_tag-llantas","16":"first","17":"instock","18":"taxable","19":"shipping-taxable","20":"purchasable","21":"product-type-variable"},"acf":[],"brands":[{"id":986,"name":"Foxed Care","slug":"foxed-care"}],"_links":{"self":[{"href":"https:\/\/karwork.eu\/pt\/wp-json\/wp\/v2\/product\/17934","targetHints":{"allow":["GET"]}}],"collection":[{"href":"https:\/\/karwork.eu\/pt\/wp-json\/wp\/v2\/product"}],"about":[{"href":"https:\/\/karwork.eu\/pt\/wp-json\/wp\/v2\/types\/product"}],"replies":[{"embeddable":true,"href":"https:\/\/karwork.eu\/pt\/wp-json\/wp\/v2\/comments?post=17934"}],"wp:featuredmedia":[{"embeddable":true,"href":"https:\/\/karwork.eu\/pt\/wp-json\/wp\/v2\/media\/17941"}],"wp:attachment":[{"href":"https:\/\/karwork.eu\/pt\/wp-json\/wp\/v2\/media?parent=17934"}],"wp:term":[{"taxonomy":"pwb-brand","embeddable":true,"href":"https:\/\/karwork.eu\/pt\/wp-json\/wp\/v2\/pwb-brand?post=17934"},{"taxonomy":"product_cat","embeddable":true,"href":"https:\/\/karwork.eu\/pt\/wp-json\/wp\/v2\/product_cat?post=17934"},{"taxonomy":"product_tag","embeddable":true,"href":"https:\/\/karwork.eu\/pt\/wp-json\/wp\/v2\/product_tag?post=17934"}],"curies":[{"name":"wp","href":"https:\/\/api.w.org\/{rel}","templated":true}]}}