{"id":17910,"date":"2022-12-19T19:26:56","date_gmt":"2022-12-19T19:26:56","guid":{"rendered":"https:\/\/karwork.eu\/?post_type=product&#038;p=17910"},"modified":"2023-02-07T22:41:10","modified_gmt":"2023-02-07T22:41:10","slug":"champu-para-vehiculos-edicion-wonderland-500ml","status":"publish","type":"product","link":"https:\/\/karwork.eu\/pt\/product\/champu-para-vehiculos-edicion-wonderland-500ml\/","title":{"rendered":"Shampoo Veicular \u2013 Edi\u00e7\u00e3o Wonderland 500ml"},"content":{"rendered":"<h4>Propriedades:<\/h4>\n<ul>\n<li>Color especial: Rosa ne\u00f3n<\/li>\n<li>Fragancia : Crema de frambuesa<\/li>\n<li>Muy buen rendimiento de limpieza<\/li>\n<li>Pintura brillante y limpia, uso sin esfuerzo<\/li>\n<li>Comportamiento de deslizamiento agradable<\/li>\n<li>Suave con el material para todas las superficies en exteriores de veh\u00edculos<\/li>\n<li>No ataca a los sellados existentes.<\/li>\n<li>Ideal para el lavado manual de manos<\/li>\n<li>Bajo consumo: aprox. 30ml de champ\u00fa por cada 10 litros de agua<\/li>\n<\/ul>\n<h4>Aplicativo:<\/h4>\n<ol>\n<li>Agitar bien la botella para que todos los ingredientes se distribuyan<\/li>\n<li>Poner unos 30ml de champ\u00fa en un cubo y hacer espuma con unos 10 litros de agua. (Para una espuma \u00f3ptima, recomendamos rellenar primero el champ\u00fa y luego el agua)<\/li>\n<li>Mezcle la mezcla de champ\u00fa de agua con el guante de lavado Slappy nuevamente correctamente.<\/li>\n<li>Limpie el veh\u00edculo de arriba a abajo y aseg\u00farese de tener siempre suficiente champ\u00fa en la superficie para ser procesado<\/li>\n<li>Elimine los residuos con la limpiadora de alta presi\u00f3n<\/li>\n<\/ol>\n<h4>Consejos:<\/h4>\n<ul>\n<li>El veh\u00edculo debe limpiarse de suciedad gruesa antes del tratamiento por medio de un limpiador de alta presi\u00f3n para evitar ara\u00f1azos<\/li>\n<li>No utilice el producto en superficies calientes<\/li>\n<li>No permita que el producto se seque<\/li>\n<\/ul>\n<h4>Accesorios recomendados:<\/h4>\n<ul>\n<li><a href=\"https:\/\/karwork.eu\/product\/guante-foxedcare-shaggy\/\">Luva felpuda FoxedCare<\/a><\/li>\n<li><a href=\"https:\/\/karwork.eu\/product\/guante-foxedcare-slappy\/\">Luva Slappy FoxedCare<\/a><\/li>\n<\/ul>","protected":false},"excerpt":{"rendered":"<p>El champ\u00fa FoxedCare Wonderland es un champ\u00fa para autom\u00f3viles de pH neutro con ingredientes espec\u00edficos y de primera clase. No solo limpia excelentemente, sino que tambi\u00e9n ambienta con un olor maravilloso y se ve excepcionalmente eficaz.<br \/>\nEl champ\u00fa para autom\u00f3viles Wonderland ofrece una excelente formaci\u00f3n de espuma, un rendimiento de limpieza altamente efectivo, as\u00ed como muy buenas propiedades de deslizamiento durante su uso.<\/p>","protected":false},"featured_media":17911,"comment_status":"open","ping_status":"closed","template":"","meta":{"_acf_changed":false,"rank_math_lock_modified_date":false},"pwb-brand":[986],"product_cat":[155],"product_tag":[1103,988,989,993,1302,987,996,995,1004],"class_list":{"0":"post-17910","1":"product","2":"type-product","3":"status-publish","4":"has-post-thumbnail","6":"pwb-brand-foxed-care","7":"product_cat-champu","8":"product_tag-500ml","9":"product_tag-champu","10":"product_tag-detailing","11":"product_tag-espuma","12":"product_tag-fcf33","13":"product_tag-foxed-care","14":"product_tag-lavar","15":"product_tag-limpieza","16":"product_tag-wonderland","18":"first","19":"instock","20":"taxable","21":"shipping-taxable","22":"purchasable","23":"product-type-simple"},"acf":[],"brands":[{"id":986,"name":"Foxed Care","slug":"foxed-care"}],"_links":{"self":[{"href":"https:\/\/karwork.eu\/pt\/wp-json\/wp\/v2\/product\/17910","targetHints":{"allow":["GET"]}}],"collection":[{"href":"https:\/\/karwork.eu\/pt\/wp-json\/wp\/v2\/product"}],"about":[{"href":"https:\/\/karwork.eu\/pt\/wp-json\/wp\/v2\/types\/product"}],"replies":[{"embeddable":true,"href":"https:\/\/karwork.eu\/pt\/wp-json\/wp\/v2\/comments?post=17910"}],"wp:featuredmedia":[{"embeddable":true,"href":"https:\/\/karwork.eu\/pt\/wp-json\/wp\/v2\/media\/17911"}],"wp:attachment":[{"href":"https:\/\/karwork.eu\/pt\/wp-json\/wp\/v2\/media?parent=17910"}],"wp:term":[{"taxonomy":"pwb-brand","embeddable":true,"href":"https:\/\/karwork.eu\/pt\/wp-json\/wp\/v2\/pwb-brand?post=17910"},{"taxonomy":"product_cat","embeddable":true,"href":"https:\/\/karwork.eu\/pt\/wp-json\/wp\/v2\/product_cat?post=17910"},{"taxonomy":"product_tag","embeddable":true,"href":"https:\/\/karwork.eu\/pt\/wp-json\/wp\/v2\/product_tag?post=17910"}],"curies":[{"name":"wp","href":"https:\/\/api.w.org\/{rel}","templated":true}]}}