{"id":17908,"date":"2022-12-19T19:16:01","date_gmt":"2022-12-19T19:16:01","guid":{"rendered":"https:\/\/karwork.eu\/?post_type=product&#038;p=17908"},"modified":"2023-02-07T22:43:36","modified_gmt":"2023-02-07T22:43:36","slug":"dual-foam-champu-multifuncional-edicion-cherry-wild-500ml","status":"publish","type":"product","link":"https:\/\/karwork.eu\/pt\/product\/dual-foam-champu-multifuncional-edicion-cherry-wild-500ml\/","title":{"rendered":"Dual Foam \u2013 Shampoo Multifuncional \u2013 Edi\u00e7\u00e3o Stillgelegt 500ml"},"content":{"rendered":"<h4><u>Propriedades:<\/u><\/h4>\n<ul>\n<li>PH-NEUTRO \u2013 Shampoo multifuncional<\/li>\n<li>Shampoo para carro e espuma de neve em um s\u00f3 produto<\/li>\n<li>Desempenho de limpeza eficaz e suave<\/li>\n<li>Como espuma de neve, tamb\u00e9m \u00e9 perfeita para pr\u00e9-lavagem.<\/li>\n<li>Excelentes propriedades de deslizamento<\/li>\n<li>Compatibilidade 100% com todos os materiais<\/li>\n<li>Espuma densa na dosagem certa<\/li>\n<li>Deixa um ve\u00edculo limpo e brilhante<\/li>\n<li>Fragr\u00e2ncia agrad\u00e1vel = Cereja selvagem<\/li>\n<\/ul>\n<h4>\n<u>Aplicativo:<\/u><\/h4>\n<ol>\n<li>Agite a garrafa<\/li>\n<li>Como espuma de neve: 20ml -30ml para 1 litro de \u00e1gua para trabalhar com o pulverizador de espuma. Ao trabalhar com mistura de lan\u00e7a de alta press\u00e3o, aumente ligeiramente<\/li>\n<li>Como shampoo para carro: 50-70ml por 10 litros de \u00e1gua<\/li>\n<li>Lave o ve\u00edculo de cima para baixo com luva de lavagem (quando usada como shampoo)<\/li>\n<\/ol>","protected":false},"excerpt":{"rendered":"<p>A Dual Foam da FoxedCare \u00e9 um produto multifuncional de primeira classe.<br \/>\nDependendo da concentra\u00e7\u00e3o, o produto pode ser usado como shampoo automotivo ou espuma para neve.<br \/>\nEm ambas as variantes, Dual Foam oferece um desempenho de limpeza eficaz e suave e \u00e9 adequado para todas as superf\u00edcies.<br \/>\nDevido \u00e0 espuma densa e excelentes propriedades deslizantes, a pr\u00e9-lavagem (espuma) e a lavagem principal (xampu para carro) s\u00e3o brincadeira de crian\u00e7a.<br \/>\nO produto possui pH neutro e oferece agrad\u00e1vel fragr\u00e2ncia de cereja silvestre.<\/p>","protected":false},"featured_media":17909,"comment_status":"open","ping_status":"closed","template":"","meta":{"_acf_changed":false,"rank_math_lock_modified_date":false},"pwb-brand":[986],"product_cat":[155],"product_tag":[988,1002,989,993,1303,987,996,995,1003],"class_list":{"0":"post-17908","1":"product","2":"type-product","3":"status-publish","4":"has-post-thumbnail","6":"pwb-brand-foxed-care","7":"product_cat-champu","8":"product_tag-champu","9":"product_tag-cherry","10":"product_tag-detailing","11":"product_tag-espuma","12":"product_tag-fcf13","13":"product_tag-foxed-care","14":"product_tag-lavar","15":"product_tag-limpieza","16":"product_tag-wild","18":"first","19":"instock","20":"taxable","21":"shipping-taxable","22":"purchasable","23":"product-type-simple"},"acf":[],"brands":[{"id":986,"name":"Foxed Care","slug":"foxed-care"}],"_links":{"self":[{"href":"https:\/\/karwork.eu\/pt\/wp-json\/wp\/v2\/product\/17908","targetHints":{"allow":["GET"]}}],"collection":[{"href":"https:\/\/karwork.eu\/pt\/wp-json\/wp\/v2\/product"}],"about":[{"href":"https:\/\/karwork.eu\/pt\/wp-json\/wp\/v2\/types\/product"}],"replies":[{"embeddable":true,"href":"https:\/\/karwork.eu\/pt\/wp-json\/wp\/v2\/comments?post=17908"}],"wp:featuredmedia":[{"embeddable":true,"href":"https:\/\/karwork.eu\/pt\/wp-json\/wp\/v2\/media\/17909"}],"wp:attachment":[{"href":"https:\/\/karwork.eu\/pt\/wp-json\/wp\/v2\/media?parent=17908"}],"wp:term":[{"taxonomy":"pwb-brand","embeddable":true,"href":"https:\/\/karwork.eu\/pt\/wp-json\/wp\/v2\/pwb-brand?post=17908"},{"taxonomy":"product_cat","embeddable":true,"href":"https:\/\/karwork.eu\/pt\/wp-json\/wp\/v2\/product_cat?post=17908"},{"taxonomy":"product_tag","embeddable":true,"href":"https:\/\/karwork.eu\/pt\/wp-json\/wp\/v2\/product_tag?post=17908"}],"curies":[{"name":"wp","href":"https:\/\/api.w.org\/{rel}","templated":true}]}}