{"id":17906,"date":"2022-12-19T19:10:24","date_gmt":"2022-12-19T19:10:24","guid":{"rendered":"https:\/\/karwork.eu\/?post_type=product&#038;p=17906"},"modified":"2023-02-07T22:47:08","modified_gmt":"2023-02-07T22:47:08","slug":"champu-para-vehiculos-edicion-especial-galaxy-500ml","status":"publish","type":"product","link":"https:\/\/karwork.eu\/pt\/product\/champu-para-vehiculos-edicion-especial-galaxy-500ml\/","title":{"rendered":"Shampoo Veicular \u2013 Galaxy Edi\u00e7\u00e3o Especial 500ml"},"content":{"rendered":"<h4><u>Propriedades:<\/u><\/h4>\n<ul>\n<li>Color especial: Neon Purple<\/li>\n<li>Fragancia : Para\u00edso (fresco, afrutado)<\/li>\n<li>Muy buen rendimiento de limpieza<\/li>\n<li>Pintura brillante y limpia, con procesamiento sin esfuerzo<\/li>\n<li>Comportamiento de deslizamiento agradable<\/li>\n<li>Suave con el material para todas las superficies en exteriores de veh\u00edculos<\/li>\n<li>No ataca a los sellos existentes.<\/li>\n<li>Ideal para el lavado manual de manos<\/li>\n<li>Bajo consumo: aprox. 30ml de champ\u00fa por cada 10 litros de agua<\/li>\n<\/ul>\n<h4>\n<u>Aplicativo:<\/u><\/h4>\n<ol>\n<li>Agitar bien la botella para que todos los ingredientes se distribuyan<\/li>\n<li>Poner unos 30ml de champ\u00fa en un cubo y hacer espuma con unos 10 litros de agua. (Para una espuma \u00f3ptima, recomendamos rellenar primero el champ\u00fa y luego el agua)<\/li>\n<li>Mezcle la mezcla de champ\u00fa de agua con el guante de lavado Slappy nuevamente correctamente.<\/li>\n<li>Limpie el veh\u00edculo de arriba a abajo y aseg\u00farese de tener siempre suficiente champ\u00fa en la superficie para ser procesado<\/li>\n<li>Elimine los residuos con la limpiadora de alta presi\u00f3n<\/li>\n<\/ol>\n<h4>\n<u>Consejos:<\/u><\/h4>\n<ul>\n<li>El veh\u00edculo debe limpiarse de suciedad gruesa antes del tratamiento por medio de un limpiador de alta presi\u00f3n para evitar ara\u00f1azos<\/li>\n<li>No utilice el producto en superficies calientes<\/li>\n<li>No permita que el producto se seque<\/li>\n<\/ul>","protected":false},"excerpt":{"rendered":"<p>El FoxedCare Galaxy Shampoo es un champ\u00fa para autom\u00f3viles de pH neutro con ingredientes espec\u00edficos y de primera clase. No solo limpia excelentemente, sino que tambi\u00e9n convence con un olor \u00fanico y se ve gal\u00e1cticamente en\u00e9rgico.<br \/>\nEl champ\u00fa para autom\u00f3viles Galaxy ofrece una excelente formaci\u00f3n de espuma, un rendimiento de limpieza altamente efectivo, as\u00ed como un muy buen comportamiento de deslizamiento durante el procesamiento.<\/p>","protected":false},"featured_media":17907,"comment_status":"open","ping_status":"closed","template":"","meta":{"_acf_changed":false,"rank_math_lock_modified_date":false},"pwb-brand":[986],"product_cat":[155],"product_tag":[988,989,993,1304,987,999,996,995],"class_list":{"0":"post-17906","1":"product","2":"type-product","3":"status-publish","4":"has-post-thumbnail","6":"pwb-brand-foxed-care","7":"product_cat-champu","8":"product_tag-champu","9":"product_tag-detailing","10":"product_tag-espuma","11":"product_tag-fcf32","12":"product_tag-foxed-care","13":"product_tag-halloween","14":"product_tag-lavar","15":"product_tag-limpieza","17":"first","18":"instock","19":"taxable","20":"shipping-taxable","21":"purchasable","22":"product-type-simple"},"acf":[],"brands":[{"id":986,"name":"Foxed Care","slug":"foxed-care"}],"_links":{"self":[{"href":"https:\/\/karwork.eu\/pt\/wp-json\/wp\/v2\/product\/17906","targetHints":{"allow":["GET"]}}],"collection":[{"href":"https:\/\/karwork.eu\/pt\/wp-json\/wp\/v2\/product"}],"about":[{"href":"https:\/\/karwork.eu\/pt\/wp-json\/wp\/v2\/types\/product"}],"replies":[{"embeddable":true,"href":"https:\/\/karwork.eu\/pt\/wp-json\/wp\/v2\/comments?post=17906"}],"wp:featuredmedia":[{"embeddable":true,"href":"https:\/\/karwork.eu\/pt\/wp-json\/wp\/v2\/media\/17907"}],"wp:attachment":[{"href":"https:\/\/karwork.eu\/pt\/wp-json\/wp\/v2\/media?parent=17906"}],"wp:term":[{"taxonomy":"pwb-brand","embeddable":true,"href":"https:\/\/karwork.eu\/pt\/wp-json\/wp\/v2\/pwb-brand?post=17906"},{"taxonomy":"product_cat","embeddable":true,"href":"https:\/\/karwork.eu\/pt\/wp-json\/wp\/v2\/product_cat?post=17906"},{"taxonomy":"product_tag","embeddable":true,"href":"https:\/\/karwork.eu\/pt\/wp-json\/wp\/v2\/product_tag?post=17906"}],"curies":[{"name":"wp","href":"https:\/\/api.w.org\/{rel}","templated":true}]}}