{"id":17902,"date":"2022-12-19T19:03:39","date_gmt":"2022-12-19T19:03:39","guid":{"rendered":"https:\/\/karwork.eu\/?post_type=product&#038;p=17902"},"modified":"2023-02-07T22:49:10","modified_gmt":"2023-02-07T22:49:10","slug":"champu-para-vehiculos-1l","status":"publish","type":"product","link":"https:\/\/karwork.eu\/pt\/product\/champu-para-vehiculos-1l\/","title":{"rendered":"Shampoo veicular 1L"},"content":{"rendered":"<h4><u>Propriedades:<\/u><\/h4>\n<ul>\n<li>Efecto refrescante<\/li>\n<li>Propiedades hidratantes<\/li>\n<li>No cubrir selladores de alta clase con selladores de champ\u00fa de \u00absegunda clase\u00bb<\/li>\n<li>Comportamiento de deslizamiento extremo<\/li>\n<li>Muy buen rendimiento de limpieza<\/li>\n<li>Pintura brillante y limpia, con procesamiento sin esfuerzo<\/li>\n<li>Particularmente amigable con la piel debido a las sustancias nutritivas<\/li>\n<li>Ideal para el lavado manual de manos<\/li>\n<li>Bajo consumo: aprox. 30ml de champ\u00fa por cada 10 litros de agua<\/li>\n<\/ul>\n<h4>\n<u>Aplicativo:<\/u><\/h4>\n<ol>\n<li>Agitar bien la botella para que todos los ingredientes se distribuyan<\/li>\n<li>Poner unos 30ml de champ\u00fa en un cubo y hacer espuma con unos 10 litros de agua. (Para una espuma \u00f3ptima, recomendamos rellenar primero el champ\u00fa y luego el agua)<\/li>\n<li>Mezcle la mezcla de champ\u00fa de agua con el guante de lavado Slappy nuevamente correctamente.<\/li>\n<li>Limpie el veh\u00edculo de arriba a abajo y aseg\u00farese de tener siempre suficiente champ\u00fa en la superficie para ser procesado<\/li>\n<li>Elimine los residuos con la limpiadora de alta presi\u00f3n<\/li>\n<\/ol>\n<h4>\n<u>Consejos:<\/u><\/h4>\n<ul>\n<li>El veh\u00edculo debe limpiarse de suciedad gruesa antes del tratamiento por medio de un limpiador de alta presi\u00f3n para evitar ara\u00f1azos<\/li>\n<li>No utilice el producto en superficies calientes<\/li>\n<li>No permita que el producto se seque<\/li>\n<\/ul>","protected":false},"excerpt":{"rendered":"<p>El champ\u00fa FoxedCare es un champ\u00fa para autom\u00f3viles de pH neutro con ingredientes espec\u00edficos y de primera clase. No solo hace una excelente limpieza, sino que tambi\u00e9n contiene propiedades hidratantes.<br \/>\nEsto significa que los selladores existentes se refrescan sin aplicar una capa adicional de protecci\u00f3n sobre el champ\u00fa. Llamamos a esto el efecto refrescante.<br \/>\nLos ingredientes, que proporcionan el efecto refrescante, tambi\u00e9n causan una excelente espuma y un comportamiento de deslizamiento extremo durante su uso. Otra caracter\u00edstica positiva es que todos los ingredientes son muy nutritivos, suaves y, por lo tanto, particularmente amigables con la piel.<\/p>","protected":false},"featured_media":17903,"comment_status":"open","ping_status":"closed","template":"","meta":{"_acf_changed":false,"rank_math_lock_modified_date":false},"pwb-brand":[986],"product_cat":[155],"product_tag":[1000,988,989,1305,987,997,995],"class_list":{"0":"post-17902","1":"product","2":"type-product","3":"status-publish","4":"has-post-thumbnail","6":"pwb-brand-foxed-care","7":"product_cat-champu","8":"product_tag-1l","9":"product_tag-champu","10":"product_tag-detailing","11":"product_tag-fcf01","12":"product_tag-foxed-care","13":"product_tag-lavado","14":"product_tag-limpieza","16":"first","17":"instock","18":"taxable","19":"shipping-taxable","20":"purchasable","21":"product-type-simple"},"acf":[],"brands":[{"id":986,"name":"Foxed Care","slug":"foxed-care"}],"_links":{"self":[{"href":"https:\/\/karwork.eu\/pt\/wp-json\/wp\/v2\/product\/17902","targetHints":{"allow":["GET"]}}],"collection":[{"href":"https:\/\/karwork.eu\/pt\/wp-json\/wp\/v2\/product"}],"about":[{"href":"https:\/\/karwork.eu\/pt\/wp-json\/wp\/v2\/types\/product"}],"replies":[{"embeddable":true,"href":"https:\/\/karwork.eu\/pt\/wp-json\/wp\/v2\/comments?post=17902"}],"wp:featuredmedia":[{"embeddable":true,"href":"https:\/\/karwork.eu\/pt\/wp-json\/wp\/v2\/media\/17903"}],"wp:attachment":[{"href":"https:\/\/karwork.eu\/pt\/wp-json\/wp\/v2\/media?parent=17902"}],"wp:term":[{"taxonomy":"pwb-brand","embeddable":true,"href":"https:\/\/karwork.eu\/pt\/wp-json\/wp\/v2\/pwb-brand?post=17902"},{"taxonomy":"product_cat","embeddable":true,"href":"https:\/\/karwork.eu\/pt\/wp-json\/wp\/v2\/product_cat?post=17902"},{"taxonomy":"product_tag","embeddable":true,"href":"https:\/\/karwork.eu\/pt\/wp-json\/wp\/v2\/product_tag?post=17902"}],"curies":[{"name":"wp","href":"https:\/\/api.w.org\/{rel}","templated":true}]}}