{"id":17878,"date":"2022-12-19T18:01:40","date_gmt":"2022-12-19T18:01:40","guid":{"rendered":"https:\/\/karwork.eu\/?post_type=product&#038;p=17878"},"modified":"2023-02-07T23:04:26","modified_gmt":"2023-02-07T23:04:26","slug":"carwrap-champu-500ml","status":"publish","type":"product","link":"https:\/\/karwork.eu\/pt\/product\/carwrap-champu-500ml\/","title":{"rendered":"Champ\u00f4 CarWrap 500ml"},"content":{"rendered":"<h4><u>Propriedades:<\/u><\/h4>\n<ul>\n<li>PH-NEUTRO &#8211; Champ\u00fa<\/li>\n<li>Ideal para veh\u00edculos total y parcialmente vinilados.<\/li>\n<li>Adecuado para pel\u00edculas brillantes y mates, de cualquier marca<\/li>\n<li>Desempenho de limpeza eficaz e suave<\/li>\n<li>Como espuma de nieve tambi\u00e9n es perfecta para el prelavado<\/li>\n<li>Excelentes propriedades de deslizamento<\/li>\n<li>Compatibilidade 100% com todos os materiais<\/li>\n<li>Espuma densa na dosagem certa<\/li>\n<li>Deja un vinilo limpio.<\/li>\n<li>Suave con la pintura y, por lo tanto, tambi\u00e9n ideal para veh\u00edculos parcialmente laminados.<\/li>\n<li>Fragancia agradable = Coco<\/li>\n<\/ul>\n<h4><u>Aplicativo:<\/u><\/h4>\n<ol>\n<li>Agite a garrafa<\/li>\n<li>Como espuma de neve: 20ml -30ml para 1 litro de \u00e1gua para trabalhar com o pulverizador de espuma. Ao trabalhar com mistura de lan\u00e7a de alta press\u00e3o, aumente ligeiramente<\/li>\n<li>Como shampoo para carro: 50-70ml por 10 litros de \u00e1gua<\/li>\n<li>Lave o ve\u00edculo de cima para baixo com luva de lavagem (quando usada como shampoo)<\/li>\n<\/ol>","protected":false},"excerpt":{"rendered":"<p>CarWrap Shampoo de FoxedCare es un champ\u00fa para autom\u00f3viles con pH neutro, que fue desarrollado especialmente para veh\u00edculos vinilados.<br \/>\nTanto las pel\u00edculas brillantes como las mate se pueden limpiar de manera suave y efectiva con el champ\u00fa CarWrap.<br \/>\nLa gran espuma y el suave comportamiento de deslizamiento redondean este champ\u00fa y hacen que el lavado manual del veh\u00edculo sea un placer.<br \/>\nTambi\u00e9n es suave con la pintura, el pl\u00e1stico, el vidrio y todos los dem\u00e1s componentes en el exterior del veh\u00edculo.<br \/>\nPor lo tanto, tambi\u00e9n es ideal para veh\u00edculos parcialmente vinilados. Con boquilla de pulverizaci\u00f3n para facilitar su aplicaci\u00f3n.<\/p>\n<p>Para una pel\u00edcula limpia y bien mantenida, tambi\u00e9n recomendamos nuestros otros productos de la serie CarWrap.<\/p>","protected":false},"featured_media":17881,"comment_status":"open","ping_status":"closed","template":"","meta":{"_acf_changed":false,"rank_math_lock_modified_date":false},"pwb-brand":[986],"product_cat":[155,1032],"product_tag":[990,988,989,1311,987,992,991],"class_list":{"0":"post-17878","1":"product","2":"type-product","3":"status-publish","4":"has-post-thumbnail","6":"pwb-brand-foxed-care","7":"product_cat-champu","8":"product_cat-especial-coches-wrap","9":"product_tag-carwrap","10":"product_tag-champu","11":"product_tag-detailing","12":"product_tag-fcf40","13":"product_tag-foxed-care","14":"product_tag-vinilo","15":"product_tag-wrap","17":"first","18":"instock","19":"taxable","20":"shipping-taxable","21":"purchasable","22":"product-type-simple"},"acf":[],"brands":[{"id":986,"name":"Foxed Care","slug":"foxed-care"}],"_links":{"self":[{"href":"https:\/\/karwork.eu\/pt\/wp-json\/wp\/v2\/product\/17878","targetHints":{"allow":["GET"]}}],"collection":[{"href":"https:\/\/karwork.eu\/pt\/wp-json\/wp\/v2\/product"}],"about":[{"href":"https:\/\/karwork.eu\/pt\/wp-json\/wp\/v2\/types\/product"}],"replies":[{"embeddable":true,"href":"https:\/\/karwork.eu\/pt\/wp-json\/wp\/v2\/comments?post=17878"}],"wp:featuredmedia":[{"embeddable":true,"href":"https:\/\/karwork.eu\/pt\/wp-json\/wp\/v2\/media\/17881"}],"wp:attachment":[{"href":"https:\/\/karwork.eu\/pt\/wp-json\/wp\/v2\/media?parent=17878"}],"wp:term":[{"taxonomy":"pwb-brand","embeddable":true,"href":"https:\/\/karwork.eu\/pt\/wp-json\/wp\/v2\/pwb-brand?post=17878"},{"taxonomy":"product_cat","embeddable":true,"href":"https:\/\/karwork.eu\/pt\/wp-json\/wp\/v2\/product_cat?post=17878"},{"taxonomy":"product_tag","embeddable":true,"href":"https:\/\/karwork.eu\/pt\/wp-json\/wp\/v2\/product_tag?post=17878"}],"curies":[{"name":"wp","href":"https:\/\/api.w.org\/{rel}","templated":true}]}}