{"id":17286,"date":"2022-11-12T13:14:19","date_gmt":"2022-11-12T13:14:19","guid":{"rendered":"https:\/\/karwork.eu\/?post_type=product&#038;p=17286"},"modified":"2024-04-25T19:43:32","modified_gmt":"2024-04-25T19:43:32","slug":"pomo-metta-3-5","status":"publish","type":"product","link":"https:\/\/karwork.eu\/pt\/product\/pomo-metta-3-5\/","title":{"rendered":"Bot\u00e3o Metta 3,5\u2033"},"content":{"rendered":"","protected":false},"excerpt":{"rendered":"<p>Pomo de cambio Metta de 3.5&#8243; est\u00e1 dise\u00f1ada para brindarle el MEJOR agarre posible, al tiempo que ofrece algo de utilidad. Algo m\u00e1s corto que el resto de la gama, con rosca universal.<\/p>","protected":false},"featured_media":17349,"comment_status":"open","ping_status":"closed","template":"","meta":{"_acf_changed":false,"rank_math_lock_modified_date":false},"pwb-brand":[611],"product_cat":[127],"product_tag":[623,872,3604],"class_list":{"0":"post-17286","1":"product","2":"type-product","3":"status-publish","4":"has-post-thumbnail","6":"pwb-brand-nrg-innovations","7":"product_cat-pomo-palanca-de-cambios","8":"product_tag-nrg-innovations","9":"product_tag-pomo","10":"product_tag-pomo-metta-3-5","12":"first","13":"instock","14":"taxable","15":"shipping-taxable","16":"purchasable","17":"product-type-variable"},"acf":[],"brands":[{"id":611,"name":"NRG Innovations","slug":"nrg-innovations"}],"_links":{"self":[{"href":"https:\/\/karwork.eu\/pt\/wp-json\/wp\/v2\/product\/17286","targetHints":{"allow":["GET"]}}],"collection":[{"href":"https:\/\/karwork.eu\/pt\/wp-json\/wp\/v2\/product"}],"about":[{"href":"https:\/\/karwork.eu\/pt\/wp-json\/wp\/v2\/types\/product"}],"replies":[{"embeddable":true,"href":"https:\/\/karwork.eu\/pt\/wp-json\/wp\/v2\/comments?post=17286"}],"wp:featuredmedia":[{"embeddable":true,"href":"https:\/\/karwork.eu\/pt\/wp-json\/wp\/v2\/media\/17349"}],"wp:attachment":[{"href":"https:\/\/karwork.eu\/pt\/wp-json\/wp\/v2\/media?parent=17286"}],"wp:term":[{"taxonomy":"pwb-brand","embeddable":true,"href":"https:\/\/karwork.eu\/pt\/wp-json\/wp\/v2\/pwb-brand?post=17286"},{"taxonomy":"product_cat","embeddable":true,"href":"https:\/\/karwork.eu\/pt\/wp-json\/wp\/v2\/product_cat?post=17286"},{"taxonomy":"product_tag","embeddable":true,"href":"https:\/\/karwork.eu\/pt\/wp-json\/wp\/v2\/product_tag?post=17286"}],"curies":[{"name":"wp","href":"https:\/\/api.w.org\/{rel}","templated":true}]}}