{"id":17110,"date":"2022-10-05T20:32:13","date_gmt":"2022-10-05T20:32:13","guid":{"rendered":"https:\/\/karwork.eu\/?post_type=product&#038;p=17110"},"modified":"2024-03-17T12:06:10","modified_gmt":"2024-03-17T12:06:10","slug":"volante-acrilico-matsuri-rose-gold-2","status":"publish","type":"product","link":"https:\/\/karwork.eu\/pt\/product\/volante-acrilico-matsuri-rose-gold-2\/","title":{"rendered":"Babado acr\u00edlico ouro rosa Matsuri"},"content":{"rendered":"","protected":false},"excerpt":{"rendered":"<p>Volante acr\u00edlico Matsuri Rose Gold &#8211; Volante reforzado NRG \u00abMatsuri\u00bb de 3&#8243; de profundidad con radios oro rosa y radios soldados para una mejor resistencia. Un volante que tenga personalidad y represente el s\u00edmbolo de Matsuri( \u796d), la palabra japonesa para un festival o un d\u00eda festivo. Como gui\u00f1o al comienzo de la contribuci\u00f3n de NRG Innovations al drift, en apoyo al deporte y tambi\u00e9n en apoyo a los entusiastas.<\/p>\n<p>&nbsp;<\/p>\n<p><strong>Os produtos NRG Innovations destinam-se apenas ao uso fora da rua.<\/strong><\/p>","protected":false},"featured_media":17104,"comment_status":"open","ping_status":"closed","template":"","meta":{"_acf_changed":false,"rank_math_lock_modified_date":false},"pwb-brand":[611],"product_cat":[2181],"product_tag":[2183,623,622,3264],"class_list":{"0":"post-17110","1":"product","2":"type-product","3":"status-publish","4":"has-post-thumbnail","6":"pwb-brand-nrg-innovations","7":"product_cat-acrilico","8":"product_tag-acrilico","9":"product_tag-nrg-innovations","10":"product_tag-volante","11":"product_tag-volante-acrilico-matsuri-rose-gold","13":"first","14":"outofstock","15":"taxable","16":"shipping-taxable","17":"purchasable","18":"product-type-simple"},"acf":[],"brands":[{"id":611,"name":"NRG Innovations","slug":"nrg-innovations"}],"_links":{"self":[{"href":"https:\/\/karwork.eu\/pt\/wp-json\/wp\/v2\/product\/17110","targetHints":{"allow":["GET"]}}],"collection":[{"href":"https:\/\/karwork.eu\/pt\/wp-json\/wp\/v2\/product"}],"about":[{"href":"https:\/\/karwork.eu\/pt\/wp-json\/wp\/v2\/types\/product"}],"replies":[{"embeddable":true,"href":"https:\/\/karwork.eu\/pt\/wp-json\/wp\/v2\/comments?post=17110"}],"wp:featuredmedia":[{"embeddable":true,"href":"https:\/\/karwork.eu\/pt\/wp-json\/wp\/v2\/media\/17104"}],"wp:attachment":[{"href":"https:\/\/karwork.eu\/pt\/wp-json\/wp\/v2\/media?parent=17110"}],"wp:term":[{"taxonomy":"pwb-brand","embeddable":true,"href":"https:\/\/karwork.eu\/pt\/wp-json\/wp\/v2\/pwb-brand?post=17110"},{"taxonomy":"product_cat","embeddable":true,"href":"https:\/\/karwork.eu\/pt\/wp-json\/wp\/v2\/product_cat?post=17110"},{"taxonomy":"product_tag","embeddable":true,"href":"https:\/\/karwork.eu\/pt\/wp-json\/wp\/v2\/product_tag?post=17110"}],"curies":[{"name":"wp","href":"https:\/\/api.w.org\/{rel}","templated":true}]}}