{"id":16413,"date":"2022-08-10T15:50:19","date_gmt":"2022-08-10T15:50:19","guid":{"rendered":"https:\/\/karwork.eu\/?post_type=product&#038;p=16413"},"modified":"2025-01-26T12:09:51","modified_gmt":"2025-01-26T11:09:51","slug":"pina-volante-srk-160h","status":"publish","type":"product","link":"https:\/\/karwork.eu\/pt\/product\/pina-volante-srk-160h\/","title":{"rendered":"Pi\u00f1a volante &#8211; SRK-160H"},"content":{"rendered":"","protected":false},"excerpt":{"rendered":"<p>Pi\u00f1a volante &#8211; SRK-160H Esta pi\u00f1a fue dise\u00f1ada para ponerlo con Quick Release, con la superficie de montaje m\u00e1s corta posible y al mismo tiempo conserva la capacidad de usar la bocina y las se\u00f1ales de giro aproximadamente el 99% del tiempo. De aluminio anodizado 6061 y patr\u00f3n de pernos de 6&#215;70, que viene con resistencias. En caso de no llevar quick release, puede que sea necesario un separador.<\/p>\n<p>&nbsp;<\/p>\n<p>Pi\u00f1a para; Hyundai Accent (94-05), Hyundai Tiburon (96-01), Kia Optima (10), Kia Rio (99-05), Kia Rondo (99-06), Kia Spectra (04-09), Mazda 626 (todos), Mazda Miata NA (todos), Mazda Prot\u00e9g\u00e9 (todos), Mazda RX-7 (todos), Mazda RX-8 (todos), Mazda MX-3 (todos), Mazda MX-6 (todos).<\/p>\n<p>&nbsp;<\/p>\n<p><strong>Os produtos NRG Innovations destinam-se apenas ao uso fora da rua.<\/strong><\/p>","protected":false},"featured_media":16417,"comment_status":"open","ping_status":"closed","template":"","meta":{"_acf_changed":false,"rank_math_lock_modified_date":false},"pwb-brand":[611],"product_cat":[2706,664],"product_tag":[3907,3908,3909,3910,3911,3912,3913,3914,3918,3919,3915,3916,3917,623,681,3124],"class_list":{"0":"post-16413","1":"product","2":"type-product","3":"status-publish","4":"has-post-thumbnail","6":"pwb-brand-nrg-innovations","7":"product_cat-pina-short-hub","8":"product_cat-pina-volante","9":"product_tag-hyundai-accent-94-05","10":"product_tag-hyundai-tiburon-96-01","11":"product_tag-kia-optima-10","12":"product_tag-kia-rio-99-05","13":"product_tag-kia-rondo-99-06","14":"product_tag-kia-spectra-04-09","15":"product_tag-mazda-626-todos","16":"product_tag-mazda-miata-na-todos","17":"product_tag-mazda-mx-3-todos","18":"product_tag-mazda-mx-6-todos","19":"product_tag-mazda-protege-todos","20":"product_tag-mazda-rx-7-todos","21":"product_tag-mazda-rx-8-todos","22":"product_tag-nrg-innovations","23":"product_tag-pina-volante","24":"product_tag-srk-160h","26":"first","27":"instock","28":"taxable","29":"shipping-taxable","30":"purchasable","31":"product-type-simple"},"acf":[],"brands":[{"id":611,"name":"NRG Innovations","slug":"nrg-innovations"}],"_links":{"self":[{"href":"https:\/\/karwork.eu\/pt\/wp-json\/wp\/v2\/product\/16413","targetHints":{"allow":["GET"]}}],"collection":[{"href":"https:\/\/karwork.eu\/pt\/wp-json\/wp\/v2\/product"}],"about":[{"href":"https:\/\/karwork.eu\/pt\/wp-json\/wp\/v2\/types\/product"}],"replies":[{"embeddable":true,"href":"https:\/\/karwork.eu\/pt\/wp-json\/wp\/v2\/comments?post=16413"}],"wp:featuredmedia":[{"embeddable":true,"href":"https:\/\/karwork.eu\/pt\/wp-json\/wp\/v2\/media\/16417"}],"wp:attachment":[{"href":"https:\/\/karwork.eu\/pt\/wp-json\/wp\/v2\/media?parent=16413"}],"wp:term":[{"taxonomy":"pwb-brand","embeddable":true,"href":"https:\/\/karwork.eu\/pt\/wp-json\/wp\/v2\/pwb-brand?post=16413"},{"taxonomy":"product_cat","embeddable":true,"href":"https:\/\/karwork.eu\/pt\/wp-json\/wp\/v2\/product_cat?post=16413"},{"taxonomy":"product_tag","embeddable":true,"href":"https:\/\/karwork.eu\/pt\/wp-json\/wp\/v2\/product_tag?post=16413"}],"curies":[{"name":"wp","href":"https:\/\/api.w.org\/{rel}","templated":true}]}}