{"id":16354,"date":"2022-08-08T14:41:25","date_gmt":"2022-08-08T14:41:25","guid":{"rendered":"https:\/\/karwork.eu\/?post_type=product&#038;p=16354"},"modified":"2025-01-26T11:26:10","modified_gmt":"2025-01-26T10:26:10","slug":"pina-volante-srk-131h","status":"publish","type":"product","link":"https:\/\/karwork.eu\/pt\/product\/pina-volante-srk-131h\/","title":{"rendered":"Pi\u00f1a volante &#8211; SRK-131H"},"content":{"rendered":"","protected":false},"excerpt":{"rendered":"<p>Pi\u00f1a volante &#8211; SRK-131H Esta pi\u00f1a fue dise\u00f1ada para ponerlo con Quick Release, con la superficie de montaje m\u00e1s corta posible y al mismo tiempo conserva la capacidad de usar la bocina y las se\u00f1ales de giro aproximadamente el 99% del tiempo. De aluminio anodizado 6061 y patr\u00f3n de pernos de 6&#215;70, que viene con resistencias. En caso de no llevar quick release, puede que sea necesario un separador.<\/p>\n<p>&nbsp;<\/p>\n<p>Pi\u00f1a para;\u00a0 Acura TL | RL (97-08), Acura Integra (03-08), Honda Accord (03-12), Honda Civic (01-11), Honda Fit (01-07), Acura RSX I TSX (todos), Honda CR-V | CR-Z | S2000 (todos).<\/p>\n<p>&nbsp;<\/p>\n<p><strong>Os produtos NRG Innovations destinam-se apenas ao uso fora da rua.<\/strong><\/p>","protected":false},"featured_media":16358,"comment_status":"open","ping_status":"closed","template":"","meta":{"_acf_changed":false,"rank_math_lock_modified_date":false},"pwb-brand":[611],"product_cat":[2706,664],"product_tag":[3874,3878,3873,3875,3876,3879,3877,623,681,3131],"class_list":{"0":"post-16354","1":"product","2":"type-product","3":"status-publish","4":"has-post-thumbnail","6":"pwb-brand-nrg-innovations","7":"product_cat-pina-short-hub","8":"product_cat-pina-volante","9":"product_tag-acura-integra-03-08","10":"product_tag-acura-rsx-i-tsx-todos","11":"product_tag-acura-tl-rl-97-08","12":"product_tag-honda-accord-03-12","13":"product_tag-honda-civic-01-11","14":"product_tag-honda-cr-v-cr-z-s2000-todos","15":"product_tag-honda-fit-01-07","16":"product_tag-nrg-innovations","17":"product_tag-pina-volante","18":"product_tag-srk-131h","20":"first","21":"instock","22":"taxable","23":"shipping-taxable","24":"purchasable","25":"product-type-simple"},"acf":[],"brands":[{"id":611,"name":"NRG Innovations","slug":"nrg-innovations"}],"_links":{"self":[{"href":"https:\/\/karwork.eu\/pt\/wp-json\/wp\/v2\/product\/16354","targetHints":{"allow":["GET"]}}],"collection":[{"href":"https:\/\/karwork.eu\/pt\/wp-json\/wp\/v2\/product"}],"about":[{"href":"https:\/\/karwork.eu\/pt\/wp-json\/wp\/v2\/types\/product"}],"replies":[{"embeddable":true,"href":"https:\/\/karwork.eu\/pt\/wp-json\/wp\/v2\/comments?post=16354"}],"wp:featuredmedia":[{"embeddable":true,"href":"https:\/\/karwork.eu\/pt\/wp-json\/wp\/v2\/media\/16358"}],"wp:attachment":[{"href":"https:\/\/karwork.eu\/pt\/wp-json\/wp\/v2\/media?parent=16354"}],"wp:term":[{"taxonomy":"pwb-brand","embeddable":true,"href":"https:\/\/karwork.eu\/pt\/wp-json\/wp\/v2\/pwb-brand?post=16354"},{"taxonomy":"product_cat","embeddable":true,"href":"https:\/\/karwork.eu\/pt\/wp-json\/wp\/v2\/product_cat?post=16354"},{"taxonomy":"product_tag","embeddable":true,"href":"https:\/\/karwork.eu\/pt\/wp-json\/wp\/v2\/product_tag?post=16354"}],"curies":[{"name":"wp","href":"https:\/\/api.w.org\/{rel}","templated":true}]}}