{"id":16303,"date":"2022-08-08T09:39:17","date_gmt":"2022-08-08T09:39:17","guid":{"rendered":"https:\/\/karwork.eu\/?post_type=product&#038;p=16303"},"modified":"2025-01-26T12:41:35","modified_gmt":"2025-01-26T11:41:35","slug":"pina-volante-srk-120h","status":"publish","type":"product","link":"https:\/\/karwork.eu\/pt\/product\/pina-volante-srk-120h\/","title":{"rendered":"Pi\u00f1a volante &#8211; SRK-120H"},"content":{"rendered":"","protected":false},"excerpt":{"rendered":"<p>Pi\u00f1a volante &#8211; SRK-120H Esta pi\u00f1a fue dise\u00f1ada para ponerlo con Quick Release, con la superficie de montaje m\u00e1s corta posible y al mismo tiempo conserva la capacidad de usar la bocina y las se\u00f1ales de giro aproximadamente el 99% del tiempo. De aluminio anodizado 6061 y patr\u00f3n de pernos de 6&#215;70, que viene con resistencias. En caso de no llevar quick release, puede que sea necesario un separador.<\/p>\n<p>Pi\u00f1a para; Toyota Camry (87-90), Toyota Celica (82-93), Toyota Corolla (84-00), Toyota Cressida (83-92), Toyota 4-Runner (89-96), Toyota Paseo (92-97), Toyota Pickup (87-96), Toyota Land Cruiser (91-96), Toyota MR-2 (90-93), Toyota MR-S (todos), Toyota Supra (93-98), Toyota Tacoma (95-04), Toyota Tercel (90-98), Toyota Yaris (todos).<\/p>\n<p>&nbsp;<\/p>\n<p><strong>Os produtos NRG Innovations destinam-se apenas ao uso fora da rua.<\/strong><\/p>","protected":false},"featured_media":16307,"comment_status":"open","ping_status":"closed","template":"","meta":{"_acf_changed":false,"rank_math_lock_modified_date":false},"pwb-brand":[611],"product_cat":[2706,664],"product_tag":[623,681,3140,3973,3969,3970,3971,3972,3976,3977,3978,3974,3975,3979,3980,3981,3982],"class_list":{"0":"post-16303","1":"product","2":"type-product","3":"status-publish","4":"has-post-thumbnail","6":"pwb-brand-nrg-innovations","7":"product_cat-pina-short-hub","8":"product_cat-pina-volante","9":"product_tag-nrg-innovations","10":"product_tag-pina-volante","11":"product_tag-srk-120h","12":"product_tag-toyota-4-runner-89-96","13":"product_tag-toyota-camry-87-90","14":"product_tag-toyota-celica-82-93","15":"product_tag-toyota-corolla-84-00","16":"product_tag-toyota-cressida-83-92","17":"product_tag-toyota-land-cruiser-91-96","18":"product_tag-toyota-mr-2-90-93","19":"product_tag-toyota-mr-s-todos","20":"product_tag-toyota-paseo-92-97","21":"product_tag-toyota-pickup-87-96","22":"product_tag-toyota-supra-93-98","23":"product_tag-toyota-tacoma-95-04","24":"product_tag-toyota-tercel-90-98","25":"product_tag-toyota-yaris-todos","27":"first","28":"instock","29":"taxable","30":"shipping-taxable","31":"purchasable","32":"product-type-simple"},"acf":[],"brands":[{"id":611,"name":"NRG Innovations","slug":"nrg-innovations"}],"_links":{"self":[{"href":"https:\/\/karwork.eu\/pt\/wp-json\/wp\/v2\/product\/16303","targetHints":{"allow":["GET"]}}],"collection":[{"href":"https:\/\/karwork.eu\/pt\/wp-json\/wp\/v2\/product"}],"about":[{"href":"https:\/\/karwork.eu\/pt\/wp-json\/wp\/v2\/types\/product"}],"replies":[{"embeddable":true,"href":"https:\/\/karwork.eu\/pt\/wp-json\/wp\/v2\/comments?post=16303"}],"wp:featuredmedia":[{"embeddable":true,"href":"https:\/\/karwork.eu\/pt\/wp-json\/wp\/v2\/media\/16307"}],"wp:attachment":[{"href":"https:\/\/karwork.eu\/pt\/wp-json\/wp\/v2\/media?parent=16303"}],"wp:term":[{"taxonomy":"pwb-brand","embeddable":true,"href":"https:\/\/karwork.eu\/pt\/wp-json\/wp\/v2\/pwb-brand?post=16303"},{"taxonomy":"product_cat","embeddable":true,"href":"https:\/\/karwork.eu\/pt\/wp-json\/wp\/v2\/product_cat?post=16303"},{"taxonomy":"product_tag","embeddable":true,"href":"https:\/\/karwork.eu\/pt\/wp-json\/wp\/v2\/product_tag?post=16303"}],"curies":[{"name":"wp","href":"https:\/\/api.w.org\/{rel}","templated":true}]}}