{"id":16301,"date":"2022-08-08T09:30:40","date_gmt":"2022-08-08T09:30:40","guid":{"rendered":"https:\/\/karwork.eu\/?post_type=product&#038;p=16301"},"modified":"2025-01-26T12:40:14","modified_gmt":"2025-01-26T11:40:14","slug":"pina-volante-srk-110h-rd","status":"publish","type":"product","link":"https:\/\/karwork.eu\/pt\/product\/pina-volante-srk-110h-rd\/","title":{"rendered":"Pi\u00f1a volante &#8211; SRK-110H-RD"},"content":{"rendered":"","protected":false},"excerpt":{"rendered":"<p>Pi\u00f1a volante &#8211; SRK-110H-RD &#8211; Esta pi\u00f1a fue dise\u00f1ada para ponerlo con Quick Release, con la superficie de montaje m\u00e1s corta posible y al mismo tiempo conserva la capacidad de usar la bocina y las se\u00f1ales de giro aproximadamente el 99% del tiempo. De aluminio anodizado 6061 y patr\u00f3n de pernos de 6&#215;70, que viene con resistencias. En caso de no llevar quick release, puede que sea necesario un separador.<\/p>\n<p>Pi\u00f1a para; Honda Civic (92-95), Honda del sol (todos), Acura Integra (94-01), Honda Prelude (92-96), Honda Accord (90-93).<\/p>\n<p>&nbsp;<\/p>\n<p><strong>Os produtos NRG Innovations destinam-se apenas ao uso fora da rua.<\/strong><\/p>","protected":false},"featured_media":16296,"comment_status":"open","ping_status":"closed","template":"","meta":{"_acf_changed":false,"rank_math_lock_modified_date":false},"pwb-brand":[611],"product_cat":[2706,664],"product_tag":[3966,3968,3964,3965,3967,623,681,3142],"class_list":{"0":"post-16301","1":"product","2":"type-product","3":"status-publish","4":"has-post-thumbnail","6":"pwb-brand-nrg-innovations","7":"product_cat-pina-short-hub","8":"product_cat-pina-volante","9":"product_tag-acura-integra-94-01","10":"product_tag-honda-accord-90-93","11":"product_tag-honda-civic-92-95","12":"product_tag-honda-del-sol-todos","13":"product_tag-honda-prelude-92-96","14":"product_tag-nrg-innovations","15":"product_tag-pina-volante","16":"product_tag-srk-110h-rd","18":"first","19":"instock","20":"taxable","21":"shipping-taxable","22":"purchasable","23":"product-type-simple"},"acf":[],"brands":[{"id":611,"name":"NRG Innovations","slug":"nrg-innovations"}],"_links":{"self":[{"href":"https:\/\/karwork.eu\/pt\/wp-json\/wp\/v2\/product\/16301","targetHints":{"allow":["GET"]}}],"collection":[{"href":"https:\/\/karwork.eu\/pt\/wp-json\/wp\/v2\/product"}],"about":[{"href":"https:\/\/karwork.eu\/pt\/wp-json\/wp\/v2\/types\/product"}],"replies":[{"embeddable":true,"href":"https:\/\/karwork.eu\/pt\/wp-json\/wp\/v2\/comments?post=16301"}],"wp:featuredmedia":[{"embeddable":true,"href":"https:\/\/karwork.eu\/pt\/wp-json\/wp\/v2\/media\/16296"}],"wp:attachment":[{"href":"https:\/\/karwork.eu\/pt\/wp-json\/wp\/v2\/media?parent=16301"}],"wp:term":[{"taxonomy":"pwb-brand","embeddable":true,"href":"https:\/\/karwork.eu\/pt\/wp-json\/wp\/v2\/pwb-brand?post=16301"},{"taxonomy":"product_cat","embeddable":true,"href":"https:\/\/karwork.eu\/pt\/wp-json\/wp\/v2\/product_cat?post=16301"},{"taxonomy":"product_tag","embeddable":true,"href":"https:\/\/karwork.eu\/pt\/wp-json\/wp\/v2\/product_tag?post=16301"}],"curies":[{"name":"wp","href":"https:\/\/api.w.org\/{rel}","templated":true}]}}