{"id":16258,"date":"2022-08-08T08:18:22","date_gmt":"2022-08-08T08:18:22","guid":{"rendered":"https:\/\/karwork.eu\/?post_type=product&#038;p=16258"},"modified":"2025-01-26T12:33:20","modified_gmt":"2025-01-26T11:33:20","slug":"pina-volante-2","status":"publish","type":"product","link":"https:\/\/karwork.eu\/pt\/product\/pina-volante-2\/","title":{"rendered":"Pi\u00f1a volante &#8211; SRK-100H"},"content":{"rendered":"","protected":false},"excerpt":{"rendered":"<p>Pi\u00f1a volante &#8211; SRK-100H Esta pi\u00f1a fue dise\u00f1ada para ponerlo con Quick Release, con la superficie de montaje m\u00e1s corta posible y al mismo tiempo conserva la capacidad de usar la bocina y las se\u00f1ales de giro aproximadamente el 99% del tiempo. De aluminio anodizado 6061 y patr\u00f3n de pernos de 6&#215;70, que viene con resistencias. En caso de no llevar quick release, puede que sea necesario un separador.<\/p>\n<p>Pi\u00f1a para; Eagle Talon (90-98), Mitsubishi Galant (86-98), Mitsubishi Lancer excepto Ralliart(88-04), Mitsubishi Mirage (91+), Mitsubishi Montero (91+), Mitsubishi Pickup (todos), Tredia, Cordia y Starion (todos), Mitsubishi Van (todos), Plymouth Laser (90-94), Subaru Legacy (89-09), Subaru Impreza WRX STI (99-07),<\/p>\n<p>&nbsp;<\/p>\n<p><strong>Os produtos NRG Innovations destinam-se apenas ao uso fora da rua.<\/strong><\/p>","protected":false},"featured_media":16259,"comment_status":"open","ping_status":"closed","template":"","meta":{"_acf_changed":false,"rank_math_lock_modified_date":false},"pwb-brand":[611],"product_cat":[2706,664],"product_tag":[3947,3940,3941,3942,3943,3944,3945,3948,623,681,3949,3951,3950,3946],"class_list":{"0":"post-16258","1":"product","2":"type-product","3":"status-publish","4":"has-post-thumbnail","6":"pwb-brand-nrg-innovations","7":"product_cat-pina-short-hub","8":"product_cat-pina-volante","9":"product_tag-cordia-y-starion-todos","10":"product_tag-eagle-talon-90-98","11":"product_tag-mitsubishi-galant-86-98","12":"product_tag-mitsubishi-lancer-excepto-ralliart88-04","13":"product_tag-mitsubishi-mirage-91","14":"product_tag-mitsubishi-montero-91","15":"product_tag-mitsubishi-pickup-todos","16":"product_tag-mitsubishi-van-todos","17":"product_tag-nrg-innovations","18":"product_tag-pina-volante","19":"product_tag-plymouth-laser-90-94","20":"product_tag-subaru-impreza-wrx-sti-99-07","21":"product_tag-subaru-legacy-89-09","22":"product_tag-tredia","24":"first","25":"instock","26":"taxable","27":"shipping-taxable","28":"purchasable","29":"product-type-simple"},"acf":[],"brands":[{"id":611,"name":"NRG Innovations","slug":"nrg-innovations"}],"_links":{"self":[{"href":"https:\/\/karwork.eu\/pt\/wp-json\/wp\/v2\/product\/16258","targetHints":{"allow":["GET"]}}],"collection":[{"href":"https:\/\/karwork.eu\/pt\/wp-json\/wp\/v2\/product"}],"about":[{"href":"https:\/\/karwork.eu\/pt\/wp-json\/wp\/v2\/types\/product"}],"replies":[{"embeddable":true,"href":"https:\/\/karwork.eu\/pt\/wp-json\/wp\/v2\/comments?post=16258"}],"wp:featuredmedia":[{"embeddable":true,"href":"https:\/\/karwork.eu\/pt\/wp-json\/wp\/v2\/media\/16259"}],"wp:attachment":[{"href":"https:\/\/karwork.eu\/pt\/wp-json\/wp\/v2\/media?parent=16258"}],"wp:term":[{"taxonomy":"pwb-brand","embeddable":true,"href":"https:\/\/karwork.eu\/pt\/wp-json\/wp\/v2\/pwb-brand?post=16258"},{"taxonomy":"product_cat","embeddable":true,"href":"https:\/\/karwork.eu\/pt\/wp-json\/wp\/v2\/product_cat?post=16258"},{"taxonomy":"product_tag","embeddable":true,"href":"https:\/\/karwork.eu\/pt\/wp-json\/wp\/v2\/product_tag?post=16258"}],"curies":[{"name":"wp","href":"https:\/\/api.w.org\/{rel}","templated":true}]}}