{"id":16206,"date":"2022-07-26T20:32:44","date_gmt":"2022-07-26T20:32:44","guid":{"rendered":"https:\/\/karwork.eu\/?post_type=product&#038;p=16206"},"modified":"2023-12-16T16:45:19","modified_gmt":"2023-12-16T16:45:19","slug":"bucket-fibra-carbono-2","status":"publish","type":"product","link":"https:\/\/karwork.eu\/pt\/product\/bucket-fibra-carbono-2\/","title":{"rendered":"Balde de fibra de carbono"},"content":{"rendered":"","protected":false},"excerpt":{"rendered":"<p>Balde com acabamento em fibra de carbono. Nosso primeiro assento de corrida extraprofundo, com remendos de couro nas \u00e1reas comuns de atrito para evitar desgaste prematuro. O RSC-300 ostenta uma camada extra de FRP para maior rigidez, ao mesmo tempo que apresenta conforto e estilo semelhantes a alguns dos assentos mais caros da categoria. Esses assentos s\u00e3o projetados para ter uma boa apar\u00eancia, proporcionar uma boa sensa\u00e7\u00e3o e um desempenho excepcionalmente bom em seu ve\u00edculo. Tamanho M e L. Dispon\u00edvel mediante consulta.<\/p>\n<p>&nbsp;<\/p>\n<p><strong>Os produtos NRG Innovations destinam-se apenas ao uso fora da rua.<\/strong><\/p>","protected":false},"featured_media":16202,"comment_status":"open","ping_status":"closed","template":"","meta":{"_acf_changed":false,"rank_math_lock_modified_date":false},"pwb-brand":[611],"product_cat":[2232],"product_tag":[683,623],"class_list":{"0":"post-16206","1":"product","2":"type-product","3":"status-publish","4":"has-post-thumbnail","6":"pwb-brand-nrg-innovations","7":"product_cat-carbono","8":"product_tag-buckets","9":"product_tag-nrg-innovations","10":"product_shipping_class-pesados","12":"first","13":"instock","14":"taxable","15":"shipping-taxable","16":"purchasable","17":"product-type-variable"},"acf":[],"brands":[{"id":611,"name":"NRG Innovations","slug":"nrg-innovations"}],"_links":{"self":[{"href":"https:\/\/karwork.eu\/pt\/wp-json\/wp\/v2\/product\/16206","targetHints":{"allow":["GET"]}}],"collection":[{"href":"https:\/\/karwork.eu\/pt\/wp-json\/wp\/v2\/product"}],"about":[{"href":"https:\/\/karwork.eu\/pt\/wp-json\/wp\/v2\/types\/product"}],"replies":[{"embeddable":true,"href":"https:\/\/karwork.eu\/pt\/wp-json\/wp\/v2\/comments?post=16206"}],"wp:featuredmedia":[{"embeddable":true,"href":"https:\/\/karwork.eu\/pt\/wp-json\/wp\/v2\/media\/16202"}],"wp:attachment":[{"href":"https:\/\/karwork.eu\/pt\/wp-json\/wp\/v2\/media?parent=16206"}],"wp:term":[{"taxonomy":"pwb-brand","embeddable":true,"href":"https:\/\/karwork.eu\/pt\/wp-json\/wp\/v2\/pwb-brand?post=16206"},{"taxonomy":"product_cat","embeddable":true,"href":"https:\/\/karwork.eu\/pt\/wp-json\/wp\/v2\/product_cat?post=16206"},{"taxonomy":"product_tag","embeddable":true,"href":"https:\/\/karwork.eu\/pt\/wp-json\/wp\/v2\/product_tag?post=16206"}],"curies":[{"name":"wp","href":"https:\/\/api.w.org\/{rel}","templated":true}]}}