{"id":16179,"date":"2022-07-24T17:18:02","date_gmt":"2022-07-24T17:18:02","guid":{"rendered":"https:\/\/karwork.eu\/?post_type=product&#038;p=16179"},"modified":"2023-12-16T16:45:20","modified_gmt":"2023-12-16T16:45:20","slug":"bucket-fibra-carbono","status":"publish","type":"product","link":"https:\/\/karwork.eu\/pt\/product\/bucket-fibra-carbono\/","title":{"rendered":"Balde de fibra de carbono"},"content":{"rendered":"","protected":false},"excerpt":{"rendered":"<p>Bucket con acabado de Fibra de carbono. Nuestro primer asiento de carrera extra profundo, con parches de cuero en las \u00e1reas de roce habituales para evitar el desgaste prematuro. \u00a0El RSC-311 luce una capa extra de FRP para mayor rigidez, al tiempo que presenta una comodidad y un estilo similares a los de algunos de los asientos m\u00e1s caros de la categor\u00eda.\u00a0Estos asientos est\u00e1n dise\u00f1ados para verse bien, sentirse bien y funcionar excepcionalmente en su veh\u00edculo. Talla M. Disponible bajo pedido.<\/p>\n<p>&nbsp;<\/p>\n<p><strong>Os produtos NRG Innovations destinam-se apenas ao uso fora da rua.<\/strong><\/p>","protected":false},"featured_media":16180,"comment_status":"open","ping_status":"closed","template":"","meta":{"_acf_changed":false,"rank_math_lock_modified_date":false},"pwb-brand":[611],"product_cat":[2232],"product_tag":[683,623],"class_list":{"0":"post-16179","1":"product","2":"type-product","3":"status-publish","4":"has-post-thumbnail","6":"pwb-brand-nrg-innovations","7":"product_cat-carbono","8":"product_tag-buckets","9":"product_tag-nrg-innovations","10":"product_shipping_class-pesados","12":"first","13":"instock","14":"taxable","15":"shipping-taxable","16":"purchasable","17":"product-type-simple"},"acf":[],"brands":[{"id":611,"name":"NRG Innovations","slug":"nrg-innovations"}],"_links":{"self":[{"href":"https:\/\/karwork.eu\/pt\/wp-json\/wp\/v2\/product\/16179","targetHints":{"allow":["GET"]}}],"collection":[{"href":"https:\/\/karwork.eu\/pt\/wp-json\/wp\/v2\/product"}],"about":[{"href":"https:\/\/karwork.eu\/pt\/wp-json\/wp\/v2\/types\/product"}],"replies":[{"embeddable":true,"href":"https:\/\/karwork.eu\/pt\/wp-json\/wp\/v2\/comments?post=16179"}],"wp:featuredmedia":[{"embeddable":true,"href":"https:\/\/karwork.eu\/pt\/wp-json\/wp\/v2\/media\/16180"}],"wp:attachment":[{"href":"https:\/\/karwork.eu\/pt\/wp-json\/wp\/v2\/media?parent=16179"}],"wp:term":[{"taxonomy":"pwb-brand","embeddable":true,"href":"https:\/\/karwork.eu\/pt\/wp-json\/wp\/v2\/pwb-brand?post=16179"},{"taxonomy":"product_cat","embeddable":true,"href":"https:\/\/karwork.eu\/pt\/wp-json\/wp\/v2\/product_cat?post=16179"},{"taxonomy":"product_tag","embeddable":true,"href":"https:\/\/karwork.eu\/pt\/wp-json\/wp\/v2\/product_tag?post=16179"}],"curies":[{"name":"wp","href":"https:\/\/api.w.org\/{rel}","templated":true}]}}