{"id":16146,"date":"2022-07-24T16:38:29","date_gmt":"2022-07-24T16:38:29","guid":{"rendered":"https:\/\/karwork.eu\/?post_type=product&#038;p=16146"},"modified":"2024-04-27T16:36:58","modified_gmt":"2024-04-27T16:36:58","slug":"bucket-deportivo-sim","status":"publish","type":"product","link":"https:\/\/karwork.eu\/pt\/product\/bucket-deportivo-sim\/","title":{"rendered":"Balde esportivo Sim"},"content":{"rendered":"","protected":false},"excerpt":{"rendered":"<p>El bucket deportivos Sim tienen una capa adicional de FRP para mayor rigidez, al tiempo que ofrecen una comodidad y un estilo similares a los de algunos de los asientos m\u00e1s caros de la categor\u00eda. Estos buckets est\u00e1n destinados a verse bien, sentirse bien y funcionar excepcionalmente. Soporte de montaje lateral azul incluido. Acabado trasero de fibra de vidrio blanco. Talla L. Disponible bajo pedido.<\/p>\n<p>&nbsp;<\/p>\n<p><strong>Os produtos NRG Innovations destinam-se apenas ao uso fora da rua.<\/strong><\/p>","protected":false},"featured_media":16151,"comment_status":"open","ping_status":"closed","template":"","meta":{"_acf_changed":false,"rank_math_lock_modified_date":false},"pwb-brand":[611],"product_cat":[3614],"product_tag":[2305,683,623,2304,2306],"class_list":{"0":"post-16146","1":"product","2":"type-product","3":"status-publish","4":"has-post-thumbnail","6":"pwb-brand-nrg-innovations","7":"product_cat-buckets","8":"product_tag-asiento","9":"product_tag-buckets","10":"product_tag-nrg-innovations","11":"product_tag-sim-racing","12":"product_tag-simulador","14":"first","15":"instock","16":"taxable","17":"shipping-taxable","18":"purchasable","19":"product-type-simple"},"acf":[],"brands":[{"id":611,"name":"NRG Innovations","slug":"nrg-innovations"}],"_links":{"self":[{"href":"https:\/\/karwork.eu\/pt\/wp-json\/wp\/v2\/product\/16146","targetHints":{"allow":["GET"]}}],"collection":[{"href":"https:\/\/karwork.eu\/pt\/wp-json\/wp\/v2\/product"}],"about":[{"href":"https:\/\/karwork.eu\/pt\/wp-json\/wp\/v2\/types\/product"}],"replies":[{"embeddable":true,"href":"https:\/\/karwork.eu\/pt\/wp-json\/wp\/v2\/comments?post=16146"}],"wp:featuredmedia":[{"embeddable":true,"href":"https:\/\/karwork.eu\/pt\/wp-json\/wp\/v2\/media\/16151"}],"wp:attachment":[{"href":"https:\/\/karwork.eu\/pt\/wp-json\/wp\/v2\/media?parent=16146"}],"wp:term":[{"taxonomy":"pwb-brand","embeddable":true,"href":"https:\/\/karwork.eu\/pt\/wp-json\/wp\/v2\/pwb-brand?post=16146"},{"taxonomy":"product_cat","embeddable":true,"href":"https:\/\/karwork.eu\/pt\/wp-json\/wp\/v2\/product_cat?post=16146"},{"taxonomy":"product_tag","embeddable":true,"href":"https:\/\/karwork.eu\/pt\/wp-json\/wp\/v2\/product_tag?post=16146"}],"curies":[{"name":"wp","href":"https:\/\/api.w.org\/{rel}","templated":true}]}}