{"id":16125,"date":"2022-07-24T15:56:58","date_gmt":"2022-07-24T15:56:58","guid":{"rendered":"https:\/\/karwork.eu\/?post_type=product&#038;p=16125"},"modified":"2023-12-16T16:55:49","modified_gmt":"2023-12-16T16:55:49","slug":"bucket-fia-competition-full-carbon","status":"publish","type":"product","link":"https:\/\/karwork.eu\/pt\/product\/bucket-fia-competition-full-carbon\/","title":{"rendered":"Balde FIA Competition Full Carbon"},"content":{"rendered":"","protected":false},"excerpt":{"rendered":"<p>Bucket<strong><span> Aprobado por la FIA 8855-1999<\/span><\/strong><span>\u00a0.\u00a0Con coj\u00edn extra\u00edble, todas las piezas se pueden personalizar para adaptarse a su tama\u00f1o. Ya sea que est\u00e9 en el carretera o fuera de la ruta, es esencial usar un equipo de seguridad adecuado. El bucket completamente de carbono lo mantiene apretado en \u00e9l y proporciona posturas beneficiosos para el conductor. Talla M.<\/span>\u00a0Disponible bajo pedido.<\/p>\n<p>&nbsp;<\/p>\n<p><strong>Os produtos NRG Innovations destinam-se apenas ao uso fora da rua.<\/strong><\/p>","protected":false},"featured_media":16132,"comment_status":"open","ping_status":"closed","template":"","meta":{"_acf_changed":false,"rank_math_lock_modified_date":false},"pwb-brand":[611],"product_cat":[2315],"product_tag":[683,623],"class_list":{"0":"post-16125","1":"product","2":"type-product","3":"status-publish","4":"has-post-thumbnail","6":"pwb-brand-nrg-innovations","7":"product_cat-fia-asientos","8":"product_tag-buckets","9":"product_tag-nrg-innovations","10":"product_shipping_class-pesados","12":"first","13":"instock","14":"taxable","15":"shipping-taxable","16":"purchasable","17":"product-type-simple"},"acf":[],"brands":[{"id":611,"name":"NRG Innovations","slug":"nrg-innovations"}],"_links":{"self":[{"href":"https:\/\/karwork.eu\/pt\/wp-json\/wp\/v2\/product\/16125","targetHints":{"allow":["GET"]}}],"collection":[{"href":"https:\/\/karwork.eu\/pt\/wp-json\/wp\/v2\/product"}],"about":[{"href":"https:\/\/karwork.eu\/pt\/wp-json\/wp\/v2\/types\/product"}],"replies":[{"embeddable":true,"href":"https:\/\/karwork.eu\/pt\/wp-json\/wp\/v2\/comments?post=16125"}],"wp:featuredmedia":[{"embeddable":true,"href":"https:\/\/karwork.eu\/pt\/wp-json\/wp\/v2\/media\/16132"}],"wp:attachment":[{"href":"https:\/\/karwork.eu\/pt\/wp-json\/wp\/v2\/media?parent=16125"}],"wp:term":[{"taxonomy":"pwb-brand","embeddable":true,"href":"https:\/\/karwork.eu\/pt\/wp-json\/wp\/v2\/pwb-brand?post=16125"},{"taxonomy":"product_cat","embeddable":true,"href":"https:\/\/karwork.eu\/pt\/wp-json\/wp\/v2\/product_cat?post=16125"},{"taxonomy":"product_tag","embeddable":true,"href":"https:\/\/karwork.eu\/pt\/wp-json\/wp\/v2\/product_tag?post=16125"}],"curies":[{"name":"wp","href":"https:\/\/api.w.org\/{rel}","templated":true}]}}